{"id":37,"date":"2021-11-16T17:23:01","date_gmt":"2021-11-16T17:23:01","guid":{"rendered":"https:\/\/dev.optiphi.at\/?page_id=37"},"modified":"2023-10-10T13:24:44","modified_gmt":"2023-10-10T13:24:44","slug":"home","status":"publish","type":"page","link":"https:\/\/dev.optiphi.at\/","title":{"rendered":"Home"},"content":{"rendered":"<p>[et_pb_section fb_built=&#8220;1&#8243; _builder_version=&#8220;4.13.1&#8243; _module_preset=&#8220;default&#8220; custom_margin=&#8220;0px|0px|0px|0px|false|false&#8220; custom_padding=&#8220;0px|0px|30px|0px|false|false&#8220; global_colors_info=&#8220;{}&#8220;][et_pb_row _builder_version=&#8220;4.13.1&#8243; _module_preset=&#8220;default&#8220; width=&#8220;100%&#8220; custom_margin=&#8220;0px||||false|false&#8220; custom_padding=&#8220;0px||||false|false&#8220; global_colors_info=&#8220;{}&#8220;][et_pb_column type=&#8220;4_4&#8243; _builder_version=&#8220;4.13.1&#8243; _module_preset=&#8220;default&#8220; global_colors_info=&#8220;{}&#8220;][et_pb_image src=&#8220;https:\/\/dev.optiphi.at\/wp-content\/uploads\/2023\/09\/Introbild-Optiphi_1.jpg&#8220; alt=&#8220;Range Optiphi Produkte&#8220; title_text=&#8220;Introbild-Optiphi_1&#8243; _builder_version=&#8220;4.13.1&#8243; _module_preset=&#8220;default&#8220; global_colors_info=&#8220;{}&#8220;][\/et_pb_image][\/et_pb_column][\/et_pb_row][et_pb_row _builder_version=&#8220;4.13.1&#8243; _module_preset=&#8220;default&#8220; width=&#8220;100%&#8220; custom_margin=&#8220;|0px||0px|true|true&#8220; custom_padding=&#8220;0px|0px|0px|0px|true|true&#8220; global_colors_info=&#8220;{}&#8220;][et_pb_column type=&#8220;4_4&#8243; _builder_version=&#8220;4.13.1&#8243; _module_preset=&#8220;default&#8220; global_colors_info=&#8220;{}&#8220;][et_pb_image src=&#8220;https:\/\/dev.optiphi.at\/wp-content\/uploads\/2022\/07\/Introbild_Hautpflege1.jpg&#8220; alt=&#8220;Optiphi Hautpflege Anwendung&#8220; title_text=&#8220;Optiphi Hautpflege Anwendung&#8220; _builder_version=&#8220;4.13.1&#8243; _module_preset=&#8220;default&#8220; width=&#8220;100%&#8220; max_width=&#8220;1920px&#8220; max_height=&#8220;630px&#8220; global_colors_info=&#8220;{}&#8220;][\/et_pb_image][\/et_pb_column][\/et_pb_row][et_pb_row column_structure=&#8220;2_5,3_5&#8243; _builder_version=&#8220;4.13.1&#8243; _module_preset=&#8220;default&#8220; custom_padding=&#8220;0px|0px|0px|0px|true|true&#8220; global_colors_info=&#8220;{}&#8220;][et_pb_column type=&#8220;2_5&#8243; _builder_version=&#8220;4.13.1&#8243; _module_preset=&#8220;default&#8220; global_colors_info=&#8220;{}&#8220;][et_pb_image src=&#8220;https:\/\/dev.optiphi.at\/wp-content\/uploads\/2022\/07\/Top_Produkt.jpg&#8220; alt=&#8220;Optiphi Intense HA Seru&#8220; title_text=&#8220;Optiphi Intense HA Seru&#8220; _builder_version=&#8220;4.13.1&#8243; _module_preset=&#8220;default&#8220; global_colors_info=&#8220;{}&#8220;][\/et_pb_image][\/et_pb_column][et_pb_column type=&#8220;3_5&#8243; _builder_version=&#8220;4.13.1&#8243; _module_preset=&#8220;default&#8220; global_colors_info=&#8220;{}&#8220;][et_pb_text _builder_version=&#8220;4.13.1&#8243; _module_preset=&#8220;default&#8220; header_2_font=&#8220;Barlow||||||||&#8220; header_2_text_color=&#8220;#700f16&#8243; header_3_font=&#8220;Barlow||||||||&#8220; header_3_text_color=&#8220;#505450&#8243; header_3_font_size=&#8220;18px&#8220; header_4_font=&#8220;Barlow||||||||&#8220; header_4_text_color=&#8220;#505450&#8243; header_4_font_size=&#8220;14px&#8220; custom_margin=&#8220;80px||||false|false&#8220; custom_margin_tablet=&#8220;80px||||false|false&#8220; custom_margin_phone=&#8220;0px||||false|false&#8220; custom_margin_last_edited=&#8220;on|phone&#8220; global_colors_info=&#8220;{}&#8220;]<\/p>\n<h2 class=\"p1\" style=\"text-align: center\"><span class=\"s1\">Intense HA Serum DSwp<\/span><\/h2>\n<h3 class=\"p2\" style=\"text-align: center\"><span class=\"s2\">Hautstraffer<\/span><\/h3>\n<h4 class=\"p1\" style=\"text-align: center\"><span class=\"s1\">Ein Serum, das die Haut wieder auff\u00fcllt, neu <\/span><span class=\"s1\">verdichtet und intensiv befeuchtet.<\/span><\/h4>\n<p style=\"text-align: center\"><span class=\"s2\">Hyalurons\u00e4uren mit niedrigem und mittlerem Molekulargewicht sorgen nicht nur an der Oberfl\u00e4che, sondern in mehreren Hautschichten f\u00fcr <\/span><span class=\"s2\">\u201eintelligente Feuchtigkeitsversorgung\u201c. <\/span><span class=\"s2\">Imperata Cylindrica-Extrakt dringt tief in die Haut ein und liefert 24 Stunden lang Feuchtigkeit.<\/span><\/p>\n<p style=\"text-align: center\"><span class=\"s2\"><\/span><span class=\"s2\">Der Advanced Hydration Complex macht die Haut weich und st\u00e4rkt gleichzeitig die nat\u00fcrliche Hautbarriere. Eine Kombination aus Vitamin B3, N-Acetylglucosamin-6-Phosphate + Caffeylglucosid reduziert Hautausschl\u00e4ge, st\u00e4rkt die strukturschwache Haut und f\u00f6rdert die Kollagenproduktion. <\/span><\/p>\n<p class=\"p4\" style=\"text-align: center\"><span class=\"s2\"><\/span><\/p>\n<p class=\"p3\" style=\"text-align: center\"><span class=\"s2\">Perfekt f\u00fcr trockene Haut, die zus\u00e4tzliche Feuchtigkeit und N\u00e4hrstoffe ben\u00f6tigt.<\/span><\/p>\n<p>[\/et_pb_text][\/et_pb_column][\/et_pb_row][et_pb_row _builder_version=&#8220;4.13.1&#8243; _module_preset=&#8220;default&#8220; global_colors_info=&#8220;{}&#8220; locked=&#8220;off&#8220;][et_pb_column type=&#8220;4_4&#8243; _builder_version=&#8220;4.13.1&#8243; _module_preset=&#8220;default&#8220; global_colors_info=&#8220;{}&#8220;][wdcl_image_carousel slide_count=&#8220;4&#8243; _builder_version=&#8220;4.13.1&#8243; _module_preset=&#8220;default&#8220; global_colors_info=&#8220;{}&#8220;][wdcl_image_carousel_child photo=&#8220;https:\/\/dev.optiphi.at\/wp-content\/uploads\/2022\/07\/Karussell_ActiveIntensiveSkinCare.jpg&#8220; _builder_version=&#8220;4.13.1&#8243; _dynamic_attributes=&#8220;link_option_url&#8220; _module_preset=&#8220;default&#8220; link_option_url=&#8220;@ET-DC@eyJkeW5hbWljIjp0cnVlLCJjb250ZW50IjoicG9zdF9saW5rX3VybF9wcm9kdWN0Iiwic2V0dGluZ3MiOnsicG9zdF9pZCI6IjYyIn19@&#8220; global_colors_info=&#8220;{}&#8220;][\/wdcl_image_carousel_child][wdcl_image_carousel_child photo=&#8220;https:\/\/dev.optiphi.at\/wp-content\/uploads\/2022\/07\/Karussell_ClassicSkinCare.jpg&#8220; _builder_version=&#8220;4.13.1&#8243; _module_preset=&#8220;default&#8220; global_colors_info=&#8220;{}&#8220;][\/wdcl_image_carousel_child][wdcl_image_carousel_child photo=&#8220;https:\/\/dev.optiphi.at\/wp-content\/uploads\/2022\/07\/Karussell_BodyCurveCare.jpg&#8220; _builder_version=&#8220;4.13.1&#8243; _module_preset=&#8220;default&#8220; global_colors_info=&#8220;{}&#8220;][\/wdcl_image_carousel_child][wdcl_image_carousel_child photo=&#8220;https:\/\/dev.optiphi.at\/wp-content\/uploads\/2022\/07\/Karussell_Suplements.jpg&#8220; _builder_version=&#8220;4.13.1&#8243; _module_preset=&#8220;default&#8220; global_colors_info=&#8220;{}&#8220;][\/wdcl_image_carousel_child][wdcl_image_carousel_child photo=&#8220;https:\/\/dev.optiphi.at\/wp-content\/uploads\/2022\/07\/Karussell_Elements_BabyandKidsCare.jpg&#8220; _builder_version=&#8220;4.13.1&#8243; _dynamic_attributes=&#8220;link_option_url&#8220; _module_preset=&#8220;default&#8220; link_option_url=&#8220;@ET-DC@eyJkeW5hbWljIjp0cnVlLCJjb250ZW50IjoicG9zdF9saW5rX3VybF9wcm9kdWN0Iiwic2V0dGluZ3MiOnsicG9zdF9pZCI6IjIxNiJ9fQ==@&#8220; global_colors_info=&#8220;{}&#8220;][\/wdcl_image_carousel_child][\/wdcl_image_carousel][\/et_pb_column][\/et_pb_row][\/et_pb_section]<\/p>\n","protected":false},"excerpt":{"rendered":"<p>Intense HA Serum DSwp Hautstraffer Ein Serum, das die Haut wieder auff\u00fcllt, neu verdichtet und intensiv befeuchtet. Hyalurons\u00e4uren mit niedrigem und mittlerem Molekulargewicht sorgen nicht nur an der Oberfl\u00e4che, sondern in mehreren Hautschichten f\u00fcr \u201eintelligente Feuchtigkeitsversorgung\u201c. Imperata Cylindrica-Extrakt dringt tief in die Haut ein und liefert 24 Stunden lang Feuchtigkeit. Der Advanced Hydration Complex macht [&hellip;]<\/p>\n","protected":false},"author":1,"featured_media":0,"parent":0,"menu_order":0,"comment_status":"closed","ping_status":"closed","template":"","meta":{"_et_pb_use_builder":"on","_et_pb_old_content":"","_et_gb_content_width":"","inline_featured_image":false,"footnotes":""},"class_list":["post-37","page","type-page","status-publish","hentry"],"_links":{"self":[{"href":"https:\/\/dev.optiphi.at\/index.php?rest_route=\/wp\/v2\/pages\/37","targetHints":{"allow":["GET"]}}],"collection":[{"href":"https:\/\/dev.optiphi.at\/index.php?rest_route=\/wp\/v2\/pages"}],"about":[{"href":"https:\/\/dev.optiphi.at\/index.php?rest_route=\/wp\/v2\/types\/page"}],"author":[{"embeddable":true,"href":"https:\/\/dev.optiphi.at\/index.php?rest_route=\/wp\/v2\/users\/1"}],"replies":[{"embeddable":true,"href":"https:\/\/dev.optiphi.at\/index.php?rest_route=%2Fwp%2Fv2%2Fcomments&post=37"}],"version-history":[{"count":13,"href":"https:\/\/dev.optiphi.at\/index.php?rest_route=\/wp\/v2\/pages\/37\/revisions"}],"predecessor-version":[{"id":312,"href":"https:\/\/dev.optiphi.at\/index.php?rest_route=\/wp\/v2\/pages\/37\/revisions\/312"}],"wp:attachment":[{"href":"https:\/\/dev.optiphi.at\/index.php?rest_route=%2Fwp%2Fv2%2Fmedia&parent=37"}],"curies":[{"name":"wp","href":"https:\/\/api.w.org\/{rel}","templated":true}]}}