{"id":103,"date":"2022-07-07T07:04:47","date_gmt":"2022-07-07T07:04:47","guid":{"rendered":"https:\/\/dev.optiphi.at\/?post_type=product&#038;p=103"},"modified":"2022-09-09T20:23:27","modified_gmt":"2022-09-09T20:23:27","slug":"dermintense-active-gel","status":"publish","type":"product","link":"https:\/\/dev.optiphi.at\/?product=dermintense-active-gel","title":{"rendered":"Dermintense Active Gel"},"content":{"rendered":"<p>[et_pb_section fb_built=&#8220;1&#8243; _builder_version=&#8220;3.22&#8243; custom_padding=&#8220;0px||||false|false&#8220; global_colors_info=&#8220;{}&#8220;][et_pb_row _builder_version=&#8220;4.13.1&#8243; background_size=&#8220;initial&#8220; background_position=&#8220;top_left&#8220; background_repeat=&#8220;repeat&#8220; custom_padding=&#8220;0px||0px||false|false&#8220; global_colors_info=&#8220;{}&#8220;][et_pb_column type=&#8220;4_4&#8243; _builder_version=&#8220;3.25&#8243; custom_padding=&#8220;|||&#8220; global_colors_info=&#8220;{}&#8220; custom_padding__hover=&#8220;|||&#8220;][et_pb_wc_breadcrumb _builder_version=&#8220;3.0.47&#8243; global_colors_info=&#8220;{}&#8220;][\/et_pb_wc_breadcrumb][et_pb_wc_cart_notice _builder_version=&#8220;3.0.47&#8243; global_colors_info=&#8220;{}&#8220;][\/et_pb_wc_cart_notice][\/et_pb_column][\/et_pb_row][et_pb_row column_structure=&#8220;1_2,1_2&#8243; _builder_version=&#8220;4.13.1&#8243; background_size=&#8220;initial&#8220; background_position=&#8220;top_left&#8220; background_repeat=&#8220;repeat&#8220; custom_padding=&#8220;0px||||false|false&#8220; global_colors_info=&#8220;{}&#8220;][et_pb_column type=&#8220;1_2&#8243; _builder_version=&#8220;3.25&#8243; custom_padding=&#8220;|||&#8220; global_colors_info=&#8220;{}&#8220; custom_padding__hover=&#8220;|||&#8220;][et_pb_wc_images _builder_version=&#8220;3.0.47&#8243; global_colors_info=&#8220;{}&#8220;][\/et_pb_wc_images][\/et_pb_column][et_pb_column type=&#8220;1_2&#8243; _builder_version=&#8220;3.25&#8243; custom_padding=&#8220;|||&#8220; global_colors_info=&#8220;{}&#8220; custom_padding__hover=&#8220;|||&#8220;][et_pb_wc_title _builder_version=&#8220;4.13.1&#8243; header_font=&#8220;||||||||&#8220; global_colors_info=&#8220;{}&#8220;][\/et_pb_wc_title][et_pb_wc_description _builder_version=&#8220;4.13.1&#8243; global_colors_info=&#8220;{}&#8220;][\/et_pb_wc_description][et_pb_accordion admin_label=&#8220;Akkordeon&#8220; module_class=&#8220;pulchris_accordion&#8220; _builder_version=&#8220;4.13.1&#8243; _module_preset=&#8220;default&#8220; custom_margin=&#8220;|||20px|false|false&#8220; custom_css_toggle_icon=&#8220;content: &#8218;3&#8216;;&#8220; global_colors_info=&#8220;{}&#8220;][et_pb_accordion_item title=&#8220;Wissenswertes zur Produktwirkung &#8220; open=&#8220;on&#8220; _builder_version=&#8220;4.13.1&#8243; _module_preset=&#8220;default&#8220; global_colors_info=&#8220;{}&#8220;][\/et_pb_accordion_item][et_pb_accordion_item title=&#8220;Welche Aggressoren sind f\u00fcr Entz\u00fcndungen verantwortlich?&#8220; _builder_version=&#8220;4.13.1&#8243; _module_preset=&#8220;default&#8220; global_colors_info=&#8220;{}&#8220; open=&#8220;off&#8220;]Freie Radikale oxidieren mit anderen zytopasmatischen Komponenten und verursachen Zellsch\u00e4den<\/p>\n<p>Arachidons\u00e4ure bildet sich in der Zellmembran<\/p>\n<p>Prostalglandine bilden sich im Hautgewebe z.b. durch lange UV Bestrahlung. Es entstehen R\u00f6tungen und Schwellungen<\/p>\n<p>Proteolytische Enzyme werden w\u00e4hrend der Wundheilung produziert. Eine \u00dcberaktivit\u00e4t kann zum Abbau von Kollagen, Elastin und Hyalurons\u00e4ure f\u00fchren. Eine vorzeitige Hautalterung setzt ein.<\/p>\n<p>Prostalglandine und Leukotrine sind f\u00fcr die Induktion einer postinflamatorischen Hyperpigmentierung der Haut verantwortlich.<br \/>\n[\/et_pb_accordion_item][et_pb_accordion_item title=&#8220;Was sind die 7 sichtbaren Zeichen der Hautalterung?&#8220; _builder_version=&#8220;4.13.1&#8243; _module_preset=&#8220;default&#8220; global_colors_info=&#8220;{}&#8220; open=&#8220;off&#8220;]<\/p>\n<p class=\"p1\"><span class=\"s1\">1 Raue, trockene Haut<br \/><\/span><span class=\"s1\">2 gest\u00f6rte Hautbarrierefunktion<br \/>3 Alters oder Pigmentflecken\u00a0<br \/><\/span><span class=\"s1\">4 schlaffe Haut <br \/>5 Falten <br \/>6 vergr\u00f6\u00dferte Poren<br \/>7 R\u00f6tungen und Entz\u00fcndungen <\/span><\/p>\n<p>[\/et_pb_accordion_item][et_pb_accordion_item title=&#8220;Wichtige Wirkstoffe:&#8220; _builder_version=&#8220;4.13.1&#8243; _module_preset=&#8220;default&#8220; global_colors_info=&#8220;{}&#8220; open=&#8220;off&#8220;]<\/p>\n<p class=\"p1\"><span class=\"s1\"><strong>Oligopeptid<br \/><\/strong>\u2013 Sch\u00fctzt und repariert Kollagen<\/span><\/p>\n<p class=\"p1\"><span class=\"s1\"><strong>Teprenone (Hautschutzengel)<br \/><\/strong>\u2013 Verbessert und verz\u00f6gert die 7 Zeichen der Hautalterung<\/span><\/p>\n<p class=\"p1\"><span class=\"s1\"><strong>Thermus-Thermophillus-Ferment<\/strong><br \/>\u2013 Sch\u00fctzt die nat\u00fcrlichen antioxidativen und selbstsch\u00fctzenden Mechanismen der Haut. <span class=\"Apple-converted-space\">\u00a0 \u00a0 \u00a0 \u00a0 \u00a0 <\/span>Sch\u00fctzt die Zellen vor UV-Sch\u00e4den.<\/span><\/p>\n<p class=\"p1\"><span class=\"s1\"><strong>Peptid-4<br \/><\/strong>\u2013 Stimuliert die Synthese von Matrixproteinen. Verbessert die Synthese von Kollagen und Glykosaminoglykanen<\/span><\/p>\n<p class=\"p1\"><span class=\"s1\"><strong>Bakuchiol Bioretinol oder Pflanzenretinol\u00a0<\/strong>(nat\u00fcrliche alternative zu Retinol)<br \/>\u2013 Stimuliert die gleichen Genexpressionen wie Retinol, ohne Retinoirritation. Verst\u00e4rkt die Kollagene I, III &amp; IV, starke Anti-Falten-Wirkung. Verbessert die Pigmentierung.<br \/>\u2013 Sch\u00fctzt die mitochondrialen Funktionen vor oxidativem Stress. Herunterregulieren von pro-inflammatorischen Genen und Enzymen.<\/span><\/p>\n<p>[\/et_pb_accordion_item][\/et_pb_accordion][et_pb_wc_price _builder_version=&#8220;4.13.1&#8243; body_text_color=&#8220;#666666&#8243; global_colors_info=&#8220;{}&#8220;][\/et_pb_wc_price][et_pb_wc_add_to_cart _builder_version=&#8220;3.0.47&#8243; global_colors_info=&#8220;{}&#8220;][\/et_pb_wc_add_to_cart][et_pb_text _builder_version=&#8220;4.13.1&#8243; _module_preset=&#8220;default&#8220; global_colors_info=&#8220;{}&#8220;]<\/p>\n<p class=\"p1\"><span class=\"s1\">Dieses Produkt ist frei von Parabenen, Wachstumsfaktoren, Seifen, Nanopartikeln, Konservierungs- und Duftstoffen. Es wurde ohne Tierversuche entwickelt, ist vegan und pH-hautneutral.<\/span><\/p>\n<p>[\/et_pb_text][\/et_pb_column][\/et_pb_row][et_pb_row _builder_version=&#8220;4.13.1&#8243; background_size=&#8220;initial&#8220; background_position=&#8220;top_left&#8220; background_repeat=&#8220;repeat&#8220; global_colors_info=&#8220;{}&#8220;][et_pb_column type=&#8220;4_4&#8243; _builder_version=&#8220;3.25&#8243; custom_padding=&#8220;|||&#8220; global_colors_info=&#8220;{}&#8220; custom_padding__hover=&#8220;|||&#8220;][et_pb_wc_tabs _builder_version=&#8220;3.0.47&#8243; global_colors_info=&#8220;{}&#8220;] [\/et_pb_wc_tabs][et_pb_wc_upsells _builder_version=&#8220;3.0.47&#8243; global_colors_info=&#8220;{}&#8220;][\/et_pb_wc_upsells][et_pb_wc_related_products _builder_version=&#8220;3.0.47&#8243; global_colors_info=&#8220;{}&#8220;][\/et_pb_wc_related_products][et_pb_wc_rating _builder_version=&#8220;3.0.47&#8243; global_colors_info=&#8220;{}&#8220;][\/et_pb_wc_rating][\/et_pb_column][\/et_pb_row][\/et_pb_section]<\/p>\n","protected":false},"excerpt":{"rendered":"<p class=\"p1\"><span class=\"s1\">Kollagen und Elastin Therapy f\u00fcr frische, strahlende Haut.\u00a0<\/span><\/p>\n<p><strong>Hautanalysecode <\/strong><span class=\"s1\"><b>WPSD<\/b><\/span><\/p>\n<p>Inhalt: 30 ml<\/p>\n","protected":false},"featured_media":141,"comment_status":"open","ping_status":"closed","template":"","meta":{"_et_pb_use_builder":"on","_et_pb_old_content":"<strong>Produktvorteile:<\/strong>\r\n<ul>\r\n \t<li class=\"li1\"><b><\/b><span class=\"s1\">verbessert die sichtbaren Anzeichen des Alterns\u00a0<\/span><\/li>\r\n \t<li class=\"li1\"><b><\/b><span class=\"s1\">verkleinert die Poren\u00a0<\/span><\/li>\r\n \t<li class=\"li1\"><b><\/b><span class=\"s1\">bildet eine gesunde, intakte Hautbarriere <\/span><\/li>\r\n \t<li class=\"li1\"><b><\/b><span class=\"s1\">reduziert Pigmentflecken\u00a0<\/span><\/li>\r\n<\/ul>\r\n<strong>Anwendung:\u2028<\/strong>\r\nMorgens und Abends nach der Reinigung. Verwenden Sie 1 Pump f\u00fcr das Gesicht und 2 Pump f\u00fcr Gesicht, Hals und Dekollet\u00e9\r\n<p class=\"p1\"><span class=\"s1\"><b>Der Mehrwert von Dermintense:\r\n<\/b><\/span><span class=\"s1\">Dient zur Behandlung von Pigmentst\u00f6rungen.\r\n<\/span><span class=\"s1\">Kann auch als Augencreme verwendet werden.\r\n<\/span><span class=\"s1\">Dermintense Active Gel kann allein oder in Verbindung mit Moisture Control Light oder Ultra verwendet werden.\r\nHauttypen, die zu Akneausbr\u00fcchen neigen, sollten dieses Produkt allm\u00e4hlich in ihre Hautpflegeroutine einf\u00fchren.<\/span><\/p>\r\n<p class=\"p1\"><span class=\"s1\"><b>Kann aber auch mit jedem anderen Produkt der optiphi\u00ae Skincare Reihe kombiniert werden.<\/b><\/span><\/p>","_et_gb_content_width":"","inline_featured_image":false},"product_cat":[22],"product_tag":[],"class_list":{"0":"post-103","1":"product","2":"type-product","3":"status-publish","4":"has-post-thumbnail","6":"product_cat-anti-aging","8":"first","9":"instock","10":"shipping-taxable","11":"purchasable","12":"product-type-simple"},"_links":{"self":[{"href":"https:\/\/dev.optiphi.at\/index.php?rest_route=\/wp\/v2\/product\/103","targetHints":{"allow":["GET"]}}],"collection":[{"href":"https:\/\/dev.optiphi.at\/index.php?rest_route=\/wp\/v2\/product"}],"about":[{"href":"https:\/\/dev.optiphi.at\/index.php?rest_route=\/wp\/v2\/types\/product"}],"replies":[{"embeddable":true,"href":"https:\/\/dev.optiphi.at\/index.php?rest_route=%2Fwp%2Fv2%2Fcomments&post=103"}],"wp:featuredmedia":[{"embeddable":true,"href":"https:\/\/dev.optiphi.at\/index.php?rest_route=\/wp\/v2\/media\/141"}],"wp:attachment":[{"href":"https:\/\/dev.optiphi.at\/index.php?rest_route=%2Fwp%2Fv2%2Fmedia&parent=103"}],"wp:term":[{"taxonomy":"product_cat","embeddable":true,"href":"https:\/\/dev.optiphi.at\/index.php?rest_route=%2Fwp%2Fv2%2Fproduct_cat&post=103"},{"taxonomy":"product_tag","embeddable":true,"href":"https:\/\/dev.optiphi.at\/index.php?rest_route=%2Fwp%2Fv2%2Fproduct_tag&post=103"}],"curies":[{"name":"wp","href":"https:\/\/api.w.org\/{rel}","templated":true}]}}