{"id":110,"date":"2022-07-07T07:26:09","date_gmt":"2022-07-07T07:26:09","guid":{"rendered":"https:\/\/dev.optiphi.at\/?post_type=product&#038;p=110"},"modified":"2022-09-09T20:22:29","modified_gmt":"2022-09-09T20:22:29","slug":"intense-ha-serum","status":"publish","type":"product","link":"https:\/\/dev.optiphi.at\/?product=intense-ha-serum","title":{"rendered":"Intense HA Serum"},"content":{"rendered":"<p>[et_pb_section fb_built=&#8220;1&#8243; _builder_version=&#8220;3.22&#8243; custom_padding=&#8220;0px||||false|false&#8220; global_colors_info=&#8220;{}&#8220;][et_pb_row _builder_version=&#8220;4.13.1&#8243; background_size=&#8220;initial&#8220; background_position=&#8220;top_left&#8220; background_repeat=&#8220;repeat&#8220; custom_padding=&#8220;0px||0px||false|false&#8220; global_colors_info=&#8220;{}&#8220;][et_pb_column type=&#8220;4_4&#8243; _builder_version=&#8220;3.25&#8243; custom_padding=&#8220;|||&#8220; global_colors_info=&#8220;{}&#8220; custom_padding__hover=&#8220;|||&#8220;][et_pb_wc_breadcrumb _builder_version=&#8220;3.0.47&#8243; global_colors_info=&#8220;{}&#8220;][\/et_pb_wc_breadcrumb][et_pb_wc_cart_notice _builder_version=&#8220;3.0.47&#8243; global_colors_info=&#8220;{}&#8220;][\/et_pb_wc_cart_notice][\/et_pb_column][\/et_pb_row][et_pb_row column_structure=&#8220;1_2,1_2&#8243; _builder_version=&#8220;4.13.1&#8243; background_size=&#8220;initial&#8220; background_position=&#8220;top_left&#8220; background_repeat=&#8220;repeat&#8220; custom_padding=&#8220;0px||||false|false&#8220; global_colors_info=&#8220;{}&#8220;][et_pb_column type=&#8220;1_2&#8243; _builder_version=&#8220;3.25&#8243; custom_padding=&#8220;|||&#8220; global_colors_info=&#8220;{}&#8220; custom_padding__hover=&#8220;|||&#8220;][et_pb_wc_images _builder_version=&#8220;3.0.47&#8243; global_colors_info=&#8220;{}&#8220;][\/et_pb_wc_images][\/et_pb_column][et_pb_column type=&#8220;1_2&#8243; _builder_version=&#8220;3.25&#8243; custom_padding=&#8220;|||&#8220; global_colors_info=&#8220;{}&#8220; custom_padding__hover=&#8220;|||&#8220;][et_pb_wc_title _builder_version=&#8220;4.13.1&#8243; header_font=&#8220;||||||||&#8220; global_colors_info=&#8220;{}&#8220;][\/et_pb_wc_title][et_pb_wc_description _builder_version=&#8220;4.13.1&#8243; global_colors_info=&#8220;{}&#8220;][\/et_pb_wc_description][et_pb_accordion admin_label=&#8220;Akkordeon&#8220; module_class=&#8220;pulchris_accordion&#8220; _builder_version=&#8220;4.13.1&#8243; _module_preset=&#8220;default&#8220; custom_margin=&#8220;|||20px|false|false&#8220; custom_css_toggle_icon=&#8220;content: &#8218;3&#8216;;&#8220; global_colors_info=&#8220;{}&#8220;][et_pb_accordion_item title=&#8220;Wissenswertes zur Produktwirkung &#8220; open=&#8220;on&#8220; _builder_version=&#8220;4.13.1&#8243; _module_preset=&#8220;default&#8220; global_colors_info=&#8220;{}&#8220;][\/et_pb_accordion_item][et_pb_accordion_item title=&#8220;Welche Aggressoren sind f\u00fcr Entz\u00fcndungen verantwortlich?&#8220; _builder_version=&#8220;4.13.1&#8243; _module_preset=&#8220;default&#8220; global_colors_info=&#8220;{}&#8220; open=&#8220;off&#8220;]Freie Radikale oxidieren mit anderen zytopasmatischen Komponenten und verursachen Zellsch\u00e4den<\/p>\n<p>Arachidons\u00e4ure bildet sich in der Zellmembran<\/p>\n<p>Prostalglandine bilden sich im Hautgewebe z.b. durch lange UV Bestrahlung. Es entstehen R\u00f6tungen und Schwellungen<\/p>\n<p>Proteolytische Enzyme werden w\u00e4hrend der Wundheilung produziert. Eine \u00dcberaktivit\u00e4t kann zum Abbau von Kollagen, Elastin und Hyalurons\u00e4ure f\u00fchren. Eine vorzeitige Hautalterung setzt ein.<\/p>\n<p>Prostalglandine und Leukotrine sind f\u00fcr die Induktion einer postinflamatorischen Hyperpigmentierung der Haut verantwortlich.<br \/>\n[\/et_pb_accordion_item][et_pb_accordion_item title=&#8220;Warum ist Hyaluron so wichtig f\u00fcr eine straffe, gesunde Haut?&#8220; _builder_version=&#8220;4.13.1&#8243; _module_preset=&#8220;default&#8220; global_colors_info=&#8220;{}&#8220; open=&#8220;off&#8220;]<\/p>\n<p class=\"p1\"><span class=\"s1\">Hyalurons\u00e4ure wird in unserem K\u00f6rper selbst hergestellt. Hyalurons\u00e4ure findet sich in, Gelenksfl\u00fcssigkeit, Knorpeln und im Bindegewebe. Im Alter nimmt die Hyalurons\u00e4ure ab. Aus F\u00e4ltchen werden Falten. Die Haut wird empfindlicher und trockener. 3 unterschiedliche Hyalurons\u00e4uren in verschiedenen molekularen Gr\u00f6\u00dfen, entfalten die Wirkung in jeder Ebene der Haut und das funktioniert deshalb so gut weil Hyalurons\u00e4ure bis zu 6 Liter Wasser pro Gramm Eigengewicht binden kann. <\/span><\/p>\n<p>[\/et_pb_accordion_item][et_pb_accordion_item title=&#8220;Wichtige Wirkstoffe:&#8220; _builder_version=&#8220;4.13.1&#8243; _module_preset=&#8220;default&#8220; global_colors_info=&#8220;{}&#8220; open=&#8220;off&#8220;]<\/p>\n<p class=\"p1\"><span class=\"s1\"><strong>Imperata Cylindrica Extrakt<\/strong><br \/>\u2013 Japanischen Blutgras spendet der Haut intensiv und langanhaltende Feuchtigkeit<\/span><\/p>\n<p class=\"p1\"><span class=\"s1\"><strong>Vitamin B3 (Niacinamid)<\/strong><br \/>-Entz\u00fcndungshemmend, beruhigend. Verz\u00f6gert die Hautalterung, welche durch UV-Belastung und freie Radikale verursacht werden<br \/>\u2013 3 unterschiedliche Hyalurons\u00e4uren in verschiedenen molekularen Gr\u00f6\u00dfen, damit sich die Wirkung in jeder Ebene der Haut entfalten kann.<\/span><\/p>\n<p class=\"p1\"><span class=\"s1\"><strong>Hydrolysiertes Natriumhyaluronat<br \/><\/strong>\u2013 Wirkstoff mit niedrigem Molekulargewicht. Hilft bei der Bek\u00e4mpfung freier Radikale.<br \/>\u2013 Reduziert R\u00f6tung und Empfindlichkeit, gl\u00e4ttet Falten.<\/span><\/p>\n<p class=\"p1\"><span class=\"s1\"><strong>Hydrolysierte Hyalurons\u00e4ure\/Mittelmolekularer Wirkstoff<\/strong><br \/>\u2013 Hilft bei der Verst\u00e4rkung der nat\u00fcrlichen Barriere der Haut, verbessert den Eigenschutz und repariert die Haut.<\/span><\/p>\n<p class=\"p1\"><span class=\"s1\"><strong>Erweiterter Hydratationskomplex\/Wirkstoff mit gro\u00dfem Molekulargewicht.<\/strong><br \/>\u2013 Bestehend aus Wirkstoffen, die die Haut sofort weicher machen und die langfristige Feuchtigkeit f\u00f6rdern. Unterst\u00fctzt die Speicherung von Feuchtigkeit in den oberen Hautschichten und st\u00e4rkt die Hautbarriere. Wirkt als Feuchtigkeitsreservoir auf der Hautoberfl\u00e4che und hilft, ein hohes Feuchtigkeitsniveau in der Haut zu erhalten.<\/span><\/p>\n<p class=\"p1\"><span class=\"s1\"><strong>N-Acetylglucosamin-6-phosphat + Caffeylglucosid<br \/><\/strong>\u2013 Stimuliert Fibroblasten, um die Kollagensynthese zu f\u00f6rdern und den Schutz der dermalen Matrix zu unterst\u00fctzen. Beruhigt und bes\u00e4nftigt die Haut. Unterst\u00fctzt die epidermale und dermale Umstrukturierung sowie die dermal-epidermale Verbindung f\u00fcr eine straffere, j\u00fcnger aussehende Haut.<\/span><\/p>\n<p>[\/et_pb_accordion_item][\/et_pb_accordion][et_pb_wc_price _builder_version=&#8220;4.13.1&#8243; body_text_color=&#8220;#666666&#8243; global_colors_info=&#8220;{}&#8220;][\/et_pb_wc_price][et_pb_wc_add_to_cart _builder_version=&#8220;3.0.47&#8243; global_colors_info=&#8220;{}&#8220;][\/et_pb_wc_add_to_cart][et_pb_text _builder_version=&#8220;4.13.1&#8243; _module_preset=&#8220;default&#8220; global_colors_info=&#8220;{}&#8220;]<\/p>\n<p class=\"p1\"><span class=\"s1\">Dieses Produkt ist frei von Parabenen, Wachstumsfaktoren, Seifen, Nanopartikeln, Konservierungs- und Duftstoffen. Es wurde ohne Tierversuche entwickelt, ist vegan und pH-hautneutral.<\/span><\/p>\n<p>[\/et_pb_text][\/et_pb_column][\/et_pb_row][et_pb_row _builder_version=&#8220;4.13.1&#8243; background_size=&#8220;initial&#8220; background_position=&#8220;top_left&#8220; background_repeat=&#8220;repeat&#8220; global_colors_info=&#8220;{}&#8220;][et_pb_column type=&#8220;4_4&#8243; _builder_version=&#8220;3.25&#8243; custom_padding=&#8220;|||&#8220; global_colors_info=&#8220;{}&#8220; custom_padding__hover=&#8220;|||&#8220;][et_pb_wc_tabs _builder_version=&#8220;3.0.47&#8243; global_colors_info=&#8220;{}&#8220;] [\/et_pb_wc_tabs][et_pb_wc_upsells _builder_version=&#8220;3.0.47&#8243; global_colors_info=&#8220;{}&#8220;][\/et_pb_wc_upsells][et_pb_wc_related_products _builder_version=&#8220;3.0.47&#8243; global_colors_info=&#8220;{}&#8220;][\/et_pb_wc_related_products][et_pb_wc_rating _builder_version=&#8220;3.0.47&#8243; global_colors_info=&#8220;{}&#8220;][\/et_pb_wc_rating][\/et_pb_column][\/et_pb_row][\/et_pb_section]<\/p>\n","protected":false},"excerpt":{"rendered":"<p class=\"p1\"><span class=\"s1\">Hochwirksames Gel, das auf zellul\u00e4rer Ebene die Hautfeuchtigkeit intensiviert.<\/span><\/p>\n<p><strong>Hautanalysecode <\/strong><span class=\"s1\"><b>DSWP<\/b><\/span><\/p>\n<p>Inhalt: 30 ml<\/p>\n","protected":false},"featured_media":140,"comment_status":"open","ping_status":"closed","template":"","meta":{"_et_pb_use_builder":"on","_et_pb_old_content":"<strong>Besonders geeignet bei:<\/strong>\r\n<ul>\r\n \t<li><span class=\"s1\">sehr trockener, dehydrierter alternder Haut<\/span><\/li>\r\n \t<li><span class=\"s1\">immer wiederkehrenden R\u00f6tungen und Entz\u00fcndungen<\/span><\/li>\r\n \t<li><span class=\"s1\">angegriffener Hautbarriere<\/span><b><\/b><\/li>\r\n<\/ul>\r\n<strong>Anwendung:\r\n<\/strong><span class=\"s1\">Morgens und abends nach der Reinigung. 1 Pump f\u00fcr das Gesicht und 2 Pump f\u00fcr Gesicht, Hals und Dekollet\u00e9.<\/span>\r\n<p class=\"p1\"><span class=\"s1\"><b>Der Mehrwert von Dermintense:\r\n<\/b><\/span><span class=\"s1\">Ein hervorragendes Serum, um die Nebenwirkungen von Medikamenten gegen Akne (Ciscutan) zu mindern. <\/span><\/p>\r\n<p class=\"p1\"><span class=\"s1\"><b>Ideale Produktkombinationen:\r\n<\/b><\/span><span class=\"s1\">Intensiv - HA Serum ist mit jedem Produkt aus der optiphi\u00ae Skincare Reihe kombinierbar.\r\n<\/span><span class=\"s1\">Facial Cleanser\/ Eyesigns Active Gel\/ Moisture Control Light oder Ultra\/oder Complexion Control, Protecting Revitalizer, Rejuvenate Revitalizer, Ageless Active Gel, Dermintense Active Gel<\/span><\/p>\r\n<p class=\"p1\"><\/p>","_et_gb_content_width":"","inline_featured_image":false},"product_cat":[22],"product_tag":[],"class_list":{"0":"post-110","1":"product","2":"type-product","3":"status-publish","4":"has-post-thumbnail","6":"product_cat-anti-aging","8":"first","9":"instock","10":"shipping-taxable","11":"purchasable","12":"product-type-simple"},"_links":{"self":[{"href":"https:\/\/dev.optiphi.at\/index.php?rest_route=\/wp\/v2\/product\/110","targetHints":{"allow":["GET"]}}],"collection":[{"href":"https:\/\/dev.optiphi.at\/index.php?rest_route=\/wp\/v2\/product"}],"about":[{"href":"https:\/\/dev.optiphi.at\/index.php?rest_route=\/wp\/v2\/types\/product"}],"replies":[{"embeddable":true,"href":"https:\/\/dev.optiphi.at\/index.php?rest_route=%2Fwp%2Fv2%2Fcomments&post=110"}],"wp:featuredmedia":[{"embeddable":true,"href":"https:\/\/dev.optiphi.at\/index.php?rest_route=\/wp\/v2\/media\/140"}],"wp:attachment":[{"href":"https:\/\/dev.optiphi.at\/index.php?rest_route=%2Fwp%2Fv2%2Fmedia&parent=110"}],"wp:term":[{"taxonomy":"product_cat","embeddable":true,"href":"https:\/\/dev.optiphi.at\/index.php?rest_route=%2Fwp%2Fv2%2Fproduct_cat&post=110"},{"taxonomy":"product_tag","embeddable":true,"href":"https:\/\/dev.optiphi.at\/index.php?rest_route=%2Fwp%2Fv2%2Fproduct_tag&post=110"}],"curies":[{"name":"wp","href":"https:\/\/api.w.org\/{rel}","templated":true}]}}