{"id":113,"date":"2022-07-07T07:37:11","date_gmt":"2022-07-07T07:37:11","guid":{"rendered":"https:\/\/dev.optiphi.at\/?post_type=product&#038;p=113"},"modified":"2022-09-09T20:21:31","modified_gmt":"2022-09-09T20:21:31","slug":"intense-retinol-serum","status":"publish","type":"product","link":"https:\/\/dev.optiphi.at\/?product=intense-retinol-serum","title":{"rendered":"Intense Retinol Serum"},"content":{"rendered":"<p>[et_pb_section fb_built=&#8220;1&#8243; _builder_version=&#8220;3.22&#8243; custom_padding=&#8220;0px||||false|false&#8220; global_colors_info=&#8220;{}&#8220;][et_pb_row _builder_version=&#8220;4.13.1&#8243; background_size=&#8220;initial&#8220; background_position=&#8220;top_left&#8220; background_repeat=&#8220;repeat&#8220; custom_padding=&#8220;0px||0px||false|false&#8220; global_colors_info=&#8220;{}&#8220;][et_pb_column type=&#8220;4_4&#8243; _builder_version=&#8220;3.25&#8243; custom_padding=&#8220;|||&#8220; global_colors_info=&#8220;{}&#8220; custom_padding__hover=&#8220;|||&#8220;][et_pb_wc_breadcrumb _builder_version=&#8220;3.0.47&#8243; global_colors_info=&#8220;{}&#8220;][\/et_pb_wc_breadcrumb][et_pb_wc_cart_notice _builder_version=&#8220;3.0.47&#8243; global_colors_info=&#8220;{}&#8220;][\/et_pb_wc_cart_notice][\/et_pb_column][\/et_pb_row][et_pb_row column_structure=&#8220;1_2,1_2&#8243; _builder_version=&#8220;4.13.1&#8243; background_size=&#8220;initial&#8220; background_position=&#8220;top_left&#8220; background_repeat=&#8220;repeat&#8220; custom_padding=&#8220;0px||||false|false&#8220; global_colors_info=&#8220;{}&#8220;][et_pb_column type=&#8220;1_2&#8243; _builder_version=&#8220;3.25&#8243; custom_padding=&#8220;|||&#8220; global_colors_info=&#8220;{}&#8220; custom_padding__hover=&#8220;|||&#8220;][et_pb_wc_images _builder_version=&#8220;3.0.47&#8243; global_colors_info=&#8220;{}&#8220;][\/et_pb_wc_images][\/et_pb_column][et_pb_column type=&#8220;1_2&#8243; _builder_version=&#8220;3.25&#8243; custom_padding=&#8220;|||&#8220; global_colors_info=&#8220;{}&#8220; custom_padding__hover=&#8220;|||&#8220;][et_pb_wc_title _builder_version=&#8220;4.13.1&#8243; header_font=&#8220;||||||||&#8220; global_colors_info=&#8220;{}&#8220;][\/et_pb_wc_title][et_pb_wc_description _builder_version=&#8220;4.13.1&#8243; global_colors_info=&#8220;{}&#8220;][\/et_pb_wc_description][et_pb_accordion admin_label=&#8220;Akkordeon&#8220; module_class=&#8220;pulchris_accordion&#8220; _builder_version=&#8220;4.13.1&#8243; _module_preset=&#8220;default&#8220; custom_margin=&#8220;|||20px|false|false&#8220; custom_css_toggle_icon=&#8220;content: &#8218;3&#8216;;&#8220; global_colors_info=&#8220;{}&#8220;][et_pb_accordion_item title=&#8220;Wissenswertes zur Produktwirkung &#8220; open=&#8220;on&#8220; _builder_version=&#8220;4.13.1&#8243; _module_preset=&#8220;default&#8220; global_colors_info=&#8220;{}&#8220;][\/et_pb_accordion_item][et_pb_accordion_item title=&#8220;Welche Aggressoren sind f\u00fcr Entz\u00fcndungen verantwortlich?&#8220; _builder_version=&#8220;4.13.1&#8243; _module_preset=&#8220;default&#8220; global_colors_info=&#8220;{}&#8220; open=&#8220;off&#8220;]Freie Radikale oxidieren mit anderen zytopasmatischen Komponenten und verursachen Zellsch\u00e4den<\/p>\n<p>Arachidons\u00e4ure bildet sich in der Zellmembran<\/p>\n<p>Prostalglandine bilden sich im Hautgewebe z.b. durch lange UV Bestrahlung. Es entstehen R\u00f6tungen und Schwellungen<\/p>\n<p>Proteolytische Enzyme werden w\u00e4hrend der Wundheilung produziert. Eine \u00dcberaktivit\u00e4t kann zum Abbau von Kollagen, Elastin und Hyalurons\u00e4ure f\u00fchren. Eine vorzeitige Hautalterung setzt ein.<\/p>\n<p>Prostalglandine und Leukotrine sind f\u00fcr die Induktion einer postinflamatorischen Hyperpigmentierung der Haut verantwortlich.<br \/>\n[\/et_pb_accordion_item][et_pb_accordion_item title=&#8220;Was ist Retinol und wie wirkt es? &#8220; _builder_version=&#8220;4.13.1&#8243; _module_preset=&#8220;default&#8220; global_colors_info=&#8220;{}&#8220; open=&#8220;off&#8220;]<\/p>\n<p class=\"p1\"><span class=\"s1\">Retinol &#8211; Vitamin A ist ein fettl\u00f6sliches Vitamin und geh\u00f6rt chemisch gesehen zu den Retinoiden, die in unterschiedlichen Formen mehr oder weniger intensiv ihre Wirkung und Nebenwirkungen zeigen.<span class=\"Apple-converted-space\">\u00a0 <\/span>Neueste Studien zeigen, dass Retinaldehyd,<span class=\"Apple-converted-space\">\u00a0 <\/span>die Vorstufe von Retins\u00e4ure die beste Wirkung bei bester Vertr\u00e4glichkeit zeigt. Optiphi verf\u00fcgt zus\u00e4tzlich \u00fcber ein einzigartiges Abgabesystem und versorgt so die Haut \u00fcber 12 Stunden kontinuierlich mit Retinol.<\/span><\/p>\n<p class=\"p1\"><span class=\"s1\">Retinol f\u00f6rdert die Kollagen und Elastinproduktion &#8211; minderst so die Faltentiefe. Bek\u00e4mpft alle Anzeichen des Alterns. Reguliert die Talgproduktion. <b><br \/><\/b>Stimuliert die Proteinsynthese, verbessert die Barrierefunktion, wirkt entz\u00fcndungshemmend.<\/span><\/p>\n<p>[\/et_pb_accordion_item][et_pb_accordion_item title=&#8220;Wichtige Wirkstoffe:&#8220; _builder_version=&#8220;4.13.1&#8243; _module_preset=&#8220;default&#8220; global_colors_info=&#8220;{}&#8220; open=&#8220;off&#8220;]<\/p>\n<p class=\"p1\"><span class=\"s1\"><strong>Vitamin A (Retinol)<br \/><\/strong>\u2013 Reduziert die Hyperpigmentierung und repariert lichtgesch\u00e4digte Haut durch die gesteigerte Zellteilung.<\/span><\/p>\n<p class=\"p1\"><span class=\"s1\"><strong>Retard \u2013 System:<\/strong><br \/><b>optiphi\u00ae verf\u00fcgt \u00fcber ein innovatives Zeitkontrollsystem welches Vitamin A \u00fcber einen Zeitraum von 12 Stunden kontinuierlich an die Haut abgibt.<\/b><\/span><\/p>\n<p class=\"p1\"><span class=\"s1\"><strong>Peptid-4<\/strong><br \/>\u2013 Stimuliert die Wundheilung und unterst\u00fctzt die Reparatur der Zellmatrix<\/span><\/p>\n<p class=\"p1\"><span class=\"s1\"><strong>Geranyl Geranyl Lipid<\/strong><br \/>\u2013 Sch\u00fctzt die Zelle vor oxidativen Sch\u00e4den und verz\u00f6gert die zellul\u00e4re Seneszenz<\/span><\/p>\n<p class=\"p1\"><span class=\"s1\"><strong>L-Carnosin<\/strong><br \/>\u2013 Sch\u00fctzt die Zelle, verl\u00e4ngert deren Lebensdauer, unterst\u00fctzt die Elastizit\u00e4t der Haut und stoppt die Verzuckerung (Glykation) der Kollagenfasern. Eines der wirksamsten Antioxidantien.<\/span><\/p>\n<p class=\"p1\"><span class=\"s1\"><strong>Hagebutten\u00f6l<\/strong><br \/>\u2013 Reduziert Narben und dunkle Flecken. Feine Linien und Falten werden verbessert.<\/span><\/p>\n<p>[\/et_pb_accordion_item][\/et_pb_accordion][et_pb_wc_price _builder_version=&#8220;4.13.1&#8243; body_text_color=&#8220;#666666&#8243; global_colors_info=&#8220;{}&#8220;][\/et_pb_wc_price][et_pb_wc_add_to_cart _builder_version=&#8220;3.0.47&#8243; global_colors_info=&#8220;{}&#8220;][\/et_pb_wc_add_to_cart][et_pb_text _builder_version=&#8220;4.13.1&#8243; _module_preset=&#8220;default&#8220; global_colors_info=&#8220;{}&#8220;]<\/p>\n<p class=\"p1\"><span class=\"s1\">Dieses Produkt ist frei von Parabenen, Wachstumsfaktoren, Seifen, Nanopartikeln, Konservierungs- und Duftstoffen. Es wurde ohne Tierversuche entwickelt, ist vegan und pH-hautneutral.<\/span><\/p>\n<p>[\/et_pb_text][\/et_pb_column][\/et_pb_row][et_pb_row _builder_version=&#8220;4.13.1&#8243; background_size=&#8220;initial&#8220; background_position=&#8220;top_left&#8220; background_repeat=&#8220;repeat&#8220; global_colors_info=&#8220;{}&#8220;][et_pb_column type=&#8220;4_4&#8243; _builder_version=&#8220;3.25&#8243; custom_padding=&#8220;|||&#8220; global_colors_info=&#8220;{}&#8220; custom_padding__hover=&#8220;|||&#8220;][et_pb_wc_tabs _builder_version=&#8220;3.0.47&#8243; global_colors_info=&#8220;{}&#8220;] [\/et_pb_wc_tabs][et_pb_wc_upsells _builder_version=&#8220;3.0.47&#8243; global_colors_info=&#8220;{}&#8220;][\/et_pb_wc_upsells][et_pb_wc_related_products _builder_version=&#8220;3.0.47&#8243; global_colors_info=&#8220;{}&#8220;][\/et_pb_wc_related_products][et_pb_wc_rating _builder_version=&#8220;3.0.47&#8243; global_colors_info=&#8220;{}&#8220;][\/et_pb_wc_rating][\/et_pb_column][\/et_pb_row][\/et_pb_section]<\/p>\n","protected":false},"excerpt":{"rendered":"<p class=\"p1\"><span class=\"s1\">Anti-Aging-Serum zur F\u00f6rderung der Zellverj\u00fcngung.<\/span><\/p>\n<p><strong>Hautanalysecode <\/strong><span class=\"s1\"><b>WPDS<\/b><\/span><\/p>\n<p>Inhalt: 30 ml<\/p>\n","protected":false},"featured_media":140,"comment_status":"open","ping_status":"closed","template":"","meta":{"_et_pb_use_builder":"on","_et_pb_old_content":"<strong>Besonders wirksam bei:<\/strong>\r\n<ul>\r\n \t<li>\r\n<p class=\"p1\"><span class=\"s1\">Falten, F\u00e4ltchen und Pigmentflecken<\/span><\/p>\r\n<\/li>\r\n \t<li>\r\n<p class=\"p1\"><span class=\"s1\">sehr trockene Haut <\/span><\/p>\r\n<\/li>\r\n \t<li>\r\n<p class=\"p1\"><span class=\"s1\">Unreiner Haut und Akne\u00a0<\/span><\/p>\r\n<\/li>\r\n<\/ul>\r\n<strong>Anwendung:\r\n<\/strong><span class=\"s1\">Schrittweise einf\u00fchren. Zu viel und zu fr\u00fch kann zu Retinoid-Reaktionen f\u00fchren. Im Gesicht, am Hals und am Dekollet\u00e9 \u201eeinschleichend\u201c beginnen. Je nach Empfindlichkeitsstufe mit der Anwendung von 1x pro Woche langsam auf 1x tgl. (Abend) steigern. Die <\/span><span class=\"s1\">Lippen und die oberen Augenlider sollten ausgespart werden.<\/span>\r\n\r\n<span class=\"s1\"><b>Vorsicht bei der Anwendung von Retinol-Produkten!<\/b><\/span>\r\n<ul>\r\n \t<li><span class=\"s1\"><b>Empfehlen Sie die Anwendung von Intense Retinol \u00fcber Active Gels, anstelle von Revitalizern.<\/b><\/span><\/li>\r\n<\/ul>\r\n<ul class=\"ul1\">\r\n \t<li class=\"li1\"><span class=\"s1\">Nicht gleichzeitig mit anderen Retinol-Produkten kombinieren.<\/span><\/li>\r\n \t<li class=\"li1\"><span class=\"s1\"> Warten Sie 20 Minuten nach der Reinigung der Haut, bevor Sie Intense-Retinol-Serum anwenden. Verwenden Sie nur eine erbsengro\u00dfe Menge pro Anwendung. <\/span><\/li>\r\n \t<li class=\"li1\"><span class=\"s1\">Nicht mit anderen Produkten zusammenmischen. <\/span><\/li>\r\n \t<li class=\"li1\"><span class=\"s1\">Wir empfehlen Intense Retinol Serum f\u00fcr fortgeschrittene optiphi\u00ae-Benutzer, die die Revitalizer schon einmal benutzt haben<\/span><\/li>\r\n \t<li class=\"li1\"><span class=\"s1\">NICHT empfohlen f\u00fcr Kunden die mit Ciscutan, Cortison behandelt werden.<\/span><\/li>\r\n<\/ul>\r\n<p class=\"p1\"><span class=\"s1\"><b>Der Mehrwert von Dermintense:\r\n<\/b><\/span><span class=\"s1\">Ein hervorragendes Serum, um die Nebenwirkungen von Medikamenten gegen Akne (Ciscutan) zu mindern. <\/span><\/p>\r\n<p class=\"p1\"><span class=\"s1\"><b>Ideale Produktkombinationen:\r\n<\/b><\/span><span class=\"s1\">Kann in Kombination mit optiphi\u00ae Aktive Gels &amp; Seren oder optiphi\u00ae Control Cremen der Active oder Classic Range verwendet werden.<\/span><\/p>\r\n<p class=\"p1\"><\/p>","_et_gb_content_width":"","inline_featured_image":false},"product_cat":[22],"product_tag":[],"class_list":{"0":"post-113","1":"product","2":"type-product","3":"status-publish","4":"has-post-thumbnail","6":"product_cat-anti-aging","8":"first","9":"instock","10":"shipping-taxable","11":"purchasable","12":"product-type-simple"},"_links":{"self":[{"href":"https:\/\/dev.optiphi.at\/index.php?rest_route=\/wp\/v2\/product\/113","targetHints":{"allow":["GET"]}}],"collection":[{"href":"https:\/\/dev.optiphi.at\/index.php?rest_route=\/wp\/v2\/product"}],"about":[{"href":"https:\/\/dev.optiphi.at\/index.php?rest_route=\/wp\/v2\/types\/product"}],"replies":[{"embeddable":true,"href":"https:\/\/dev.optiphi.at\/index.php?rest_route=%2Fwp%2Fv2%2Fcomments&post=113"}],"wp:featuredmedia":[{"embeddable":true,"href":"https:\/\/dev.optiphi.at\/index.php?rest_route=\/wp\/v2\/media\/140"}],"wp:attachment":[{"href":"https:\/\/dev.optiphi.at\/index.php?rest_route=%2Fwp%2Fv2%2Fmedia&parent=113"}],"wp:term":[{"taxonomy":"product_cat","embeddable":true,"href":"https:\/\/dev.optiphi.at\/index.php?rest_route=%2Fwp%2Fv2%2Fproduct_cat&post=113"},{"taxonomy":"product_tag","embeddable":true,"href":"https:\/\/dev.optiphi.at\/index.php?rest_route=%2Fwp%2Fv2%2Fproduct_tag&post=113"}],"curies":[{"name":"wp","href":"https:\/\/api.w.org\/{rel}","templated":true}]}}