{"id":116,"date":"2022-07-07T07:55:36","date_gmt":"2022-07-07T07:55:36","guid":{"rendered":"https:\/\/dev.optiphi.at\/?post_type=product&#038;p=116"},"modified":"2022-09-09T20:20:12","modified_gmt":"2022-09-09T20:20:12","slug":"protecting-revitalizer","status":"publish","type":"product","link":"https:\/\/dev.optiphi.at\/?product=protecting-revitalizer","title":{"rendered":"Protecting Revitalizer"},"content":{"rendered":"<p>[et_pb_section fb_built=&#8220;1&#8243; _builder_version=&#8220;3.22&#8243; custom_padding=&#8220;0px||||false|false&#8220; global_colors_info=&#8220;{}&#8220;][et_pb_row _builder_version=&#8220;4.13.1&#8243; background_size=&#8220;initial&#8220; background_position=&#8220;top_left&#8220; background_repeat=&#8220;repeat&#8220; custom_padding=&#8220;0px||0px||false|false&#8220; global_colors_info=&#8220;{}&#8220;][et_pb_column type=&#8220;4_4&#8243; _builder_version=&#8220;3.25&#8243; custom_padding=&#8220;|||&#8220; global_colors_info=&#8220;{}&#8220; custom_padding__hover=&#8220;|||&#8220;][et_pb_wc_breadcrumb _builder_version=&#8220;3.0.47&#8243; global_colors_info=&#8220;{}&#8220;][\/et_pb_wc_breadcrumb][et_pb_wc_cart_notice _builder_version=&#8220;3.0.47&#8243; global_colors_info=&#8220;{}&#8220;][\/et_pb_wc_cart_notice][\/et_pb_column][\/et_pb_row][et_pb_row column_structure=&#8220;1_2,1_2&#8243; _builder_version=&#8220;4.13.1&#8243; background_size=&#8220;initial&#8220; background_position=&#8220;top_left&#8220; background_repeat=&#8220;repeat&#8220; custom_padding=&#8220;0px||||false|false&#8220; global_colors_info=&#8220;{}&#8220;][et_pb_column type=&#8220;1_2&#8243; _builder_version=&#8220;3.25&#8243; custom_padding=&#8220;|||&#8220; global_colors_info=&#8220;{}&#8220; custom_padding__hover=&#8220;|||&#8220;][et_pb_wc_images _builder_version=&#8220;3.0.47&#8243; global_colors_info=&#8220;{}&#8220;][\/et_pb_wc_images][\/et_pb_column][et_pb_column type=&#8220;1_2&#8243; _builder_version=&#8220;3.25&#8243; custom_padding=&#8220;|||&#8220; global_colors_info=&#8220;{}&#8220; custom_padding__hover=&#8220;|||&#8220;][et_pb_wc_title _builder_version=&#8220;4.13.1&#8243; header_font=&#8220;||||||||&#8220; global_colors_info=&#8220;{}&#8220;][\/et_pb_wc_title][et_pb_wc_description _builder_version=&#8220;4.13.1&#8243; global_colors_info=&#8220;{}&#8220;][\/et_pb_wc_description][et_pb_accordion admin_label=&#8220;Akkordeon&#8220; module_class=&#8220;pulchris_accordion&#8220; _builder_version=&#8220;4.13.1&#8243; _module_preset=&#8220;default&#8220; custom_margin=&#8220;|||20px|false|false&#8220; custom_css_toggle_icon=&#8220;content: &#8218;3&#8216;;&#8220; global_colors_info=&#8220;{}&#8220;][et_pb_accordion_item title=&#8220;Wissenswertes zur Produktwirkung &#8220; open=&#8220;on&#8220; _builder_version=&#8220;4.13.1&#8243; _module_preset=&#8220;default&#8220; global_colors_info=&#8220;{}&#8220;][\/et_pb_accordion_item][et_pb_accordion_item title=&#8220;Welche Aggressoren sind f\u00fcr Entz\u00fcndungen verantwortlich?&#8220; _builder_version=&#8220;4.13.1&#8243; _module_preset=&#8220;default&#8220; global_colors_info=&#8220;{}&#8220; open=&#8220;off&#8220;]Freie Radikale oxidieren mit anderen zytopasmatischen Komponenten und verursachen Zellsch\u00e4den<\/p>\n<p>Arachidons\u00e4ure bildet sich in der Zellmembran<\/p>\n<p>Prostalglandine bilden sich im Hautgewebe z.b. durch lange UV Bestrahlung. Es entstehen R\u00f6tungen und Schwellungen<\/p>\n<p>Proteolytische Enzyme werden w\u00e4hrend der Wundheilung produziert. Eine \u00dcberaktivit\u00e4t kann zum Abbau von Kollagen, Elastin und Hyalurons\u00e4ure f\u00fchren. Eine vorzeitige Hautalterung setzt ein.<\/p>\n<p>Prostalglandine und Leukotrine sind f\u00fcr die Induktion einer postinflamatorischen Hyperpigmentierung der Haut verantwortlich.<br \/>\n[\/et_pb_accordion_item][et_pb_accordion_item title=&#8220;Was ist Retinol und wie wirkt es? &#8220; _builder_version=&#8220;4.13.1&#8243; _module_preset=&#8220;default&#8220; global_colors_info=&#8220;{}&#8220; open=&#8220;off&#8220;]<\/p>\n<p class=\"p1\"><span class=\"s1\">Retinol &#8211; Vitamin A ist ein fettl\u00f6sliches Vitamin und geh\u00f6rt chemisch gesehen zu den Retinoiden, die in unterschiedlichen Formen mehr oder weniger intensiv ihre Wirkung und Nebenwirkungen zeigen.<span class=\"Apple-converted-space\">\u00a0 <\/span>Neueste Studien zeigen, dass Retinaldehyd,<span class=\"Apple-converted-space\">\u00a0 <\/span>die Vorstufe von Retins\u00e4ure die beste Wirkung bei bester Vertr\u00e4glichkeit zeigt. Optiphi verf\u00fcgt zus\u00e4tzlich \u00fcber ein einzigartiges Abgabesystem und versorgt so die Haut \u00fcber 12 Stunden kontinuierlich mit Retinol.<\/span><\/p>\n<p class=\"p1\"><span class=\"s1\">Retinol f\u00f6rdert die Kollagen und Elastinproduktion &#8211; minderst so die Faltentiefe. Bek\u00e4mpft alle Anzeichen des Alterns. Reguliert die Talgproduktion. <b><br \/><\/b>Stimuliert die Proteinsynthese, verbessert die Barrierefunktion, wirkt entz\u00fcndungshemmend.<\/span><\/p>\n<p>[\/et_pb_accordion_item][et_pb_accordion_item title=&#8220;Was sind freie Radikale und Antioxidantien und wie wirken sie?&#8220; _builder_version=&#8220;4.13.1&#8243; _module_preset=&#8220;default&#8220; global_colors_info=&#8220;{}&#8220; open=&#8220;off&#8220;]<\/p>\n<p class=\"p1\"><span class=\"s1\"><strong>Freie Radikale<\/strong> sind Stoffwechselprodukte also Molek\u00fcle, denen ein Elektron fehlt. Sie sind dadurch sehr reaktionsfreudig und versuchen von anderen Molek\u00fclen z.b. von Kollagen und Elastin ein Elektron zu stehlen, wodurch das bestohlene Molek\u00fcl ebenfalls zu einem freien Radikal wird. Es entsteht eine Kettenreaktion. Dieser oxidative Stress kann zu massiven Sch\u00e4digungen in unserem K\u00f6rper f\u00fchren und unsere Haut schnell und stark altern lassen. <\/span><\/p>\n<p class=\"p1\"><span class=\"s1\"><strong>Antioxidantien<\/strong> haben ein Elektron zu viel<span class=\"Apple-converted-space\">\u00a0 <\/span>und k\u00f6nnen dieses abgeben. Deutlich wird das mit einem angeschnittenen Apfel. Die Schnittfl\u00e4che ist Sauerstoff ausgesetzt, es entstehen freie Radikale, die Schnittfl\u00e4che wird braun. Gibt man Zitronensaft darauf, also das Antioxidans Vitamin C verhindert man die Oxidation. <\/span><\/p>\n<p class=\"p1\"><span class=\"s1\">Retinol f\u00f6rdert die Kollagen und Elastinproduktion &#8211; minderst so die Faltentiefe. Bek\u00e4mpft alle Anzeichen des Alterns. Reguliert die Talgproduktion. <b><br \/><\/b>Stimuliert die Proteinsynthese, verbessert die Barrierefunktion, wirkt entz\u00fcndungshemmend.<\/span><\/p>\n<p>[\/et_pb_accordion_item][et_pb_accordion_item title=&#8220;Wichtige Wirkstoffe:&#8220; _builder_version=&#8220;4.13.1&#8243; _module_preset=&#8220;default&#8220; global_colors_info=&#8220;{}&#8220; open=&#8220;off&#8220;]<\/p>\n<p class=\"p1\"><span class=\"s1\"><b>Thermus-Thermophillus-Ferment<\/b><i><br \/><\/i>\u2013 Sch\u00fctzt die nat\u00fcrlichen antioxidativen und selbstsch\u00fctzenden Mechanismen der Haut<br \/>Sch\u00fctzt die Zellen vor UV-Sch\u00e4den<\/span><\/p>\n<p class=\"p1\"><span class=\"s1\"><b>Teprenone (Hautschutzengel)<\/b><br \/>\u2013 Verbessert und verhindert die 7 Zeichen der Hautalterung<br \/><\/span><span class=\"s1\">\u2013 erh\u00e4lt die Feuchtigkeit und die Widerstandsf\u00e4higkeit der Haut und verbessert so den Schutz gegen UVB-Strahlung<br \/>\u2013 Hilft bei der Minimierung der Auswirkungen von Sonnensch\u00e4den<br \/>\u2013 Intensive Hautverj\u00fcngung<br \/>\u2013 Stimuliert die Produktion von Kollagen, Elastin und Hyalurons\u00e4ure<\/span><\/p>\n<p class=\"p1\"><span class=\"s1\"><b>Orientalis-Extrakt &amp; Tausendg\u00fcldenextrakt<\/b><i><br \/><\/i>\u2013 M\u00e4chtige entz\u00fcndungshemmende Eigenschaften. Intensives Antioxidant<\/span><\/p>\n<p class=\"p1\"><span class=\"s1\"><b>Magnesium-Ascorbylphosphat<\/b><i><br \/><\/i>Sch\u00fctzt die Elastinfasern, minimiert Pigmentflecken.<\/span><\/p>\n<p class=\"p1\"><span class=\"s1\"><b>Imperata Cylindrica-Extrakt<\/b><i><br \/><\/i>\u2013 Japanischen Blutgras spendet der Haut intensiv und langanhaltende Feuchtigkeit<\/span><\/p>\n<p class=\"p1\"><span class=\"s1\"><b>Kn\u00f6terich-Extrakt<\/b><i><br \/><\/i>\u2013 Sch\u00fctzt die dermalen Proteine<br \/>\u2013 Reduziert die MMP-Synthese (Matrix Metallo Proteasen)<br \/>\u2013 Verbessert die Hauttextur und Faltenbildung.<\/span><\/p>\n<p class=\"p1\"><span class=\"s1\"><b>Vitamin A (Retinol 0,15%)<\/b><i><br \/><\/i>\u2013 Erh\u00f6ht die Kollagen- und Elastinproduktion<br \/>\u2013 Bek\u00e4mpft alle Anzeichen des Alterns.<\/span><\/p>\n<p class=\"p1\"><span class=\"s1\"><b>Retard \u2013 System:<br \/>optiphi\u00ae verf\u00fcgt \u00fcber ein innovatives Zeitkontrollsystem welches Vitamin A \u00fcber einen Zeitraum von 12 Stunden kontinuierlich an die Haut abgibt.<\/b><\/span><\/p>\n<p>[\/et_pb_accordion_item][\/et_pb_accordion][et_pb_wc_price _builder_version=&#8220;4.13.1&#8243; body_text_color=&#8220;#666666&#8243; global_colors_info=&#8220;{}&#8220;][\/et_pb_wc_price][et_pb_wc_add_to_cart _builder_version=&#8220;3.0.47&#8243; global_colors_info=&#8220;{}&#8220;][\/et_pb_wc_add_to_cart][et_pb_text _builder_version=&#8220;4.13.1&#8243; _module_preset=&#8220;default&#8220; global_colors_info=&#8220;{}&#8220;]<\/p>\n<p class=\"p1\"><span class=\"s1\">Dieses Produkt ist frei von Parabenen, Wachstumsfaktoren, Seifen, Nanopartikeln, Konservierungs- und Duftstoffen. Es wurde ohne Tierversuche entwickelt, ist vegan und pH-hautneutral.<\/span><\/p>\n<p>[\/et_pb_text][\/et_pb_column][\/et_pb_row][et_pb_row _builder_version=&#8220;4.13.1&#8243; background_size=&#8220;initial&#8220; background_position=&#8220;top_left&#8220; background_repeat=&#8220;repeat&#8220; global_colors_info=&#8220;{}&#8220;][et_pb_column type=&#8220;4_4&#8243; _builder_version=&#8220;3.25&#8243; custom_padding=&#8220;|||&#8220; global_colors_info=&#8220;{}&#8220; custom_padding__hover=&#8220;|||&#8220;][et_pb_wc_tabs _builder_version=&#8220;3.0.47&#8243; global_colors_info=&#8220;{}&#8220;] [\/et_pb_wc_tabs][et_pb_wc_upsells _builder_version=&#8220;3.0.47&#8243; global_colors_info=&#8220;{}&#8220;][\/et_pb_wc_upsells][et_pb_wc_related_products _builder_version=&#8220;3.0.47&#8243; global_colors_info=&#8220;{}&#8220;][\/et_pb_wc_related_products][et_pb_wc_rating _builder_version=&#8220;3.0.47&#8243; global_colors_info=&#8220;{}&#8220;][\/et_pb_wc_rating][\/et_pb_column][\/et_pb_row][\/et_pb_section]<\/p>\n","protected":false},"excerpt":{"rendered":"<p class=\"p1\"><span class=\"s1\">Beruhigt die Haut und sch\u00fctzt die Hautzellen vor den Auswirkungen von Sonnensch\u00e4den und intensiver Hautalterung.<\/span><\/p>\n<p><strong>Hautanalysecode <\/strong><span class=\"s1\"><b>PWSD<\/b><\/span><\/p>\n<p>Inhalt: 40 ml<\/p>\n","protected":false},"featured_media":138,"comment_status":"open","ping_status":"closed","template":"","meta":{"_et_pb_use_builder":"on","_et_pb_old_content":"<strong>Besonders wirksam bei:<\/strong>\r\n<ul>\r\n \t<li>\r\n<p class=\"p1\"><span class=\"s1\">massiven Sonnensch\u00e4den<\/span><\/p>\r\n<\/li>\r\n \t<li>\r\n<p class=\"p1\"><span class=\"s1\">sehr sensibilisierter Haut, da Protecting Revitalizer stark entz\u00fcndungshemmend wirkt<\/span><\/p>\r\n<\/li>\r\n \t<li>\r\n<p class=\"p1\"><span class=\"s1\">Sch\u00fctzt die nat\u00fcrlichen Antioxidations- und Selbstschutzmechanismen der Haut und sch\u00fctzt die Zellen vor UV-Sch\u00e4den<\/span><\/p>\r\n<\/li>\r\n<\/ul>\r\n<strong>Anwendung:\r\n<\/strong><span class=\"s1\">Kann nach der Reinigung einzeln verwendet werden, oder kann \u00dcBER Ihre \u00fcbliche optiphi\u00ae Pfl egeroutine angewendet werden.\r\n<\/span><span class=\"s1\">- Tragen Sie 1-2 Pump auf Gesicht, Hals und Dekollet\u00e9 auf.\r\n- Kann morgens und abends oder einmal am Tag angewendet werden.<\/span><span class=\"s1\">- Starten Sie mit einer Anwendung t\u00e4glich als Tagespflege, da Thermus Thermophillus Ferment folgende Wirkung aufweist: Sch\u00fctzt die nat\u00fcrlichen Antioxidations- und Selbstschutzmechanismen der Haut und sch\u00fctzt die Zellen vor UV-Sch\u00e4den.\r\n- Beginnen Sie mit einer Anwendung einmal t\u00e4glich, zweimal w\u00f6chentlich, und bauen Sie allm\u00e4hlich auf, bis Protecting Revitalizer einmal t\u00e4glich, jeden Tag verwendet werden kann. Danach bauen Sie allm\u00e4hlich eine zweite t\u00e4gliche Anwendung in die Hautpflegeroutine ein.\r\n- Ideal zur Einf\u00fchrung mit dem hoch wirksamen Anti Aging Wirkstoff Retinol.<\/span>\r\n<p class=\"p1\"><span class=\"s1\">Nicht anwenden, wenn sie Ciscutan oder Cortison verwenden.<\/span><\/p>\r\n<p class=\"p1\"><span class=\"s1\"><b>Ideale Produktkombinationen:\r\n<\/b><\/span><span class=\"s1\">Kann mit jedem Produkt der optiphi\u00ae Skincare Reihe kombiniert werden.\r\n<\/span><span class=\"s1\">Es wird jedoch <strong>nicht<\/strong> empfohlen, Protecting Revitlizer in Verbindung mit dem Intense\u00ae Hautpflegeprogramm zu verwenden. (Zu hohe Konzentration von Retinol!)\r\n<\/span><span class=\"s1\">Facial Cleanser\/ Eyesigns Active Gel\/ Moisture Control Light oder Ultra\/oder Complexion Control, Ageless Active Gel, Dermintense Active Gel.<\/span><\/p>","_et_gb_content_width":"","inline_featured_image":false},"product_cat":[22],"product_tag":[],"class_list":{"0":"post-116","1":"product","2":"type-product","3":"status-publish","4":"has-post-thumbnail","6":"product_cat-anti-aging","8":"first","9":"instock","10":"shipping-taxable","11":"purchasable","12":"product-type-simple"},"_links":{"self":[{"href":"https:\/\/dev.optiphi.at\/index.php?rest_route=\/wp\/v2\/product\/116","targetHints":{"allow":["GET"]}}],"collection":[{"href":"https:\/\/dev.optiphi.at\/index.php?rest_route=\/wp\/v2\/product"}],"about":[{"href":"https:\/\/dev.optiphi.at\/index.php?rest_route=\/wp\/v2\/types\/product"}],"replies":[{"embeddable":true,"href":"https:\/\/dev.optiphi.at\/index.php?rest_route=%2Fwp%2Fv2%2Fcomments&post=116"}],"wp:featuredmedia":[{"embeddable":true,"href":"https:\/\/dev.optiphi.at\/index.php?rest_route=\/wp\/v2\/media\/138"}],"wp:attachment":[{"href":"https:\/\/dev.optiphi.at\/index.php?rest_route=%2Fwp%2Fv2%2Fmedia&parent=116"}],"wp:term":[{"taxonomy":"product_cat","embeddable":true,"href":"https:\/\/dev.optiphi.at\/index.php?rest_route=%2Fwp%2Fv2%2Fproduct_cat&post=116"},{"taxonomy":"product_tag","embeddable":true,"href":"https:\/\/dev.optiphi.at\/index.php?rest_route=%2Fwp%2Fv2%2Fproduct_tag&post=116"}],"curies":[{"name":"wp","href":"https:\/\/api.w.org\/{rel}","templated":true}]}}