{"id":119,"date":"2022-07-07T08:16:38","date_gmt":"2022-07-07T08:16:38","guid":{"rendered":"https:\/\/dev.optiphi.at\/?post_type=product&#038;p=119"},"modified":"2022-09-09T20:19:11","modified_gmt":"2022-09-09T20:19:11","slug":"rejuvenating-revitalizer","status":"publish","type":"product","link":"https:\/\/dev.optiphi.at\/?product=rejuvenating-revitalizer","title":{"rendered":"Rejuvenating Revitalizer"},"content":{"rendered":"<p>[et_pb_section fb_built=&#8220;1&#8243; _builder_version=&#8220;3.22&#8243; custom_padding=&#8220;0px||||false|false&#8220; global_colors_info=&#8220;{}&#8220;][et_pb_row _builder_version=&#8220;4.13.1&#8243; background_size=&#8220;initial&#8220; background_position=&#8220;top_left&#8220; background_repeat=&#8220;repeat&#8220; custom_padding=&#8220;0px||0px||false|false&#8220; global_colors_info=&#8220;{}&#8220;][et_pb_column type=&#8220;4_4&#8243; _builder_version=&#8220;3.25&#8243; custom_padding=&#8220;|||&#8220; global_colors_info=&#8220;{}&#8220; custom_padding__hover=&#8220;|||&#8220;][et_pb_wc_breadcrumb _builder_version=&#8220;3.0.47&#8243; global_colors_info=&#8220;{}&#8220;][\/et_pb_wc_breadcrumb][et_pb_wc_cart_notice _builder_version=&#8220;3.0.47&#8243; global_colors_info=&#8220;{}&#8220;][\/et_pb_wc_cart_notice][\/et_pb_column][\/et_pb_row][et_pb_row column_structure=&#8220;1_2,1_2&#8243; _builder_version=&#8220;4.13.1&#8243; background_size=&#8220;initial&#8220; background_position=&#8220;top_left&#8220; background_repeat=&#8220;repeat&#8220; custom_padding=&#8220;0px||||false|false&#8220; global_colors_info=&#8220;{}&#8220;][et_pb_column type=&#8220;1_2&#8243; _builder_version=&#8220;3.25&#8243; custom_padding=&#8220;|||&#8220; global_colors_info=&#8220;{}&#8220; custom_padding__hover=&#8220;|||&#8220;][et_pb_wc_images _builder_version=&#8220;3.0.47&#8243; global_colors_info=&#8220;{}&#8220;][\/et_pb_wc_images][\/et_pb_column][et_pb_column type=&#8220;1_2&#8243; _builder_version=&#8220;3.25&#8243; custom_padding=&#8220;|||&#8220; global_colors_info=&#8220;{}&#8220; custom_padding__hover=&#8220;|||&#8220;][et_pb_wc_title _builder_version=&#8220;4.13.1&#8243; header_font=&#8220;||||||||&#8220; global_colors_info=&#8220;{}&#8220;][\/et_pb_wc_title][et_pb_wc_description _builder_version=&#8220;4.13.1&#8243; global_colors_info=&#8220;{}&#8220;][\/et_pb_wc_description][et_pb_accordion admin_label=&#8220;Akkordeon&#8220; module_class=&#8220;pulchris_accordion&#8220; _builder_version=&#8220;4.13.1&#8243; _module_preset=&#8220;default&#8220; custom_margin=&#8220;|||20px|false|false&#8220; custom_css_toggle_icon=&#8220;content: &#8218;3&#8216;;&#8220; global_colors_info=&#8220;{}&#8220;][et_pb_accordion_item title=&#8220;Wissenswertes zur Produktwirkung &#8220; open=&#8220;on&#8220; _builder_version=&#8220;4.13.1&#8243; _module_preset=&#8220;default&#8220; global_colors_info=&#8220;{}&#8220;][\/et_pb_accordion_item][et_pb_accordion_item title=&#8220;Welche Aggressoren sind f\u00fcr Entz\u00fcndungen verantwortlich?&#8220; _builder_version=&#8220;4.13.1&#8243; _module_preset=&#8220;default&#8220; global_colors_info=&#8220;{}&#8220; open=&#8220;off&#8220;]Freie Radikale oxidieren mit anderen zytopasmatischen Komponenten und verursachen Zellsch\u00e4den<\/p>\n<p>Arachidons\u00e4ure bildet sich in der Zellmembran<\/p>\n<p>Prostalglandine bilden sich im Hautgewebe z.b. durch lange UV Bestrahlung. Es entstehen R\u00f6tungen und Schwellungen<\/p>\n<p>Proteolytische Enzyme werden w\u00e4hrend der Wundheilung produziert. Eine \u00dcberaktivit\u00e4t kann zum Abbau von Kollagen, Elastin und Hyalurons\u00e4ure f\u00fchren. Eine vorzeitige Hautalterung setzt ein.<\/p>\n<p>Prostalglandine und Leukotrine sind f\u00fcr die Induktion einer postinflamatorischen Hyperpigmentierung der Haut verantwortlich.<br \/>\n[\/et_pb_accordion_item][et_pb_accordion_item title=&#8220;Was sind freie Radikale und Antioxidantien und wie wirken sie?&#8220; _builder_version=&#8220;4.13.1&#8243; _module_preset=&#8220;default&#8220; global_colors_info=&#8220;{}&#8220; open=&#8220;off&#8220;]<\/p>\n<p class=\"p1\"><span class=\"s1\"><strong>Freie Radikale<\/strong> sind Stoffwechselprodukte also Molek\u00fcle, denen ein Elektron fehlt. Sie sind dadurch sehr reaktionsfreudig und versuchen von anderen Molek\u00fclen z.b. von Kollagen und Elastin ein Elektron zu stehlen, wodurch das bestohlene Molek\u00fcl ebenfalls zu einem freien Radikal wird. Es entsteht eine Kettenreaktion. Dieser oxidative Stress kann zu massiven Sch\u00e4digungen in unserem K\u00f6rper f\u00fchren und unsere Haut schnell und stark altern lassen. <\/span><\/p>\n<p class=\"p1\"><span class=\"s1\"><strong>Antioxidantien<\/strong> haben ein Elektron zu viel<span class=\"Apple-converted-space\">\u00a0 <\/span>und k\u00f6nnen dieses abgeben. Deutlich wird das mit einem angeschnittenen Apfel. Die Schnittfl\u00e4che ist Sauerstoff ausgesetzt, es entstehen freie Radikale, die Schnittfl\u00e4che wird braun. Gibt man Zitronensaft darauf, also das Antioxidans Vitamin C verhindert man die Oxidation. <\/span><\/p>\n<p class=\"p1\"><span class=\"s1\">Retinol f\u00f6rdert die Kollagen und Elastinproduktion &#8211; minderst so die Faltentiefe. Bek\u00e4mpft alle Anzeichen des Alterns. Reguliert die Talgproduktion. <b><br \/><\/b>Stimuliert die Proteinsynthese, verbessert die Barrierefunktion, wirkt entz\u00fcndungshemmend.<\/span><\/p>\n<p>[\/et_pb_accordion_item][et_pb_accordion_item title=&#8220;Was ist Bakuchiol und wie wirkt es?&#8220; _builder_version=&#8220;4.13.1&#8243; _module_preset=&#8220;default&#8220; global_colors_info=&#8220;{}&#8220; open=&#8220;off&#8220;]<\/p>\n<p class=\"p1\"><span class=\"s1\">Bakuchiol wird aus den Samen der indischen Babchi-Pflanze gewonnen und ist in der ayurvedischen Medizin ein seit Jahrhunderten verwendetes Heilmittel.<\/span><\/p>\n<p class=\"p1\"><span class=\"s1\"> Bakuchiol hat eine \u00e4hnliche Wirkung wie Retinol und hilft Kollagen und Elastin zu speichern. Ein Wirkstoff der, so belegen Studien, eine starke antioxidative Wirkung zeigt und so dem Alterungsprozess entgegenwirkt. <\/span><\/p>\n<p>[\/et_pb_accordion_item][et_pb_accordion_item title=&#8220;Wichtige Wirkstoffe:&#8220; _builder_version=&#8220;4.13.1&#8243; _module_preset=&#8220;default&#8220; global_colors_info=&#8220;{}&#8220; open=&#8220;off&#8220;]<\/p>\n<p class=\"p1\"><span class=\"s1\"><b>Bakuchiol<\/b><br \/>\u2013 Stimuliert die gleichen Genexpressionen wie Retinol, ohne Retinol-Irritation.<br \/>\u2013 Verst\u00e4rkt die Kollagene I, III &amp; IV.<br \/>\u2013 Starke Anti-Falten-Wirkung<br \/>\u2013 Verbessert die Pigmentierung<br \/>\u2013 Sch\u00fctzt die mitochondrialen Funktionen vor oxidativem Stress<br \/>\u2013 Herunterregulieren von pro-inflammatorischen Genen und Enzymen<\/span><\/p>\n<p class=\"p1\"><span class=\"s1\"><b>Vitamin A (Retinol 0,2%)<\/b><i><br \/><\/i>\u2013 Erh\u00f6ht die Kollagen- und Elastinproduktion<br \/>\u2013 Bek\u00e4mpft alle Anzeichen des Alterns.<\/span><\/p>\n<p class=\"p1\"><span class=\"s1\">Retard \u2013 System:<b><br \/>optiphi\u00ae verf\u00fcgt \u00fcber ein innovatives Zeitkontrollsystem welches Vitamin A \u00fcber einen Zeitraum von 12 Stunden kontinuierlich an die Haut abgibt.<\/b><\/span><\/p>\n<p class=\"p1\"><span class=\"s1\"><b>Pentapeptid-4 + Oligopeptid<\/b><i><br \/><\/i>\u2013 Stimuliert die Synthese von Matrixproteinen<br \/>\u2013 Verdichtet die Dermis<br \/>\u2013 Vermindert tiefe Falten<\/span><\/p>\n<p class=\"p1\"><span class=\"s1\"><b>Ceramide<\/b><i><br \/><\/i>\u2013 Verhindert den Verlust von Feuchtigkeit<\/span><\/p>\n<p class=\"p1\"><span class=\"s1\"><i>*<\/i><b>Teprenone<\/b><i><br \/><\/i>\u2013 Erh\u00e4lt die Feuchtigkeit in der Haut.<br \/>\u2013 Verbessert die Widerstandsf\u00e4higkeit der Haut gegen UVB- Strahlung.<\/span><\/p>\n<p class=\"p1\"><span class=\"s1\"><b>Enzym Q10 + Carnitin<\/b><i><br \/><\/i>\u2013 Unterst\u00fctzt die Produktion von Kollagen.<br \/>\u2013 Starkes Antioxidans<\/span><\/p>\n<p>[\/et_pb_accordion_item][\/et_pb_accordion][et_pb_wc_price _builder_version=&#8220;4.13.1&#8243; body_text_color=&#8220;#666666&#8243; global_colors_info=&#8220;{}&#8220;][\/et_pb_wc_price][et_pb_wc_add_to_cart _builder_version=&#8220;3.0.47&#8243; global_colors_info=&#8220;{}&#8220;][\/et_pb_wc_add_to_cart][et_pb_text _builder_version=&#8220;4.13.1&#8243; _module_preset=&#8220;default&#8220; global_colors_info=&#8220;{}&#8220;]<\/p>\n<p class=\"p1\"><span class=\"s1\">Dieses Produkt ist frei von Parabenen, Wachstumsfaktoren, Seifen, Nanopartikeln, Konservierungs- und Duftstoffen. Es wurde ohne Tierversuche entwickelt, ist vegan und pH-hautneutral.<\/span><\/p>\n<p>[\/et_pb_text][\/et_pb_column][\/et_pb_row][et_pb_row _builder_version=&#8220;4.13.1&#8243; background_size=&#8220;initial&#8220; background_position=&#8220;top_left&#8220; background_repeat=&#8220;repeat&#8220; global_colors_info=&#8220;{}&#8220;][et_pb_column type=&#8220;4_4&#8243; _builder_version=&#8220;3.25&#8243; custom_padding=&#8220;|||&#8220; global_colors_info=&#8220;{}&#8220; custom_padding__hover=&#8220;|||&#8220;][et_pb_wc_tabs _builder_version=&#8220;3.0.47&#8243; global_colors_info=&#8220;{}&#8220;] [\/et_pb_wc_tabs][et_pb_wc_upsells _builder_version=&#8220;3.0.47&#8243; global_colors_info=&#8220;{}&#8220;][\/et_pb_wc_upsells][et_pb_wc_related_products _builder_version=&#8220;3.0.47&#8243; global_colors_info=&#8220;{}&#8220;][\/et_pb_wc_related_products][et_pb_wc_rating _builder_version=&#8220;3.0.47&#8243; global_colors_info=&#8220;{}&#8220;][\/et_pb_wc_rating][\/et_pb_column][\/et_pb_row][\/et_pb_section]<\/p>\n","protected":false},"excerpt":{"rendered":"<p class=\"p1\"><span class=\"s1\">F\u00fcr einen intensiven Aufbau der Hautmatrix <\/span><\/p>\n<p><strong>Hautanalysecode <\/strong><span class=\"s1\"><b>WDSP<\/b><\/span><\/p>\n<p>Inhalt: 40 ml<\/p>\n","protected":false},"featured_media":137,"comment_status":"open","ping_status":"closed","template":"","meta":{"_et_pb_use_builder":"on","_et_pb_old_content":"<strong>Besonders wirksam bei:<\/strong>\r\n<ul>\r\n \t<li>\r\n<p class=\"p1\"><span class=\"s1\">Tiefen Falten<\/span><\/p>\r\n<\/li>\r\n \t<li>\r\n<p class=\"p1\"><span class=\"s1\">Schlaffer, trockener und pigmentierter Haut <\/span><\/p>\r\n<p class=\"p1\"><\/p>\r\n<\/li>\r\n<\/ul>\r\n<p class=\"p1\"><strong>Anwendung:\r\n<\/strong><span class=\"s1\">Kann nach der Reinigung einzeln verwendet werden, oder kann \u00dcBER Ihre \u00fcbliche optiphi\u00ae Pflegeroutine angewendet werden.\r\n<\/span><span class=\"s1\">\u2013\u00a0Tragen Sie 1-2 Pump auf Gesicht, Hals und Dekollet\u00e9 auf.\r\n\u2013 Kann morgens und abends oder einmal am Tag angewendet werden.\r\n\u2013 Ideal f\u00fcr die abendliche Anwendung, da Rejuvenating Revitalizer eine h\u00f6here Konzentration an Retinol enth\u00e4lt und sich die Haut nachts am st\u00e4rksten regeneriert und repariert. <\/span><\/p>\r\n<p class=\"p1\"><span class=\"s1\">Beginnen Sie mit einer Anwendung einmal t\u00e4glich, zweimal w\u00f6chentlich, und bauen Sie allm\u00e4hlich auf, bis Rejuvenating<span class=\"Apple-converted-space\">\u00a0 <\/span>Revitalizer einmal t\u00e4glich, jeden Tag verwendet werden kann. Danach bauen Sie allm\u00e4hlich eine zweite t\u00e4gliche Anwendung in die Hautpflegeroutine ein.<\/span><\/p>","_et_gb_content_width":"","inline_featured_image":false},"product_cat":[22],"product_tag":[],"class_list":{"0":"post-119","1":"product","2":"type-product","3":"status-publish","4":"has-post-thumbnail","6":"product_cat-anti-aging","8":"first","9":"instock","10":"shipping-taxable","11":"purchasable","12":"product-type-simple"},"_links":{"self":[{"href":"https:\/\/dev.optiphi.at\/index.php?rest_route=\/wp\/v2\/product\/119","targetHints":{"allow":["GET"]}}],"collection":[{"href":"https:\/\/dev.optiphi.at\/index.php?rest_route=\/wp\/v2\/product"}],"about":[{"href":"https:\/\/dev.optiphi.at\/index.php?rest_route=\/wp\/v2\/types\/product"}],"replies":[{"embeddable":true,"href":"https:\/\/dev.optiphi.at\/index.php?rest_route=%2Fwp%2Fv2%2Fcomments&post=119"}],"wp:featuredmedia":[{"embeddable":true,"href":"https:\/\/dev.optiphi.at\/index.php?rest_route=\/wp\/v2\/media\/137"}],"wp:attachment":[{"href":"https:\/\/dev.optiphi.at\/index.php?rest_route=%2Fwp%2Fv2%2Fmedia&parent=119"}],"wp:term":[{"taxonomy":"product_cat","embeddable":true,"href":"https:\/\/dev.optiphi.at\/index.php?rest_route=%2Fwp%2Fv2%2Fproduct_cat&post=119"},{"taxonomy":"product_tag","embeddable":true,"href":"https:\/\/dev.optiphi.at\/index.php?rest_route=%2Fwp%2Fv2%2Fproduct_tag&post=119"}],"curies":[{"name":"wp","href":"https:\/\/api.w.org\/{rel}","templated":true}]}}