{"id":131,"date":"2022-07-07T10:35:08","date_gmt":"2022-07-07T10:35:08","guid":{"rendered":"https:\/\/dev.optiphi.at\/?post_type=product&#038;p=131"},"modified":"2022-09-09T20:15:27","modified_gmt":"2022-09-09T20:15:27","slug":"body-foliant","status":"publish","type":"product","link":"https:\/\/dev.optiphi.at\/?product=body-foliant","title":{"rendered":"Body Foliant"},"content":{"rendered":"<p>[et_pb_section fb_built=&#8220;1&#8243; _builder_version=&#8220;3.22&#8243; custom_padding=&#8220;0px||||false|false&#8220; global_colors_info=&#8220;{}&#8220;][et_pb_row _builder_version=&#8220;4.13.1&#8243; background_size=&#8220;initial&#8220; background_position=&#8220;top_left&#8220; background_repeat=&#8220;repeat&#8220; custom_padding=&#8220;0px||0px||false|false&#8220; global_colors_info=&#8220;{}&#8220;][et_pb_column type=&#8220;4_4&#8243; _builder_version=&#8220;3.25&#8243; custom_padding=&#8220;|||&#8220; global_colors_info=&#8220;{}&#8220; custom_padding__hover=&#8220;|||&#8220;][et_pb_wc_breadcrumb _builder_version=&#8220;3.0.47&#8243; global_colors_info=&#8220;{}&#8220;][\/et_pb_wc_breadcrumb][et_pb_wc_cart_notice _builder_version=&#8220;3.0.47&#8243; global_colors_info=&#8220;{}&#8220;][\/et_pb_wc_cart_notice][\/et_pb_column][\/et_pb_row][et_pb_row column_structure=&#8220;1_2,1_2&#8243; _builder_version=&#8220;4.13.1&#8243; background_size=&#8220;initial&#8220; background_position=&#8220;top_left&#8220; background_repeat=&#8220;repeat&#8220; custom_padding=&#8220;0px||||false|false&#8220; global_colors_info=&#8220;{}&#8220;][et_pb_column type=&#8220;1_2&#8243; _builder_version=&#8220;3.25&#8243; custom_padding=&#8220;|||&#8220; global_colors_info=&#8220;{}&#8220; custom_padding__hover=&#8220;|||&#8220;][et_pb_wc_images _builder_version=&#8220;3.0.47&#8243; global_colors_info=&#8220;{}&#8220;][\/et_pb_wc_images][\/et_pb_column][et_pb_column type=&#8220;1_2&#8243; _builder_version=&#8220;3.25&#8243; custom_padding=&#8220;|||&#8220; global_colors_info=&#8220;{}&#8220; custom_padding__hover=&#8220;|||&#8220;][et_pb_wc_title _builder_version=&#8220;4.13.1&#8243; header_font=&#8220;||||||||&#8220; global_colors_info=&#8220;{}&#8220;][\/et_pb_wc_title][et_pb_wc_description _builder_version=&#8220;4.13.1&#8243; global_colors_info=&#8220;{}&#8220;][\/et_pb_wc_description][et_pb_accordion admin_label=&#8220;Akkordeon&#8220; module_class=&#8220;pulchris_accordion&#8220; _builder_version=&#8220;4.13.1&#8243; _module_preset=&#8220;default&#8220; custom_margin=&#8220;|||20px|false|false&#8220; hover_enabled=&#8220;0&#8243; custom_css_toggle_icon=&#8220;content: &#8218;3&#8216;;&#8220; global_colors_info=&#8220;{}&#8220; sticky_enabled=&#8220;0&#8243;][et_pb_accordion_item title=&#8220;Wissenswertes zur Produktwirkung &#8220; open=&#8220;on&#8220; _builder_version=&#8220;4.13.1&#8243; _module_preset=&#8220;default&#8220; global_colors_info=&#8220;{}&#8220;][\/et_pb_accordion_item][et_pb_accordion_item title=&#8220;Welche Aggressoren sind f\u00fcr Entz\u00fcndungen verantwortlich?&#8220; _builder_version=&#8220;4.13.1&#8243; _module_preset=&#8220;default&#8220; global_colors_info=&#8220;{}&#8220; open=&#8220;off&#8220;]Freie Radikale oxidieren mit anderen zytopasmatischen Komponenten und verursachen Zellsch\u00e4den<\/p>\n<p>Arachidons\u00e4ure bildet sich in der Zellmembran<\/p>\n<p>Prostalglandine bilden sich im Hautgewebe z.b. durch lange UV Bestrahlung. Es entstehen R\u00f6tungen und Schwellungen<\/p>\n<p>Proteolytische Enzyme werden w\u00e4hrend der Wundheilung produziert. Eine \u00dcberaktivit\u00e4t kann zum Abbau von Kollagen, Elastin und Hyalurons\u00e4ure f\u00fchren. Eine vorzeitige Hautalterung setzt ein.<\/p>\n<p>Prostalglandine und Leukotrine sind f\u00fcr die Induktion einer postinflamatorischen Hyperpigmentierung der Haut verantwortlich.<br \/>\n[\/et_pb_accordion_item][et_pb_accordion_item title=&#8220;Wichtige Wirkstoffe:&#8220; _builder_version=&#8220;4.13.1&#8243; _module_preset=&#8220;default&#8220; global_colors_info=&#8220;{}&#8220; open=&#8220;off&#8220;]<\/p>\n<p class=\"p1\"><span class=\"s1\"><b>Glykols\u00e4ure<br \/><\/b><\/span><span class=\"s1\">\u2013 Hilft bei der chemischen Exfoliation, verbessert die Zellproliferation und kontrolliert Entz\u00fcndungen<br \/><\/span><span class=\"s1\">\u2013 Stimuliert die Synthese der Fibroblastenaktivit\u00e4t<br \/><\/span><span class=\"s1\">\u2013 Stellt lichtgesch\u00e4digte Haut wieder her<\/span><\/p>\n<p class=\"p1\"><span class=\"s1\"><b>Milchs\u00e4ure<\/b><i><br \/><\/i>\u2013 Stellt den nat\u00fcrlichen Feuchtigkeitsfaktor (NMF) wieder her und repariert ihn<br \/>\u2013 Erh\u00f6ht die Ceramid-Festigkeit im Stratum corneum<br \/>\u2013 Hellt die Hyperpigmentierung auf und unterdr\u00fcckt die Tyrosinase-Aktivit\u00e4t in den Hautzellen<br \/>\u2013 Erh\u00f6ht die Zellverj\u00fcngung und verbessert die Hautstruktur, den Hautton und das Aussehen<br \/>\u2013 Wirkt als Feuchthaltemittel und bewahrt den Feuchtigkeitsgehalt der Haut<\/span><\/p>\n<p class=\"p1\"><span class=\"s1\"><b>Bacillus-Ferment<\/b><i><br \/><\/i>\u2013 Enzymatisches Peeling, welches die Desmosomen-Verbindungen unterst\u00fctzt und Epithelzellen zusammenh\u00e4lt<br \/>\u2013 Stimuliert die zellul\u00e4re Keratinisierung und verbessert die Gesamtzellumsatzrate<\/span><\/p>\n<p>[\/et_pb_accordion_item][\/et_pb_accordion][et_pb_wc_price _builder_version=&#8220;4.13.1&#8243; body_text_color=&#8220;#666666&#8243; global_colors_info=&#8220;{}&#8220;][\/et_pb_wc_price][et_pb_wc_add_to_cart _builder_version=&#8220;3.0.47&#8243; global_colors_info=&#8220;{}&#8220;][\/et_pb_wc_add_to_cart][et_pb_text _builder_version=&#8220;4.13.1&#8243; _module_preset=&#8220;default&#8220; global_colors_info=&#8220;{}&#8220;]<\/p>\n<p class=\"p1\"><span class=\"s1\">Dieses Produkt ist frei von Parabenen, Wachstumsfaktoren, Seifen, Nanopartikeln, Konservierungs- und Duftstoffen. Es wurde ohne Tierversuche entwickelt, ist vegan und pH-hautneutral.<\/span><\/p>\n<p>[\/et_pb_text][\/et_pb_column][\/et_pb_row][et_pb_row _builder_version=&#8220;4.13.1&#8243; background_size=&#8220;initial&#8220; background_position=&#8220;top_left&#8220; background_repeat=&#8220;repeat&#8220; global_colors_info=&#8220;{}&#8220;][et_pb_column type=&#8220;4_4&#8243; _builder_version=&#8220;3.25&#8243; custom_padding=&#8220;|||&#8220; global_colors_info=&#8220;{}&#8220; custom_padding__hover=&#8220;|||&#8220;][et_pb_wc_tabs _builder_version=&#8220;3.0.47&#8243; global_colors_info=&#8220;{}&#8220;] [\/et_pb_wc_tabs][et_pb_wc_upsells _builder_version=&#8220;3.0.47&#8243; global_colors_info=&#8220;{}&#8220;][\/et_pb_wc_upsells][et_pb_wc_related_products _builder_version=&#8220;3.0.47&#8243; global_colors_info=&#8220;{}&#8220;][\/et_pb_wc_related_products][et_pb_wc_rating _builder_version=&#8220;3.0.47&#8243; global_colors_info=&#8220;{}&#8220;][\/et_pb_wc_rating][\/et_pb_column][\/et_pb_row][\/et_pb_section]<\/p>\n","protected":false},"excerpt":{"rendered":"<p class=\"p1\"><span class=\"s1\">Enzymatisches und chemisches K\u00f6rperpeeling mit zweifacher Wirkung. Macht ihre Haut seidig weich und optisch frisch. Der zweifache Wirkungskomplex peelt Ihre Haut. Abgestorbene Hautzellen werden sanft entfernt und empfindliche Haut beruhigt, w\u00e4hrend lebenswichtige Antioxidantien wiederhergestellt werden.<\/span><\/p>\n<p>Inhalt: 200 ml<\/p>\n","protected":false},"featured_media":132,"comment_status":"open","ping_status":"closed","template":"","meta":{"_et_pb_use_builder":"on","_et_pb_old_content":"<p class=\"p1\"><span class=\"s1\"><b>Produktvorteil:<\/b><\/span><\/p>\r\n\r\n<ul>\r\n \t<li>\r\n<p class=\"p1\"><span class=\"s1\">Zweifach-Peeling enzymatisch und chemisch<\/span><\/p>\r\n<\/li>\r\n \t<li>\r\n<p class=\"p1\"><span class=\"s1\">Entfernung abgestorbener Hautzellen und erh\u00f6hte Keratinisierung<\/span><\/p>\r\n<\/li>\r\n \t<li>\r\n<p class=\"p1\"><span class=\"s1\">Erh\u00f6hte Zellwechselrate<\/span><\/p>\r\n<\/li>\r\n \t<li>\r\n<p class=\"p1\"><span class=\"s1\">Verbessertes Hautbild<\/span><\/p>\r\n<\/li>\r\n \t<li>\r\n<p class=\"p1\"><span class=\"s1\">Glattere Hautbeschaffenheit<\/span><\/p>\r\n<\/li>\r\n \t<li>\r\n<p class=\"p1\"><span class=\"s1\">Verbesserte Barrierefunktion<\/span><\/p>\r\n<\/li>\r\n \t<li>\r\n<p class=\"p1\"><span class=\"s1\">Angereicherter Feuchtigkeitsgehalt der Haut<\/span><\/p>\r\n<\/li>\r\n<\/ul>\r\n&nbsp;\r\n<p class=\"p1\"><strong>Anwendung:\r\n<\/strong><span class=\"s1\">Verwenden Sie Body Foliant am Abend nach der Reinigung. Kein Aussp\u00fclen oder Entfernen erforderlich.<\/span><\/p>\r\n<p class=\"p1\"><span class=\"s1\"><strong>NICHT f\u00fcr den Gesichtsbereich!<\/strong>\r\nGeeignet f\u00fcr alle Hauttypen und Hautprobleme mit Ausnahme von Personen die Cortison oder Roakutan verwenden, Nicht f\u00fcr Psoriasispatienten geeignet.<\/span><\/p>\r\n<p class=\"p1\"><span class=\"s1\"><b>Ideale Produktkombinationen:\r\n<\/b><\/span><span class=\"s1\">Wir empfehlen: \u00df-Body Wash, Body Lotion, Scar Therapy, Sculpting Repair, Sonnenschutz SPF 50 oder Solar Spritz SPF 30.<\/span><\/p>\r\n<p class=\"p1\"><span class=\"s1\">\u00a0<\/span><\/p>","_et_gb_content_width":"","inline_featured_image":false},"product_cat":[29],"product_tag":[],"class_list":{"0":"post-131","1":"product","2":"type-product","3":"status-publish","4":"has-post-thumbnail","6":"product_cat-koerperpflege","8":"first","9":"instock","10":"shipping-taxable","11":"purchasable","12":"product-type-simple"},"_links":{"self":[{"href":"https:\/\/dev.optiphi.at\/index.php?rest_route=\/wp\/v2\/product\/131","targetHints":{"allow":["GET"]}}],"collection":[{"href":"https:\/\/dev.optiphi.at\/index.php?rest_route=\/wp\/v2\/product"}],"about":[{"href":"https:\/\/dev.optiphi.at\/index.php?rest_route=\/wp\/v2\/types\/product"}],"replies":[{"embeddable":true,"href":"https:\/\/dev.optiphi.at\/index.php?rest_route=%2Fwp%2Fv2%2Fcomments&post=131"}],"wp:featuredmedia":[{"embeddable":true,"href":"https:\/\/dev.optiphi.at\/index.php?rest_route=\/wp\/v2\/media\/132"}],"wp:attachment":[{"href":"https:\/\/dev.optiphi.at\/index.php?rest_route=%2Fwp%2Fv2%2Fmedia&parent=131"}],"wp:term":[{"taxonomy":"product_cat","embeddable":true,"href":"https:\/\/dev.optiphi.at\/index.php?rest_route=%2Fwp%2Fv2%2Fproduct_cat&post=131"},{"taxonomy":"product_tag","embeddable":true,"href":"https:\/\/dev.optiphi.at\/index.php?rest_route=%2Fwp%2Fv2%2Fproduct_tag&post=131"}],"curies":[{"name":"wp","href":"https:\/\/api.w.org\/{rel}","templated":true}]}}