{"id":147,"date":"2022-07-07T11:30:10","date_gmt":"2022-07-07T11:30:10","guid":{"rendered":"https:\/\/dev.optiphi.at\/?post_type=product&#038;p=147"},"modified":"2022-09-09T20:13:42","modified_gmt":"2022-09-09T20:13:42","slug":"moisture-control-light","status":"publish","type":"product","link":"https:\/\/dev.optiphi.at\/?product=moisture-control-light","title":{"rendered":"Moisture Control Light"},"content":{"rendered":"<p>[et_pb_section fb_built=&#8220;1&#8243; _builder_version=&#8220;3.22&#8243; custom_padding=&#8220;0px||||false|false&#8220; global_colors_info=&#8220;{}&#8220;][et_pb_row _builder_version=&#8220;4.13.1&#8243; background_size=&#8220;initial&#8220; background_position=&#8220;top_left&#8220; background_repeat=&#8220;repeat&#8220; custom_padding=&#8220;0px||0px||false|false&#8220; global_colors_info=&#8220;{}&#8220;][et_pb_column type=&#8220;4_4&#8243; _builder_version=&#8220;3.25&#8243; custom_padding=&#8220;|||&#8220; global_colors_info=&#8220;{}&#8220; custom_padding__hover=&#8220;|||&#8220;][et_pb_wc_breadcrumb _builder_version=&#8220;3.0.47&#8243; global_colors_info=&#8220;{}&#8220;][\/et_pb_wc_breadcrumb][et_pb_wc_cart_notice _builder_version=&#8220;3.0.47&#8243; global_colors_info=&#8220;{}&#8220;][\/et_pb_wc_cart_notice][\/et_pb_column][\/et_pb_row][et_pb_row column_structure=&#8220;1_2,1_2&#8243; _builder_version=&#8220;4.13.1&#8243; background_size=&#8220;initial&#8220; background_position=&#8220;top_left&#8220; background_repeat=&#8220;repeat&#8220; custom_padding=&#8220;0px||||false|false&#8220; global_colors_info=&#8220;{}&#8220;][et_pb_column type=&#8220;1_2&#8243; _builder_version=&#8220;3.25&#8243; custom_padding=&#8220;|||&#8220; global_colors_info=&#8220;{}&#8220; custom_padding__hover=&#8220;|||&#8220;][et_pb_wc_images _builder_version=&#8220;3.0.47&#8243; global_colors_info=&#8220;{}&#8220;][\/et_pb_wc_images][\/et_pb_column][et_pb_column type=&#8220;1_2&#8243; _builder_version=&#8220;3.25&#8243; custom_padding=&#8220;|||&#8220; global_colors_info=&#8220;{}&#8220; custom_padding__hover=&#8220;|||&#8220;][et_pb_wc_title _builder_version=&#8220;4.13.1&#8243; header_font=&#8220;||||||||&#8220; global_colors_info=&#8220;{}&#8220;][\/et_pb_wc_title][et_pb_wc_description _builder_version=&#8220;4.13.1&#8243; global_colors_info=&#8220;{}&#8220;][\/et_pb_wc_description][et_pb_accordion admin_label=&#8220;Akkordeon&#8220; module_class=&#8220;pulchris_accordion&#8220; _builder_version=&#8220;4.13.1&#8243; _module_preset=&#8220;default&#8220; custom_margin=&#8220;|||20px|false|false&#8220; custom_css_toggle_icon=&#8220;content: &#8218;3&#8216;;&#8220; global_colors_info=&#8220;{}&#8220;][et_pb_accordion_item title=&#8220;Wissenswertes zur Produktwirkung &#8220; open=&#8220;on&#8220; _builder_version=&#8220;4.13.1&#8243; _module_preset=&#8220;default&#8220; global_colors_info=&#8220;{}&#8220;][\/et_pb_accordion_item][et_pb_accordion_item title=&#8220;Welche Aggressoren sind f\u00fcr Entz\u00fcndungen verantwortlich?&#8220; _builder_version=&#8220;4.13.1&#8243; _module_preset=&#8220;default&#8220; global_colors_info=&#8220;{}&#8220; open=&#8220;off&#8220;]Freie Radikale oxidieren mit anderen zytopasmatischen Komponenten und verursachen Zellsch\u00e4den<\/p>\n<p>Arachidons\u00e4ure bildet sich in der Zellmembran<\/p>\n<p>Prostalglandine bilden sich im Hautgewebe z.b. durch lange UV Bestrahlung. Es entstehen R\u00f6tungen und Schwellungen<\/p>\n<p>Proteolytische Enzyme werden w\u00e4hrend der Wundheilung produziert. Eine \u00dcberaktivit\u00e4t kann zum Abbau von Kollagen, Elastin und Hyalurons\u00e4ure f\u00fchren. Eine vorzeitige Hautalterung setzt ein.<\/p>\n<p>Prostalglandine und Leukotrine sind f\u00fcr die Induktion einer postinflamatorischen Hyperpigmentierung der Haut verantwortlich.<br \/>\n[\/et_pb_accordion_item][et_pb_accordion_item title=&#8220;Warum ist Hyaluron so wichtig f\u00fcr eine straffe, gesunde Haut?&#8220; _builder_version=&#8220;4.13.1&#8243; _module_preset=&#8220;default&#8220; global_colors_info=&#8220;{}&#8220; open=&#8220;off&#8220;]<\/p>\n<p class=\"p1\"><span class=\"s1\">Hyalurons\u00e4ure wird in unserem K\u00f6rper selbst hergestellt. Hyalurons\u00e4ure findet sich in, Gelenksfl\u00fcssigkeit, Knorpeln und im Bindegewebe. Im Alter nimmt die Hyalurons\u00e4ure ab. Aus F\u00e4ltchen werden Falten. Die Haut wird empfindlicher und trockener. 3 unterschiedliche Hyalurons\u00e4uren in verschiedenen molekularen Gr\u00f6\u00dfen, entfalten die Wirkung in jeder Ebene der Haut und das funktioniert deshalb so gut weil Hyalurons\u00e4ure bis zu 6 Liter Wasser pro Gramm Eigengewicht binden kann. <\/span><\/p>\n<p>[\/et_pb_accordion_item][et_pb_accordion_item title=&#8220;Wichtige Wirkstoffe:&#8220; _builder_version=&#8220;4.13.1&#8243; _module_preset=&#8220;default&#8220; global_colors_info=&#8220;{}&#8220; open=&#8220;off&#8220;]<\/p>\n<p class=\"p1\"><span class=\"s1\"><b>Imperata Cylindrica<\/b><br \/>Befeuchtet die Epidermis f\u00fcr 24 Stunden <\/span><span class=\"s2\">\u2219<\/span><\/p>\n<p class=\"p1\"><span class=\"s1\"><b>Ceramid<\/b><br \/>Verbessert die epidermale Barrierefunktion.<\/span><\/p>\n<p class=\"p1\"><span class=\"s1\"><b>Hyalurons\u00e4ure<\/b><br \/>Intensive und dauerhafte Hydratisierung<\/span><\/p>\n<p class=\"p1\"><span class=\"s1\"><b>Milchs\u00e4ure<\/b><br \/>Feuchtigkeitsspendend und verj\u00fcngend, Verbesserung der Hauttextur<\/span><\/p>\n<p class=\"p1\"><span class=\"s1\"><b>Vit B3 (Niacinamid)<\/b><br \/>Verringert die Pigmentierung und die \u00fcberm\u00e4\u00dfige Talgproduktion.<\/span><\/p>\n<p class=\"p1\"><span class=\"s1\"><b><i>L-Carnosin<\/i><\/b><br \/>Falten und Mimikfalten reduzieren, Hautfestigkeit erh\u00f6hen, sch\u00fctzt die Hautzellen vor oxidativer Alterung.<\/span><\/p>\n<p>[\/et_pb_accordion_item][\/et_pb_accordion][et_pb_wc_price _builder_version=&#8220;4.13.1&#8243; body_text_color=&#8220;#666666&#8243; global_colors_info=&#8220;{}&#8220;][\/et_pb_wc_price][et_pb_wc_add_to_cart _builder_version=&#8220;3.0.47&#8243; global_colors_info=&#8220;{}&#8220;][\/et_pb_wc_add_to_cart][et_pb_text _builder_version=&#8220;4.13.1&#8243; _module_preset=&#8220;default&#8220; global_colors_info=&#8220;{}&#8220;]<\/p>\n<p class=\"p1\"><span class=\"s1\">Dieses Produkt ist frei von Parabenen, Wachstumsfaktoren, Seifen, Nanopartikeln, Konservierungs- und Duftstoffen. Es wurde ohne Tierversuche entwickelt, ist vegan und pH-hautneutral.<\/span><\/p>\n<p>[\/et_pb_text][\/et_pb_column][\/et_pb_row][et_pb_row _builder_version=&#8220;4.13.1&#8243; background_size=&#8220;initial&#8220; background_position=&#8220;top_left&#8220; background_repeat=&#8220;repeat&#8220; global_colors_info=&#8220;{}&#8220;][et_pb_column type=&#8220;4_4&#8243; _builder_version=&#8220;3.25&#8243; custom_padding=&#8220;|||&#8220; global_colors_info=&#8220;{}&#8220; custom_padding__hover=&#8220;|||&#8220;][et_pb_wc_tabs _builder_version=&#8220;3.0.47&#8243; global_colors_info=&#8220;{}&#8220;] [\/et_pb_wc_tabs][et_pb_wc_upsells _builder_version=&#8220;3.0.47&#8243; global_colors_info=&#8220;{}&#8220;][\/et_pb_wc_upsells][et_pb_wc_related_products _builder_version=&#8220;3.0.47&#8243; global_colors_info=&#8220;{}&#8220;][\/et_pb_wc_related_products][et_pb_wc_rating _builder_version=&#8220;3.0.47&#8243; global_colors_info=&#8220;{}&#8220;][\/et_pb_wc_rating][\/et_pb_column][\/et_pb_row][\/et_pb_section]<\/p>\n","protected":false},"excerpt":{"rendered":"<p class=\"p1\"><span class=\"s1\">Spendet intensive, lang anhaltende Hautfeuchtigkeit<\/span><\/p>\n<p><strong>Hautanalysecode DSWP<\/strong><\/p>\n<p>Inhalt: 40 ml<\/p>\n","protected":false},"featured_media":149,"comment_status":"open","ping_status":"closed","template":"","meta":{"_et_pb_use_builder":"on","_et_pb_old_content":"<strong>Produktvorteil:<\/strong>\r\n<ul>\r\n \t<li>\r\n<p class=\"p1\"><span class=\"s1\">H\u00e4lt die Haut geschmeidig, glatt und hydratisiert <\/span><\/p>\r\n<\/li>\r\n \t<li>\r\n<p class=\"p1\"><span class=\"s1\">Verbessert die Hautbeschaffenheit<\/span><\/p>\r\n<\/li>\r\n \t<li>\r\n<p class=\"p1\"><span class=\"s1\">pH 5,5 erh\u00e4lt die Barrierefunktion aufrecht<\/span><\/p>\r\n<\/li>\r\n<\/ul>\r\n&nbsp;\r\n<p class=\"p1\"><strong>Anwendung:\r\n<\/strong><span class=\"s1\">1-2 Pumps auf Gesicht, Hals und Dekollet\u00e9 auftragen.\r\nF\u00fcr beste Ergebnisse wird die Anwendung morgens und abends empfohlen.<\/span><\/p>\r\n<p class=\"p1\"><strong><span class=\"s1\">Geeignet f\u00fcr alle Hauttypen. Bei extrem trockener Haut empfehlen wir Moisture Control Ultra.<\/span><\/strong><\/p>\r\n<p class=\"p1\"><span class=\"s1\"><b>Ideale Produktkombinationen:\r\n<\/b><\/span><span class=\"s1\">Kann mit jedem Produkt aus der optiphi\u00ae Skincare Reihe kombiniert werden.\r\n<\/span><span class=\"s1\">Wir empfehlen: Facial Cleanser\/ Eyesigns Active Gel\/ Complexion Control, Ageless.\r\n<\/span><span class=\"s1\">Active Gel, Dermintense Active Gel, Protecting Revitalizer, Rejuvenating Revitalizer.<\/span><\/p>\r\n<p class=\"p1\"><span class=\"s1\">\u00a0<\/span><\/p>","_et_gb_content_width":"","inline_featured_image":false},"product_cat":[24],"product_tag":[],"class_list":{"0":"post-147","1":"product","2":"type-product","3":"status-publish","4":"has-post-thumbnail","6":"product_cat-feuchtigkeitsversorgung","8":"first","9":"instock","10":"shipping-taxable","11":"purchasable","12":"product-type-simple"},"_links":{"self":[{"href":"https:\/\/dev.optiphi.at\/index.php?rest_route=\/wp\/v2\/product\/147","targetHints":{"allow":["GET"]}}],"collection":[{"href":"https:\/\/dev.optiphi.at\/index.php?rest_route=\/wp\/v2\/product"}],"about":[{"href":"https:\/\/dev.optiphi.at\/index.php?rest_route=\/wp\/v2\/types\/product"}],"replies":[{"embeddable":true,"href":"https:\/\/dev.optiphi.at\/index.php?rest_route=%2Fwp%2Fv2%2Fcomments&post=147"}],"wp:featuredmedia":[{"embeddable":true,"href":"https:\/\/dev.optiphi.at\/index.php?rest_route=\/wp\/v2\/media\/149"}],"wp:attachment":[{"href":"https:\/\/dev.optiphi.at\/index.php?rest_route=%2Fwp%2Fv2%2Fmedia&parent=147"}],"wp:term":[{"taxonomy":"product_cat","embeddable":true,"href":"https:\/\/dev.optiphi.at\/index.php?rest_route=%2Fwp%2Fv2%2Fproduct_cat&post=147"},{"taxonomy":"product_tag","embeddable":true,"href":"https:\/\/dev.optiphi.at\/index.php?rest_route=%2Fwp%2Fv2%2Fproduct_tag&post=147"}],"curies":[{"name":"wp","href":"https:\/\/api.w.org\/{rel}","templated":true}]}}