{"id":151,"date":"2022-07-07T11:48:50","date_gmt":"2022-07-07T11:48:50","guid":{"rendered":"https:\/\/dev.optiphi.at\/?post_type=product&#038;p=151"},"modified":"2022-09-09T20:12:21","modified_gmt":"2022-09-09T20:12:21","slug":"scar-therapy","status":"publish","type":"product","link":"https:\/\/dev.optiphi.at\/?product=scar-therapy","title":{"rendered":"Scar Therapy"},"content":{"rendered":"<p>[et_pb_section fb_built=&#8220;1&#8243; _builder_version=&#8220;3.22&#8243; custom_padding=&#8220;0px||||false|false&#8220; global_colors_info=&#8220;{}&#8220;][et_pb_row _builder_version=&#8220;4.13.1&#8243; background_size=&#8220;initial&#8220; background_position=&#8220;top_left&#8220; background_repeat=&#8220;repeat&#8220; custom_padding=&#8220;0px||0px||false|false&#8220; global_colors_info=&#8220;{}&#8220;][et_pb_column type=&#8220;4_4&#8243; _builder_version=&#8220;3.25&#8243; custom_padding=&#8220;|||&#8220; global_colors_info=&#8220;{}&#8220; custom_padding__hover=&#8220;|||&#8220;][et_pb_wc_breadcrumb _builder_version=&#8220;3.0.47&#8243; global_colors_info=&#8220;{}&#8220;][\/et_pb_wc_breadcrumb][et_pb_wc_cart_notice _builder_version=&#8220;3.0.47&#8243; global_colors_info=&#8220;{}&#8220;][\/et_pb_wc_cart_notice][\/et_pb_column][\/et_pb_row][et_pb_row column_structure=&#8220;1_2,1_2&#8243; _builder_version=&#8220;4.13.1&#8243; background_size=&#8220;initial&#8220; background_position=&#8220;top_left&#8220; background_repeat=&#8220;repeat&#8220; custom_padding=&#8220;0px||||false|false&#8220; global_colors_info=&#8220;{}&#8220;][et_pb_column type=&#8220;1_2&#8243; _builder_version=&#8220;3.25&#8243; custom_padding=&#8220;|||&#8220; global_colors_info=&#8220;{}&#8220; custom_padding__hover=&#8220;|||&#8220;][et_pb_wc_images _builder_version=&#8220;3.0.47&#8243; global_colors_info=&#8220;{}&#8220;][\/et_pb_wc_images][\/et_pb_column][et_pb_column type=&#8220;1_2&#8243; _builder_version=&#8220;3.25&#8243; custom_padding=&#8220;|||&#8220; global_colors_info=&#8220;{}&#8220; custom_padding__hover=&#8220;|||&#8220;][et_pb_wc_title _builder_version=&#8220;4.13.1&#8243; header_font=&#8220;||||||||&#8220; global_colors_info=&#8220;{}&#8220;][\/et_pb_wc_title][et_pb_wc_description _builder_version=&#8220;4.13.1&#8243; global_colors_info=&#8220;{}&#8220;][\/et_pb_wc_description][et_pb_accordion admin_label=&#8220;Akkordeon&#8220; module_class=&#8220;pulchris_accordion&#8220; _builder_version=&#8220;4.13.1&#8243; _module_preset=&#8220;default&#8220; custom_margin=&#8220;|||20px|false|false&#8220; hover_enabled=&#8220;0&#8243; custom_css_toggle_icon=&#8220;content: &#8218;3&#8216;;&#8220; global_colors_info=&#8220;{}&#8220; sticky_enabled=&#8220;0&#8243;][et_pb_accordion_item title=&#8220;Wissenswertes zur Produktwirkung &#8220; open=&#8220;on&#8220; _builder_version=&#8220;4.13.1&#8243; _module_preset=&#8220;default&#8220; global_colors_info=&#8220;{}&#8220;][\/et_pb_accordion_item][et_pb_accordion_item title=&#8220;Welche Aggressoren sind f\u00fcr Entz\u00fcndungen verantwortlich?&#8220; _builder_version=&#8220;4.13.1&#8243; _module_preset=&#8220;default&#8220; global_colors_info=&#8220;{}&#8220; open=&#8220;off&#8220;]Freie Radikale oxidieren mit anderen zytopasmatischen Komponenten und verursachen Zellsch\u00e4den<\/p>\n<p>Arachidons\u00e4ure bildet sich in der Zellmembran<\/p>\n<p>Prostalglandine bilden sich im Hautgewebe z.b. durch lange UV Bestrahlung. Es entstehen R\u00f6tungen und Schwellungen<\/p>\n<p>Proteolytische Enzyme werden w\u00e4hrend der Wundheilung produziert. Eine \u00dcberaktivit\u00e4t kann zum Abbau von Kollagen, Elastin und Hyalurons\u00e4ure f\u00fchren. Eine vorzeitige Hautalterung setzt ein.<\/p>\n<p>Prostalglandine und Leukotrine sind f\u00fcr die Induktion einer postinflamatorischen Hyperpigmentierung der Haut verantwortlich.<br \/>\n[\/et_pb_accordion_item][et_pb_accordion_item title=&#8220;Wichtige Wirkstoffe:&#8220; _builder_version=&#8220;4.13.1&#8243; _module_preset=&#8220;default&#8220; hover_enabled=&#8220;0&#8243; global_colors_info=&#8220;{}&#8220; open=&#8220;off&#8220; sticky_enabled=&#8220;0&#8243;]<\/p>\n<p class=\"p1\"><span class=\"s1\"><b>Niacinamid<\/b><i><br \/><\/i>Wirkt beruhigend. F\u00f6rdert die richtige Kollagenablagerung. Produziert<\/span><\/p>\n<p class=\"p1\"><span class=\"s1\"><b>Ceramiden<\/b><br \/>Gleicht Verf\u00e4rbungen von Narben\/Dehnungsstreifen aus.<\/span><\/p>\n<p class=\"p1\"><span class=\"s1\"><b>Hanfsamen\u00f6l<\/b><br \/>Verbessert die Hautelastizit\u00e4t und kann bei der Verfeinerung von Dehnungsstreifen helfen. Die im \u00d6l enthaltenen Zinkpartikel unterst\u00fctzen die Wiederherstellung von Narben und ungleichm\u00e4\u00dfiger Hautfarbe.<\/span><\/p>\n<p class=\"p1\"><span class=\"s1\"><b>Laktokokken-Ferment Lysat<\/b><br \/>Stimuliert die allgemeine Hautregeneration und f\u00f6rdert die normale Epithelisierung.<\/span><\/p>\n<p class=\"p1\"><span class=\"s1\"><b>Co-Enzym Q10 + Carnitin<\/b><br \/>Stellt zellul\u00e4re Energie zur Verf\u00fcgung, um die Hauterneuerung und Gewebemodellierung zu f\u00f6rdern.<\/span><\/p>\n<p class=\"p1\"><span class=\"s1\"><b>Tripeptid-10 + Citrullin<\/b><br \/>\u2013 F\u00f6rdert die richtige Organisation der Kollagenfasern zur Verbesserung des Narbengewebes.<\/span><\/p>\n<p class=\"p1\"><span class=\"s1\"><b>Salicyls\u00e4ure<\/b><br \/>Die keratolytische Wirkung hilft bei der Verbesserung des Hautbildes, beruhigt und zielt wiederum auf R\u00f6tungen ab.<\/span><\/p>\n<p class=\"p1\"><span class=\"s1\"><b>Gr\u00fcne-Bohnen-Extrakt + Rutin + Tetrapeptid-7 + Oligopeptid<\/b><br \/>Unterst\u00fctzt die Reparatur der besch\u00e4digten extrazellul\u00e4ren Matrix und f\u00f6rdert gleichzeitig eine beruhigende Wirkung.<\/span><\/p>\n<p class=\"p1\"><span class=\"s1\"><b>N-Acetylglucosamin-6-phosphat + Caffeylglucosid<\/b><br \/>F\u00f6rdert die Gewebemodellierung von Hautl\u00e4sionen durch Reparaturmechanismen und stimuliert die korrekten MMPs (Matrix Metal Proteasen) f\u00fcr die Gewebsumformung.<\/span><\/p>\n<p>[\/et_pb_accordion_item][\/et_pb_accordion][et_pb_wc_price _builder_version=&#8220;4.13.1&#8243; body_text_color=&#8220;#666666&#8243; global_colors_info=&#8220;{}&#8220;][\/et_pb_wc_price][et_pb_wc_add_to_cart _builder_version=&#8220;3.0.47&#8243; global_colors_info=&#8220;{}&#8220;][\/et_pb_wc_add_to_cart][et_pb_text _builder_version=&#8220;4.13.1&#8243; _module_preset=&#8220;default&#8220; global_colors_info=&#8220;{}&#8220;]<\/p>\n<p class=\"p1\"><span class=\"s1\">Dieses Produkt ist frei von Parabenen, Wachstumsfaktoren, Seifen, Nanopartikeln, Konservierungs- und Duftstoffen. Es wurde ohne Tierversuche entwickelt, ist vegan und pH-hautneutral.<\/span><\/p>\n<p>[\/et_pb_text][\/et_pb_column][\/et_pb_row][et_pb_row _builder_version=&#8220;4.13.1&#8243; background_size=&#8220;initial&#8220; background_position=&#8220;top_left&#8220; background_repeat=&#8220;repeat&#8220; global_colors_info=&#8220;{}&#8220;][et_pb_column type=&#8220;4_4&#8243; _builder_version=&#8220;3.25&#8243; custom_padding=&#8220;|||&#8220; global_colors_info=&#8220;{}&#8220; custom_padding__hover=&#8220;|||&#8220;][et_pb_wc_tabs _builder_version=&#8220;3.0.47&#8243; global_colors_info=&#8220;{}&#8220;] [\/et_pb_wc_tabs][et_pb_wc_upsells _builder_version=&#8220;3.0.47&#8243; global_colors_info=&#8220;{}&#8220;][\/et_pb_wc_upsells][et_pb_wc_related_products _builder_version=&#8220;3.0.47&#8243; global_colors_info=&#8220;{}&#8220;][\/et_pb_wc_related_products][et_pb_wc_rating _builder_version=&#8220;3.0.47&#8243; global_colors_info=&#8220;{}&#8220;][\/et_pb_wc_rating][\/et_pb_column][\/et_pb_row][\/et_pb_section]<\/p>\n","protected":false},"excerpt":{"rendered":"<p class=\"p1\"><span class=\"s1\">Dehnungsstreifen &amp; Narbenkorrektur.<br \/>\n<\/span><span class=\"s1\">Diese Retinol-freie Behandlung spricht das Erscheinungsbild von Dehnungsstreifen und Narben, die durch ein Trauma der dermalen Hautschichten verursacht wurden, an und hilft diese zu verbessern. Die innovative Formulierung st\u00e4rkt die Hautstrukturen und verbessert den Zusammenhalt der Haut, was zu einer sichtbaren Verbesserung des Erscheinungsbildes von Hautunreinheiten f\u00fchrt. Die Scar Therapy Lotion kann auch w\u00e4hrend der Schwangerschaft und der Stillzeit verwendet werden, was sie zu einem wesentlichen Produkt macht, um gerade in diesem Stadium die Spannkraft und Elastizit\u00e4t der Haut zu verbessern.<\/span><\/p>\n<p>Inhalt: 100 ml<\/p>\n","protected":false},"featured_media":152,"comment_status":"open","ping_status":"closed","template":"","meta":{"_et_pb_use_builder":"on","_et_pb_old_content":"<p class=\"p1\"><span class=\"s1\"><b>Produktvorteil:<\/b><\/span><\/p>\r\n\r\n<ul>\r\n \t<li>\r\n<p class=\"p1\"><span class=\"s1\">Zellul\u00e4re Umstrukturierung, verbessert die Spannkraft<\/span><\/p>\r\n<\/li>\r\n \t<li>\r\n<p class=\"p1\"><span class=\"s1\">Stellt die Elastizit\u00e4t und Festigkeit der Haut wieder her und verbessert das Hautbild<\/span><\/p>\r\n<\/li>\r\n \t<li>\r\n<p class=\"p1\"><span class=\"s1\">Verst\u00e4rkt die Zellaktivit\u00e4t<\/span><\/p>\r\n<\/li>\r\n \t<li>\r\n<p class=\"p1\"><span class=\"s1\">Stimuliert den Kollagenumsatz<\/span><\/p>\r\n<\/li>\r\n \t<li>\r\n<p class=\"p1\"><span class=\"s1\">Erm\u00f6glicht die Umgestaltung des Gewebes durch Reparaturmechanismen.<\/span><\/p>\r\n<\/li>\r\n \t<li><\/li>\r\n<\/ul>\r\n<p class=\"p1\"><strong>Anwendung:\r\n<\/strong><span class=\"s1\">Geben Sie nach der Reinigung mit Body Wash eine ausreichende Menge Scar Therapy in die Handfl\u00e4che und tragen Sie sie in kreisenden Bewegungen auf die betroffenen Bereiche auf. Warten sie die vollst\u00e4ndige Absorption des Produkts ab. Danach tragen verwenden Sie Body Foliant (nur am Abend) oder Body Lotion. Um optimale Ergebnisse zu gew\u00e4hrleisten, tragen Sie die Produkte zweimal t\u00e4glich auf.<\/span><\/p>\r\n<p class=\"p1\"><span class=\"s1\"><b>Ideale Produktkombinationen:\r\n<\/b><\/span><span class=\"s1\">Kann mit jedem Produkt aus dem optiphi\u00ae Sortiment kombiniert werden.\r\n<\/span><span class=\"s1\">Wir empfehlen: \u00df-Body Wash, Body Foliant oder Body Lotion, Solar Spritz SPF 30.<\/span><\/p>","_et_gb_content_width":"","inline_featured_image":false},"product_cat":[29],"product_tag":[],"class_list":{"0":"post-151","1":"product","2":"type-product","3":"status-publish","4":"has-post-thumbnail","6":"product_cat-koerperpflege","8":"first","9":"instock","10":"shipping-taxable","11":"purchasable","12":"product-type-simple"},"_links":{"self":[{"href":"https:\/\/dev.optiphi.at\/index.php?rest_route=\/wp\/v2\/product\/151","targetHints":{"allow":["GET"]}}],"collection":[{"href":"https:\/\/dev.optiphi.at\/index.php?rest_route=\/wp\/v2\/product"}],"about":[{"href":"https:\/\/dev.optiphi.at\/index.php?rest_route=\/wp\/v2\/types\/product"}],"replies":[{"embeddable":true,"href":"https:\/\/dev.optiphi.at\/index.php?rest_route=%2Fwp%2Fv2%2Fcomments&post=151"}],"wp:featuredmedia":[{"embeddable":true,"href":"https:\/\/dev.optiphi.at\/index.php?rest_route=\/wp\/v2\/media\/152"}],"wp:attachment":[{"href":"https:\/\/dev.optiphi.at\/index.php?rest_route=%2Fwp%2Fv2%2Fmedia&parent=151"}],"wp:term":[{"taxonomy":"product_cat","embeddable":true,"href":"https:\/\/dev.optiphi.at\/index.php?rest_route=%2Fwp%2Fv2%2Fproduct_cat&post=151"},{"taxonomy":"product_tag","embeddable":true,"href":"https:\/\/dev.optiphi.at\/index.php?rest_route=%2Fwp%2Fv2%2Fproduct_tag&post=151"}],"curies":[{"name":"wp","href":"https:\/\/api.w.org\/{rel}","templated":true}]}}