{"id":168,"date":"2022-07-12T08:58:47","date_gmt":"2022-07-12T08:58:47","guid":{"rendered":"https:\/\/dev.optiphi.at\/?post_type=product&#038;p=168"},"modified":"2022-09-09T20:08:35","modified_gmt":"2022-09-09T20:08:35","slug":"complete-therapy-spf-20","status":"publish","type":"product","link":"https:\/\/dev.optiphi.at\/?product=complete-therapy-spf-20","title":{"rendered":"Complete Therapy SPF 20"},"content":{"rendered":"<p>[et_pb_section fb_built=&#8220;1&#8243; _builder_version=&#8220;3.22&#8243; custom_padding=&#8220;0px||||false|false&#8220; global_colors_info=&#8220;{}&#8220;][et_pb_row _builder_version=&#8220;4.13.1&#8243; background_size=&#8220;initial&#8220; background_position=&#8220;top_left&#8220; background_repeat=&#8220;repeat&#8220; custom_padding=&#8220;0px||0px||false|false&#8220; global_colors_info=&#8220;{}&#8220;][et_pb_column type=&#8220;4_4&#8243; _builder_version=&#8220;3.25&#8243; custom_padding=&#8220;|||&#8220; global_colors_info=&#8220;{}&#8220; custom_padding__hover=&#8220;|||&#8220;][et_pb_wc_breadcrumb _builder_version=&#8220;3.0.47&#8243; global_colors_info=&#8220;{}&#8220;][\/et_pb_wc_breadcrumb][et_pb_wc_cart_notice _builder_version=&#8220;3.0.47&#8243; global_colors_info=&#8220;{}&#8220;][\/et_pb_wc_cart_notice][\/et_pb_column][\/et_pb_row][et_pb_row column_structure=&#8220;1_2,1_2&#8243; _builder_version=&#8220;4.13.1&#8243; background_size=&#8220;initial&#8220; background_position=&#8220;top_left&#8220; background_repeat=&#8220;repeat&#8220; custom_padding=&#8220;0px||||false|false&#8220; global_colors_info=&#8220;{}&#8220;][et_pb_column type=&#8220;1_2&#8243; _builder_version=&#8220;3.25&#8243; custom_padding=&#8220;|||&#8220; global_colors_info=&#8220;{}&#8220; custom_padding__hover=&#8220;|||&#8220;][et_pb_wc_images _builder_version=&#8220;3.0.47&#8243; global_colors_info=&#8220;{}&#8220;][\/et_pb_wc_images][\/et_pb_column][et_pb_column type=&#8220;1_2&#8243; _builder_version=&#8220;3.25&#8243; custom_padding=&#8220;|||&#8220; global_colors_info=&#8220;{}&#8220; custom_padding__hover=&#8220;|||&#8220;][et_pb_wc_title _builder_version=&#8220;4.13.1&#8243; header_font=&#8220;||||||||&#8220; global_colors_info=&#8220;{}&#8220;][\/et_pb_wc_title][et_pb_wc_description _builder_version=&#8220;4.13.1&#8243; global_colors_info=&#8220;{}&#8220;][\/et_pb_wc_description][et_pb_accordion admin_label=&#8220;Akkordeon&#8220; module_class=&#8220;pulchris_accordion&#8220; _builder_version=&#8220;4.13.1&#8243; _module_preset=&#8220;default&#8220; custom_margin=&#8220;|||20px|false|false&#8220; hover_enabled=&#8220;0&#8243; custom_css_toggle_icon=&#8220;content: &#8218;3&#8216;;&#8220; global_colors_info=&#8220;{}&#8220; sticky_enabled=&#8220;0&#8243;][et_pb_accordion_item title=&#8220;Wissenswertes zur Produktwirkung &#8220; open=&#8220;on&#8220; _builder_version=&#8220;4.13.1&#8243; _module_preset=&#8220;default&#8220; global_colors_info=&#8220;{}&#8220;][\/et_pb_accordion_item][et_pb_accordion_item title=&#8220;Was sind freie Radikale und wie wirken Antioxidantien? &#8220; _builder_version=&#8220;4.13.1&#8243; _module_preset=&#8220;default&#8220; global_colors_info=&#8220;{}&#8220; open=&#8220;off&#8220;]<\/p>\n<p class=\"p1\"><span class=\"s1\"><strong>Freie Radikale<\/strong> sind Stoffwechselprodukte also Molek\u00fcle, denen ein Elektron fehlt. Sie sind dadurch sehr reaktionsfreudig und versuchen von anderen Molek\u00fclen z.b. von Kollagen und Elastin ein Elektron zu stehlen, wodurch das bestohlene Molek\u00fcl ebenfalls zu einem freien Radikal wird. Es entsteht eine Kettenreaktion. Dieser oxidative Stress kann zu massiven Sch\u00e4digungen in unserem K\u00f6rper f\u00fchren und unsere Haut schnell und stark altern lassen. <\/span><\/p>\n<p class=\"p1\"><span class=\"s1\"><strong>Antioxidantien<\/strong> haben ein Elektron zu viel<span class=\"Apple-converted-space\">\u00a0 <\/span>und k\u00f6nnen dieses abgeben. Deutlich wird das mit einem angeschnittenen Apfel. Die Schnittfl\u00e4che ist Sauerstoff ausgesetzt, es entstehen freie Radikale, die Schnittfl\u00e4che wird braun. Gibt man Zitronensaft darauf, also das Antioxidans Vitamin C verhindert man die Oxidation. <\/span><\/p>\n<p>[\/et_pb_accordion_item][et_pb_accordion_item title=&#8220;Was ist Retinol und wie wirkt es? &#8220; _builder_version=&#8220;4.13.1&#8243; _module_preset=&#8220;default&#8220; hover_enabled=&#8220;0&#8243; global_colors_info=&#8220;{}&#8220; open=&#8220;off&#8220; sticky_enabled=&#8220;0&#8243;]<\/p>\n<p class=\"p1\"><span class=\"s1\"><strong>Retinol &#8211; Vitamin<\/strong> A ist ein fettl\u00f6sliches Vitamin und geh\u00f6rt chemisch gesehen zu den Retinoiden, die in unterschiedlichen Formen mehr oder weniger intensiv ihre Wirkung und Nebenwirkungen zeigen.<span class=\"Apple-converted-space\">\u00a0 <\/span>Neueste Studien zeigen, dass Retinaldehyd,<span class=\"Apple-converted-space\">\u00a0 <\/span>die Vorstufe von Retins\u00e4ure die beste Wirkung bei bester Vertr\u00e4glichkeit zeigt. Optiphi verf\u00fcgt zus\u00e4tzlich \u00fcber ein einzigartiges Abgabesystem und versorgt so die Haut \u00fcber 12 Stunden kontinuierlich mit Retinol.<\/span><\/p>\n<p class=\"p1\"><span class=\"s1\">Retinol f\u00f6rdert die Kollagen und Elastinproduktion &#8211; minderst so die Faltentiefe. Bek\u00e4mpft alle Anzeichen des Alterns. Reguliert die Talgproduktion. <b><br \/><\/b>Stimuliert die Proteinsynthese, verbessert die Barrierefunktion, wirkt entz\u00fcndungshemmend.<\/span><\/p>\n<p>[\/et_pb_accordion_item][et_pb_accordion_item title=&#8220;Wichtige Wirkstoffe:&#8220; _builder_version=&#8220;4.13.1&#8243; _module_preset=&#8220;default&#8220; hover_enabled=&#8220;0&#8243; global_colors_info=&#8220;{}&#8220; open=&#8220;off&#8220; sticky_enabled=&#8220;0&#8243;]<\/p>\n<p class=\"p1\"><span class=\"s1\"><b>UV-Filter<\/b><br \/>Schutz vor sch\u00e4dlichen UVA- und UVB-Strahlen<\/span><\/p>\n<p class=\"p1\"><span class=\"s1\"><b>Retinol<\/b><i><br \/><\/i>Minimiert Sonnensch\u00e4den bei gleichzeitiger Erh\u00f6hung der Kollagensynthese<\/span><\/p>\n<p class=\"p1\"><span class=\"s1\"><b>Vitamin C (Ascorbins\u00e4ure)<\/b><br \/>hemmt die Tyrosinase-Aktivit\u00e4t und hat gleichzeitig eine aufhellende Wirkung<\/span><\/p>\n<p class=\"p1\"><span class=\"s1\"><b>Vitamin B3 (Niacinamid)<\/b><br \/>verbessert die Schutzfunktion der Epidermis<\/span><\/p>\n<p class=\"p1\"><span class=\"s1\"><b>Oligopeptid+Peptid-7<\/b><br \/>sichtbare Anti-Falten-Wirksamkeit<\/span><\/p>\n<p>[\/et_pb_accordion_item][\/et_pb_accordion][et_pb_wc_price _builder_version=&#8220;4.13.1&#8243; body_text_color=&#8220;#666666&#8243; global_colors_info=&#8220;{}&#8220;][\/et_pb_wc_price][et_pb_wc_add_to_cart _builder_version=&#8220;3.0.47&#8243; global_colors_info=&#8220;{}&#8220;][\/et_pb_wc_add_to_cart][et_pb_text _builder_version=&#8220;4.13.1&#8243; _module_preset=&#8220;default&#8220; global_colors_info=&#8220;{}&#8220;]<\/p>\n<p class=\"p1\"><span class=\"s1\">Dieses Produkt ist frei von Parabenen, Wachstumsfaktoren, Seifen, Nanopartikeln, Konservierungs- und Duftstoffen. Es wurde ohne Tierversuche entwickelt, ist vegan und pH-hautneutral.<\/span><\/p>\n<p>[\/et_pb_text][\/et_pb_column][\/et_pb_row][et_pb_row _builder_version=&#8220;4.13.1&#8243; background_size=&#8220;initial&#8220; background_position=&#8220;top_left&#8220; background_repeat=&#8220;repeat&#8220; global_colors_info=&#8220;{}&#8220;][et_pb_column type=&#8220;4_4&#8243; _builder_version=&#8220;3.25&#8243; custom_padding=&#8220;|||&#8220; global_colors_info=&#8220;{}&#8220; custom_padding__hover=&#8220;|||&#8220;][et_pb_wc_tabs _builder_version=&#8220;3.0.47&#8243; global_colors_info=&#8220;{}&#8220;] [\/et_pb_wc_tabs][et_pb_wc_upsells _builder_version=&#8220;3.0.47&#8243; global_colors_info=&#8220;{}&#8220;][\/et_pb_wc_upsells][et_pb_wc_related_products _builder_version=&#8220;3.0.47&#8243; global_colors_info=&#8220;{}&#8220;][\/et_pb_wc_related_products][et_pb_wc_rating _builder_version=&#8220;3.0.47&#8243; global_colors_info=&#8220;{}&#8220;][\/et_pb_wc_rating][\/et_pb_column][\/et_pb_row][\/et_pb_section]<\/p>\n","protected":false},"excerpt":{"rendered":"<p class=\"p1\"><span class=\"s1\">Feuchtigkeitscreme mit Sonnenschutz SPF 20.<br \/>\n<\/span><span class=\"s1\">Erleben Sie die Vorteile von starken Antioxidantien, kombiniert mit dem besten Hautschutz und der idealen Befeuchtung am Tag.<\/span><\/p>\n<p><strong>Hautanalysecode PWDS<\/strong><\/p>\n<p>Inhalt: 50 ml<\/p>\n","protected":false},"featured_media":169,"comment_status":"open","ping_status":"closed","template":"","meta":{"_et_pb_use_builder":"on","_et_pb_old_content":"<strong>Produktvorteil:<\/strong>\r\n<ul>\r\n \t<li>\r\n<p class=\"p1\"><span class=\"s1\">Sichtbar strahlende Haut<\/span><\/p>\r\n<\/li>\r\n \t<li>\r\n<p class=\"p1\"><span class=\"s1\">F\u00f6rdert die Befeuchtung<\/span><\/p>\r\n<\/li>\r\n \t<li>\r\n<p class=\"p1\"><span class=\"s1\">F\u00f6rdert die nat\u00fcrliche Hyalurons\u00e4ure-Akkumulation<\/span><\/p>\r\n<\/li>\r\n \t<li>\r\n<p class=\"p1\"><span class=\"s1\">Minimiert Photo-aging<\/span><\/p>\r\n<\/li>\r\n \t<li>\r\n<p class=\"p1\"><span class=\"s1\">Sorgt f\u00fcr Verringerung der Faltenbildung<\/span><\/p>\r\n<\/li>\r\n \t<li>\r\n<p class=\"p1\"><span class=\"s1\">Unterdr\u00fcckt UV-induzierte Erytheme, Pigmentierung und Sonnensch\u00e4den<\/span><\/p>\r\n<\/li>\r\n \t<li>\r\n<p class=\"p1\"><span class=\"s1\">Schutz gegen sch\u00e4dliche UVA- und UVB-Strahlung<\/span><\/p>\r\n<\/li>\r\n \t<li>\r\n<p class=\"p1\"><span class=\"s1\">Verbessert das Aussehen der Haut<\/span><\/p>\r\n<\/li>\r\n \t<li>\r\n<p class=\"p1\"><span class=\"s1\">Verbessert die Hautelastizit\u00e4t<\/span><\/p>\r\n<\/li>\r\n \t<li>\r\n<p class=\"p1\"><span class=\"s1\">starke Antioxidantien<\/span><\/p>\r\n<\/li>\r\n \t<li>\r\n<p class=\"p1\"><span class=\"s1\">F\u00e4ngt freie Radikale und beruhigt die Entz\u00fcndungsaktivit.t in der Haut<\/span><\/p>\r\n<\/li>\r\n<\/ul>\r\n&nbsp;\r\n<p class=\"p1\"><strong>Anwendung:\r\n<\/strong><span class=\"s1\">Tragen Sie 1-2 Pumps, auf Gesicht und Hals. Tags\u00fcber am besten anzuwenden, da es einen Sonnenschutzfaktor von 20 enth\u00e4lt.\r\n<\/span><span class=\"s1\">Tragen Sie Complete Therapy \u00fcber alle optiphi\u00ae Seren oder Activegels auf.<\/span><\/p>\r\n<span class=\"s1\"><b>Retard \u2013 System:\r\n<\/b>optiphi\u00ae verf\u00fcgt \u00fcber ein innovatives Zeitkontrollsystem welches Vitamin A \u00fcber einen <\/span><span class=\"s1\">Zeitraum von 12 Stunden kontinuierlich an die Haut abgibt.<\/span>\r\n<p class=\"p1\"><span class=\"s1\">Vorsicht: Da dieses Produkt Retinol enth\u00e4lt, sollte es nach und nach in die Pflegeroutine eingef\u00fchrt werden. Am Beginn zweimal pro Woche, langsam erh\u00f6hen, w\u00e4hrend sich die Haut an das Retinol gew\u00f6hnen kann.\u00a0<\/span><\/p>\r\n\r\n<ul class=\"ul1\">\r\n \t<li class=\"li1\"><span class=\"s1\">Patienten die eine Behandlung mit Ciscutan oder Cortison erhalten, sollten Produkte mit Retinol nicht verwenden.<\/span><\/li>\r\n \t<li class=\"li1\"><span class=\"s1\">Complexion Control sollte nicht in Verbindung mit anderen Produkten verwendet werden, die Retinol enthalten. Die Retinolkonzentration k\u00f6nnte zu hoch werden. <\/span><\/li>\r\n<\/ul>\r\n<p class=\"p1\"><strong><span class=\"s1\">Geeignet f\u00fcr alle Hauttypen<\/span><\/strong> <strong><span class=\"s1\">und Hautbedingungen. Nicht empfohlen f\u00fcr Kunden, die Roaccutan und\/oder Cortison einnehmen.<\/span><\/strong><\/p>\r\n<p class=\"p1\"><span class=\"s1\"><b>Ideale Produktkombinationen:\r\n<\/b><\/span><span class=\"s1\">Kann mit jedem Produkt aus der optiphi\u00ae Skincare Reihe kombiniert werden, ausgenommen andere retinolhaltige optiphi\u00ae-Produkte.\r\n<\/span><\/p>\r\n<p class=\"p1\"><span class=\"s1\"><strong>Wir empfehlen: <\/strong>\r\nPure Cleansing Wash, Eye Effect, Refi ne-Foliant, Hydra-Derm HAMasque, Hydration Therapy und Restor Therapy.<\/span><\/p>","_et_gb_content_width":"","inline_featured_image":false},"product_cat":[24],"product_tag":[],"class_list":{"0":"post-168","1":"product","2":"type-product","3":"status-publish","4":"has-post-thumbnail","6":"product_cat-feuchtigkeitsversorgung","8":"first","9":"instock","10":"shipping-taxable","11":"purchasable","12":"product-type-simple"},"_links":{"self":[{"href":"https:\/\/dev.optiphi.at\/index.php?rest_route=\/wp\/v2\/product\/168","targetHints":{"allow":["GET"]}}],"collection":[{"href":"https:\/\/dev.optiphi.at\/index.php?rest_route=\/wp\/v2\/product"}],"about":[{"href":"https:\/\/dev.optiphi.at\/index.php?rest_route=\/wp\/v2\/types\/product"}],"replies":[{"embeddable":true,"href":"https:\/\/dev.optiphi.at\/index.php?rest_route=%2Fwp%2Fv2%2Fcomments&post=168"}],"wp:featuredmedia":[{"embeddable":true,"href":"https:\/\/dev.optiphi.at\/index.php?rest_route=\/wp\/v2\/media\/169"}],"wp:attachment":[{"href":"https:\/\/dev.optiphi.at\/index.php?rest_route=%2Fwp%2Fv2%2Fmedia&parent=168"}],"wp:term":[{"taxonomy":"product_cat","embeddable":true,"href":"https:\/\/dev.optiphi.at\/index.php?rest_route=%2Fwp%2Fv2%2Fproduct_cat&post=168"},{"taxonomy":"product_tag","embeddable":true,"href":"https:\/\/dev.optiphi.at\/index.php?rest_route=%2Fwp%2Fv2%2Fproduct_tag&post=168"}],"curies":[{"name":"wp","href":"https:\/\/api.w.org\/{rel}","templated":true}]}}