{"id":189,"date":"2022-07-12T11:14:13","date_gmt":"2022-07-12T11:14:13","guid":{"rendered":"https:\/\/dev.optiphi.at\/?post_type=product&#038;p=189"},"modified":"2022-09-09T20:01:31","modified_gmt":"2022-09-09T20:01:31","slug":"sculpting-repair","status":"publish","type":"product","link":"https:\/\/dev.optiphi.at\/?product=sculpting-repair","title":{"rendered":"Sculpting Repair"},"content":{"rendered":"<p>[et_pb_section fb_built=&#8220;1&#8243; _builder_version=&#8220;3.22&#8243; custom_padding=&#8220;0px||||false|false&#8220; global_colors_info=&#8220;{}&#8220;][et_pb_row _builder_version=&#8220;4.13.1&#8243; background_size=&#8220;initial&#8220; background_position=&#8220;top_left&#8220; background_repeat=&#8220;repeat&#8220; custom_padding=&#8220;0px||0px||false|false&#8220; global_colors_info=&#8220;{}&#8220;][et_pb_column type=&#8220;4_4&#8243; _builder_version=&#8220;3.25&#8243; custom_padding=&#8220;|||&#8220; global_colors_info=&#8220;{}&#8220; custom_padding__hover=&#8220;|||&#8220;][et_pb_wc_breadcrumb _builder_version=&#8220;3.0.47&#8243; global_colors_info=&#8220;{}&#8220;][\/et_pb_wc_breadcrumb][et_pb_wc_cart_notice _builder_version=&#8220;3.0.47&#8243; global_colors_info=&#8220;{}&#8220;][\/et_pb_wc_cart_notice][\/et_pb_column][\/et_pb_row][et_pb_row column_structure=&#8220;1_2,1_2&#8243; _builder_version=&#8220;4.13.1&#8243; background_size=&#8220;initial&#8220; background_position=&#8220;top_left&#8220; background_repeat=&#8220;repeat&#8220; custom_padding=&#8220;0px||||false|false&#8220; global_colors_info=&#8220;{}&#8220;][et_pb_column type=&#8220;1_2&#8243; _builder_version=&#8220;3.25&#8243; custom_padding=&#8220;|||&#8220; global_colors_info=&#8220;{}&#8220; custom_padding__hover=&#8220;|||&#8220;][et_pb_wc_images _builder_version=&#8220;3.0.47&#8243; global_colors_info=&#8220;{}&#8220;][\/et_pb_wc_images][\/et_pb_column][et_pb_column type=&#8220;1_2&#8243; _builder_version=&#8220;3.25&#8243; custom_padding=&#8220;|||&#8220; global_colors_info=&#8220;{}&#8220; custom_padding__hover=&#8220;|||&#8220;][et_pb_wc_title _builder_version=&#8220;4.13.1&#8243; header_font=&#8220;||||||||&#8220; global_colors_info=&#8220;{}&#8220;][\/et_pb_wc_title][et_pb_wc_description _builder_version=&#8220;4.13.1&#8243; global_colors_info=&#8220;{}&#8220;][\/et_pb_wc_description][et_pb_accordion admin_label=&#8220;Akkordeon&#8220; module_class=&#8220;pulchris_accordion&#8220; _builder_version=&#8220;4.13.1&#8243; _module_preset=&#8220;default&#8220; custom_margin=&#8220;|||20px|false|false&#8220; hover_enabled=&#8220;0&#8243; custom_css_toggle_icon=&#8220;content: &#8218;3&#8216;;&#8220; global_colors_info=&#8220;{}&#8220; sticky_enabled=&#8220;0&#8243;][et_pb_accordion_item title=&#8220;Wissenswertes zur Produktwirkung &#8220; open=&#8220;on&#8220; _builder_version=&#8220;4.13.1&#8243; _module_preset=&#8220;default&#8220; global_colors_info=&#8220;{}&#8220;][\/et_pb_accordion_item][et_pb_accordion_item title=&#8220;Was sind die 7 sichtbaren Zeichen der Hautalterung?&#8220; _builder_version=&#8220;4.13.1&#8243; _module_preset=&#8220;default&#8220; global_colors_info=&#8220;{}&#8220; open=&#8220;off&#8220;]<\/p>\n<p class=\"p1\"><span class=\"s1\">1. Raue, trockene Haut <br \/><\/span><span class=\"s1\">2. gest\u00f6rte Hautbarrierefunktion<br \/><\/span><span class=\"s1\">3. Alters oder Pigmentflecken\u00a0<br \/><\/span><span class=\"s1\">4. schlaffe Haut <br \/><\/span><span class=\"s1\">5. Falten<br \/>6. vergr\u00f6\u00dferte Poren<br \/>7. R\u00f6tungen und Entz\u00fcndungen <\/span><\/p>\n<p>[\/et_pb_accordion_item][et_pb_accordion_item title=&#8220;Was ist Retinol und wie wirkt es? &#8220; _builder_version=&#8220;4.13.1&#8243; _module_preset=&#8220;default&#8220; hover_enabled=&#8220;0&#8243; global_colors_info=&#8220;{}&#8220; open=&#8220;off&#8220; sticky_enabled=&#8220;0&#8243;]<\/p>\n<p class=\"p1\"><span class=\"s1\"><strong>Retinol &#8211; Vitamin A<\/strong> ist ein fettl\u00f6sliches Vitamin und geh\u00f6rt chemisch gesehen zu den Retinoiden, die in unterschiedlichen Formen mehr oder weniger intensiv ihre Wirkung und Nebenwirkungen zeigen.<span class=\"Apple-converted-space\">\u00a0 <\/span>Neueste Studien zeigen, dass Retinaldehyd,<span class=\"Apple-converted-space\">\u00a0 <\/span>die Vorstufe von Retins\u00e4ure die beste Wirkung bei bester Vertr\u00e4glichkeit zeigt. Optiphi verf\u00fcgt zus\u00e4tzlich \u00fcber ein einzigartiges Abgabesystem und versorgt so die Haut \u00fcber 12 Stunden kontinuierlich mit Retinol.<\/span><\/p>\n<p class=\"p1\"><span class=\"s1\">Retinol f\u00f6rdert die Kollagen und Elastinproduktion &#8211; minderst so die Faltentiefe. Bek\u00e4mpft alle Anzeichen des Alterns. Reguliert die Talgproduktion. <b><br \/><\/b>Stimuliert die Proteinsynthese, verbessert die Barrierefunktion, wirkt entz\u00fcndungshemmend.<\/span><\/p>\n<p>[\/et_pb_accordion_item][et_pb_accordion_item title=&#8220;Wichtige Wirkstoffe:&#8220; _builder_version=&#8220;4.13.1&#8243; _module_preset=&#8220;default&#8220; hover_enabled=&#8220;0&#8243; global_colors_info=&#8220;{}&#8220; open=&#8220;off&#8220; sticky_enabled=&#8220;0&#8243;]<\/p>\n<p class=\"p1\"><span class=\"s1\"><b>Plankton-Extrakt<\/b><br \/>&#8211; Baut Zellst\u00e4rke auf, indem die Funktion und Struktur erh\u00f6ht wird.<br \/>&#8211; Verbessert den Adipozyten-Stoffwechsel und f\u00f6rdert die langsame Entwicklung der Fasern.<\/span><\/p>\n<p class=\"p1\"><span class=\"s1\"><b>Plasmareiches Steinbrecherkraut<\/b><br \/>&#8211; Extrakt \u2013 Umgestaltung der Konturen aufgrund hartn\u00e4ckiger Fettablagerungen, durch Erh\u00f6hung der<span class=\"Apple-converted-space\">\u00a0 <\/span>Zellenergie (Thermogenese).<br \/>U- nterst\u00fctzung bei der Reduzierung des Orangenschaleneffekts von Cellulite.<br \/>&#8211; Verbesserung der Lipolyse.<\/span><\/p>\n<p class=\"p1\"><span class=\"s1\"><b>Verkapseltes Hexapeptid-39<\/b><br \/>&#8211; Hilft, den Orangenschaleneffekt auf der Hautoberfl\u00e4che zu vermindern.<\/span><\/p>\n<p class=\"p1\"><span class=\"s1\">&#8211; Hilft, das Erscheinungsbild der sichtbaren Cellulite als dermo \u2013 hypodermal Verbindung zu verbessern. <\/span><\/p>\n<p class=\"p1\"><span class=\"s1\">&#8211; Unregelm\u00e4\u00dfigkeiten werden gegl\u00e4ttet und vereinheitlicht.<br \/>&#8211; Erm\u00f6glicht eine niedrigere Lipidakkumulation in den Zellen.<\/span><\/p>\n<p class=\"p1\"><span class=\"s1\"><b>Retinol<\/b><br \/>&#8211; Verbessert die Epithelialisierung der Haut und verbessert gleichzeitig feine Linien und F\u00e4ltchen. &#8211; Erh\u00f6ht die Telomerase-Aktivit\u00e4t in der Haut, hilft bei der Normalisierung der Physiologie der Haut. &#8211; Verbessert die Synthese von Matrixproteinen, wodurch die Elastizit\u00e4t der Haut verbessert wird. &#8211; Steigert die antioxidativen F\u00e4higkeiten der Haut und minimiert Sch\u00e4den durch Alterung und Umweltfaktoren.<\/span><\/p>\n<p class=\"p1\"><span class=\"s1\"><b>Hesperidin<\/b><br \/>Stellt den Blutfl uss in der Haut und die Hautoberfl \u00e4chentemperatur wieder her, w\u00e4hrend Hautton, Farbe und Helligkeit verbessert werden.<\/span><\/p>\n<p class=\"p1\"><span class=\"s1\"><b>Soja-Isoflavon<\/b><br \/>Stimuliert die Produktion von Kollagen und hemmt dessen Abbau.<br \/>Reduziert Linien und Falten. Verdichtet und strafft die Haut.<\/span><\/p>\n<p>[\/et_pb_accordion_item][\/et_pb_accordion][et_pb_wc_price _builder_version=&#8220;4.13.1&#8243; body_text_color=&#8220;#666666&#8243; global_colors_info=&#8220;{}&#8220;][\/et_pb_wc_price][et_pb_wc_add_to_cart _builder_version=&#8220;3.0.47&#8243; global_colors_info=&#8220;{}&#8220;][\/et_pb_wc_add_to_cart][et_pb_text _builder_version=&#8220;4.13.1&#8243; _module_preset=&#8220;default&#8220; global_colors_info=&#8220;{}&#8220;]<\/p>\n<p class=\"p1\"><span class=\"s1\">Dieses Produkt ist frei von Parabenen, Wachstumsfaktoren, Seifen, Nanopartikeln, Konservierungs- und Duftstoffen. Es wurde ohne Tierversuche entwickelt, ist vegan und pH-hautneutral.<\/span><\/p>\n<p>[\/et_pb_text][\/et_pb_column][\/et_pb_row][et_pb_row _builder_version=&#8220;4.13.1&#8243; background_size=&#8220;initial&#8220; background_position=&#8220;top_left&#8220; background_repeat=&#8220;repeat&#8220; global_colors_info=&#8220;{}&#8220;][et_pb_column type=&#8220;4_4&#8243; _builder_version=&#8220;3.25&#8243; custom_padding=&#8220;|||&#8220; global_colors_info=&#8220;{}&#8220; custom_padding__hover=&#8220;|||&#8220;][et_pb_wc_tabs _builder_version=&#8220;3.0.47&#8243; global_colors_info=&#8220;{}&#8220;] [\/et_pb_wc_tabs][et_pb_wc_upsells _builder_version=&#8220;3.0.47&#8243; global_colors_info=&#8220;{}&#8220;][\/et_pb_wc_upsells][et_pb_wc_related_products _builder_version=&#8220;3.0.47&#8243; global_colors_info=&#8220;{}&#8220;][\/et_pb_wc_related_products][et_pb_wc_rating _builder_version=&#8220;3.0.47&#8243; global_colors_info=&#8220;{}&#8220;][\/et_pb_wc_rating][\/et_pb_column][\/et_pb_row][\/et_pb_section]<\/p>\n","protected":false},"excerpt":{"rendered":"<p class=\"p1\"><span class=\"s1\">Cellulite Korrektur &amp; Hautverj\u00fcngung.<\/span><\/p>\n<p>Inhalt: 100 ml<\/p>\n","protected":false},"featured_media":191,"comment_status":"open","ping_status":"closed","template":"","meta":{"_et_pb_use_builder":"on","_et_pb_old_content":"<p class=\"p1\"><span class=\"s1\">Sculpting Repair wurde mit einem vielschichtigen Ansatz formuliert und zielt auf die <\/span><span class=\"s1\">zugrunde liegenden Ursachen von Cellulite ab, indem sie die schlechten Auswirkungen von eingeschlossener Fl\u00fcssigkeit eind\u00e4mmt und gegen die f\u00fcr das Auftreten von Cellulite verantwortlichen Fettknollen wirkt. Diese hautverj\u00fcngende Behandlung unterst\u00fctzt den Abbau hartn\u00e4ckigen Fettablagerungen, indem sie die interzellul\u00e4re Energie erh\u00f6ht und gleichzeitig das Gewebe strafft und festigt.<\/span><\/p>\r\n<p class=\"p1\"><span class=\"s1\">Die Zugabe von Retinol hilft bei der Verbesserung von Sonnensch\u00e4den und sichtbaren Zeichen des Alterns. Ideal f\u00fcr sonnengesch\u00e4digte Haut, vorzeitig gealterte Haut und von Cellulite betroffene Bereiche.<\/span><\/p>\r\n<p class=\"p1\"><span class=\"s1\"><b>Produktvorteil:<\/b><\/span><\/p>\r\n\r\n<ul>\r\n \t<li>\r\n<p class=\"p1\"><span class=\"s1\">Zellul\u00e4re Umstrukturierung und St\u00e4rkung<\/span><\/p>\r\n<\/li>\r\n \t<li>\r\n<p class=\"p1\"><span class=\"s1\">F\u00f6rderung der Zellausdauer und Zellaktivit\u00e4t<\/span><\/p>\r\n<\/li>\r\n \t<li>\r\n<p class=\"p1\"><span class=\"s1\">Unterst\u00fctzung bei der Straffung der Haut und der Verbesserung der Hautbeschaffenheit<\/span><\/p>\r\n<\/li>\r\n \t<li>\r\n<p class=\"p1\"><span class=\"s1\">Gewinnt die Hautelastizit\u00e4t und die Zellverst\u00e4rkung zur\u00fcck<\/span><\/p>\r\n<\/li>\r\n \t<li>\r\n<p class=\"p1\"><span class=\"s1\">Definiert und modelliert die Silhouette neu<\/span><\/p>\r\n<\/li>\r\n \t<li>\r\n<p class=\"p1\"><span class=\"s1\">St\u00e4rkung der Zellwandstrukturen, die eine direkte Auswirkung auf sichtbare Konturlinien haben.<\/span><\/p>\r\n<\/li>\r\n \t<li>\r\n<p class=\"p1\"><span class=\"s1\">Hautstraffung, Anhebung und Umstrukturierung<\/span><\/p>\r\n<\/li>\r\n \t<li>\r\n<p class=\"p1\"><span class=\"s1\">Verbessert die Hautdicke und verhindert den Kollagenabbau<\/span><\/p>\r\n<\/li>\r\n \t<li>\r\n<p class=\"p1\"><span class=\"s1\">Wirkstoffe f\u00fcr die Hautintegrit\u00e4t (Unversehrtheit der Haut)<\/span><\/p>\r\n<\/li>\r\n \t<li>\r\n<p class=\"p1\"><span class=\"s1\">Erh\u00f6ht die Zellenergie<\/span><\/p>\r\n<\/li>\r\n \t<li>\r\n<p class=\"p1\"><span class=\"s1\">aktiviert die ATP-Produktion<\/span><\/p>\r\n<\/li>\r\n \t<li>\r\n<p class=\"p1\"><span class=\"s1\">Rehydriert die Haut, indem es einen Mangel an Zellfeuchtigkeit ausgleicht<\/span><\/p>\r\n<\/li>\r\n \t<li>\r\n<p class=\"p1\"><span class=\"s1\">Reduziert raue, trocken Haut und Verbesserung deren Dichte<\/span><\/p>\r\n<\/li>\r\n<\/ul>\r\n&nbsp;\r\n<p class=\"p1\"><strong>Anwendung:\r\n<\/strong><span class=\"s1\">Eine ausreichende Menge in die Handfl \u00e4chen geben, t\u00e4glich mit kreisenden, nach oben gerichteten Bewegungen auf die betroffenen Stellen auftragen. Vollst\u00e4ndig eindringen lassen. F\u00fcr beste Ergebnisse zweimal t\u00e4glich anwenden. Anschlie\u00dfend optiphi\u00ae Body Lotion auftragen.<\/span><\/p>\r\n<p class=\"p1\"><span class=\"s1\"><b>Geeignet <\/b><strong>f\u00fcr sonnengesch\u00e4digte Haut, vorzeitig gealterte Haut und von Cellulite betroffene Bereiche.<\/strong><\/span><\/p>\r\n<p class=\"p1\"><span class=\"s1\"><b>Ideale Produktkombinationen:\r\n<\/b><\/span><span class=\"s1\">Kann mit jedem Produkt aus der optiphi\u00ae Body Reihe kombiniert werden.\r\n<\/span><span class=\"s1\">Wir empfehlen: Body Wash, Body Foliant, Body Lotion, Sonnenschutz SPF 50 oder Solar Spritz SPF 30<\/span><\/p>","_et_gb_content_width":"","inline_featured_image":false},"product_cat":[29],"product_tag":[],"class_list":{"0":"post-189","1":"product","2":"type-product","3":"status-publish","4":"has-post-thumbnail","6":"product_cat-koerperpflege","8":"first","9":"instock","10":"shipping-taxable","11":"purchasable","12":"product-type-simple"},"_links":{"self":[{"href":"https:\/\/dev.optiphi.at\/index.php?rest_route=\/wp\/v2\/product\/189","targetHints":{"allow":["GET"]}}],"collection":[{"href":"https:\/\/dev.optiphi.at\/index.php?rest_route=\/wp\/v2\/product"}],"about":[{"href":"https:\/\/dev.optiphi.at\/index.php?rest_route=\/wp\/v2\/types\/product"}],"replies":[{"embeddable":true,"href":"https:\/\/dev.optiphi.at\/index.php?rest_route=%2Fwp%2Fv2%2Fcomments&post=189"}],"wp:featuredmedia":[{"embeddable":true,"href":"https:\/\/dev.optiphi.at\/index.php?rest_route=\/wp\/v2\/media\/191"}],"wp:attachment":[{"href":"https:\/\/dev.optiphi.at\/index.php?rest_route=%2Fwp%2Fv2%2Fmedia&parent=189"}],"wp:term":[{"taxonomy":"product_cat","embeddable":true,"href":"https:\/\/dev.optiphi.at\/index.php?rest_route=%2Fwp%2Fv2%2Fproduct_cat&post=189"},{"taxonomy":"product_tag","embeddable":true,"href":"https:\/\/dev.optiphi.at\/index.php?rest_route=%2Fwp%2Fv2%2Fproduct_tag&post=189"}],"curies":[{"name":"wp","href":"https:\/\/api.w.org\/{rel}","templated":true}]}}