{"id":195,"date":"2022-07-12T11:38:56","date_gmt":"2022-07-12T11:38:56","guid":{"rendered":"https:\/\/dev.optiphi.at\/?post_type=product&#038;p=195"},"modified":"2022-09-09T19:54:59","modified_gmt":"2022-09-09T19:54:59","slug":"solar-spritz-spf-30","status":"publish","type":"product","link":"https:\/\/dev.optiphi.at\/?product=solar-spritz-spf-30","title":{"rendered":"Solar Spritz  SPF 30"},"content":{"rendered":"<p>[et_pb_section fb_built=&#8220;1&#8243; _builder_version=&#8220;3.22&#8243; custom_padding=&#8220;0px||||false|false&#8220; global_colors_info=&#8220;{}&#8220;][et_pb_row _builder_version=&#8220;4.13.1&#8243; background_size=&#8220;initial&#8220; background_position=&#8220;top_left&#8220; background_repeat=&#8220;repeat&#8220; custom_padding=&#8220;0px||0px||false|false&#8220; global_colors_info=&#8220;{}&#8220;][et_pb_column type=&#8220;4_4&#8243; _builder_version=&#8220;3.25&#8243; custom_padding=&#8220;|||&#8220; global_colors_info=&#8220;{}&#8220; custom_padding__hover=&#8220;|||&#8220;][et_pb_wc_breadcrumb _builder_version=&#8220;3.0.47&#8243; global_colors_info=&#8220;{}&#8220;][\/et_pb_wc_breadcrumb][et_pb_wc_cart_notice _builder_version=&#8220;3.0.47&#8243; global_colors_info=&#8220;{}&#8220;][\/et_pb_wc_cart_notice][\/et_pb_column][\/et_pb_row][et_pb_row column_structure=&#8220;1_2,1_2&#8243; _builder_version=&#8220;4.13.1&#8243; background_size=&#8220;initial&#8220; background_position=&#8220;top_left&#8220; background_repeat=&#8220;repeat&#8220; custom_padding=&#8220;0px||||false|false&#8220; global_colors_info=&#8220;{}&#8220;][et_pb_column type=&#8220;1_2&#8243; _builder_version=&#8220;3.25&#8243; custom_padding=&#8220;|||&#8220; global_colors_info=&#8220;{}&#8220; custom_padding__hover=&#8220;|||&#8220;][et_pb_wc_images _builder_version=&#8220;3.0.47&#8243; global_colors_info=&#8220;{}&#8220;][\/et_pb_wc_images][\/et_pb_column][et_pb_column type=&#8220;1_2&#8243; _builder_version=&#8220;3.25&#8243; custom_padding=&#8220;|||&#8220; global_colors_info=&#8220;{}&#8220; custom_padding__hover=&#8220;|||&#8220;][et_pb_wc_title _builder_version=&#8220;4.13.1&#8243; header_font=&#8220;||||||||&#8220; global_colors_info=&#8220;{}&#8220;][\/et_pb_wc_title][et_pb_wc_description _builder_version=&#8220;4.13.1&#8243; global_colors_info=&#8220;{}&#8220;][\/et_pb_wc_description][et_pb_accordion admin_label=&#8220;Akkordeon&#8220; module_class=&#8220;pulchris_accordion&#8220; _builder_version=&#8220;4.13.1&#8243; _module_preset=&#8220;default&#8220; custom_margin=&#8220;|||20px|false|false&#8220; hover_enabled=&#8220;0&#8243; custom_css_toggle_icon=&#8220;content: &#8218;3&#8216;;&#8220; global_colors_info=&#8220;{}&#8220; sticky_enabled=&#8220;0&#8243;][et_pb_accordion_item title=&#8220;Wissenswertes zur Produktwirkung &#8220; open=&#8220;on&#8220; _builder_version=&#8220;4.13.1&#8243; _module_preset=&#8220;default&#8220; global_colors_info=&#8220;{}&#8220;][\/et_pb_accordion_item][et_pb_accordion_item title=&#8220;Was sind die 7 sichtbaren Zeichen der Hautalterung?&#8220; _builder_version=&#8220;4.13.1&#8243; _module_preset=&#8220;default&#8220; global_colors_info=&#8220;{}&#8220; open=&#8220;off&#8220;]<\/p>\n<p class=\"p1\"><span class=\"s1\">1. Raue, trockene Haut <br \/><\/span><span class=\"s1\">2. gest\u00f6rte Hautbarrierefunktion<br \/><\/span><span class=\"s1\">3. Alters oder Pigmentflecken\u00a0<br \/><\/span><span class=\"s1\">4. schlaffe Haut <br \/><\/span><span class=\"s1\">5. Falten<br \/>6. vergr\u00f6\u00dferte Poren<br \/>7. R\u00f6tungen und Entz\u00fcndungen <\/span><\/p>\n<p>[\/et_pb_accordion_item][et_pb_accordion_item title=&#8220;Was sind freie Radikale? Wie wirken Antioxidantien? &#8220; _builder_version=&#8220;4.13.1&#8243; _module_preset=&#8220;default&#8220; global_colors_info=&#8220;{}&#8220; open=&#8220;off&#8220;]<\/p>\n<p class=\"p1\"><span class=\"s1\"><strong>Freie Radikale<\/strong> sind Stoffwechselprodukte also Molek\u00fcle, denen ein Elektron fehlt. Sie sind dadurch sehr reaktionsfreudig und versuchen von anderen Molek\u00fclen z.b. von Kollagen und Elastin ein Elektron zu stehlen, wodurch das bestohlene Molek\u00fcl ebenfalls zu einem freien Radikal wird. Es entsteht eine Kettenreaktion. Dieser oxidative Stress kann zu massiven Sch\u00e4digungen in unserem K\u00f6rper f\u00fchren und unsere Haut schnell und stark altern lassen. <\/span><\/p>\n<p class=\"p1\"><span class=\"s1\"><strong>Antioxidantien<\/strong> haben ein Elektron zu viel<span class=\"Apple-converted-space\">\u00a0 <\/span>und k\u00f6nnen dieses abgeben. Deutlich wird das mit einem angeschnittenen Apfel. Die Schnittfl\u00e4che ist Sauerstoff ausgesetzt, es entstehen freie Radikale, die Schnittfl\u00e4che wird braun. Gibt man Zitronensaft darauf, also das Antioxidans Vitamin C verhindert man die Oxidation. <\/span><\/p>\n<p>[\/et_pb_accordion_item][et_pb_accordion_item title=&#8220;Wichtige Wirkstoffe:&#8220; _builder_version=&#8220;4.13.1&#8243; _module_preset=&#8220;default&#8220; hover_enabled=&#8220;0&#8243; global_colors_info=&#8220;{}&#8220; open=&#8220;off&#8220; sticky_enabled=&#8220;0&#8243;]<\/p>\n<p class=\"p1\"><span class=\"s1\"><b>Thermus-Thermophillus-Ferment<\/b><i><br \/><\/i>\u2013 Stimuliert die Hyalurons\u00e4ure-Synthese, die die Hautfeuchtigkeit verbessert<br \/>\u2013 Verbessert die Matrix und die dermal-epidermale Verbindung, was die Hautfestigkeit verbessert<br \/>\u2013 Verbessert die Hautbeschaffenheit<br \/>\u2013 Hat eine Anti-Aging-Wirkung und verhindert das Erschlaffen der Haut<\/span><\/p>\n<p class=\"p1\"><span class=\"s1\"><b>Tripeptid-33<\/b><i><br \/><\/i>\u2013 Starkes Antioxidationsmittel f\u00fcr verbesserten Schutz<br \/>\u2013 Verhindert das Einsetzen der Fotoalterung<br \/>\u2013 F\u00f6rdert die Reparatur von DNA-Zellsch\u00e4den<br \/>\u2013 Hemmt die Bildung von Carbonylproteinen<br \/>\u2013 Sch\u00fctzt Zellen vor UVA-induzierten DNA-Sch\u00e4den<br \/>\u2013 Minimiert die Auswirkungen von nat\u00fcrlichen und umweltbedingten Alterungsfaktoren<\/span><\/p>\n<p class=\"p1\"><span class=\"s1\"><b>Actives Bambusextrakt<\/b><i><br \/><\/i>\u2013 Verhindert die Hautalterung durch die Zufuhr zus\u00e4tzlicher Antioxidantien<br \/>\u2013 Wirkt gegen trockene, raue Haut<br \/>\u2013 Sorgt daf\u00fcr, dass die Haut glatt und geschmeidig aussieht und sich seidig anf\u00fcllt<\/span><\/p>\n<p class=\"p1\"><span class=\"s1\"><b>Hitzeschock-Proteine<\/b><i><br \/><\/i>\u2013 Erh\u00f6ht die F\u00e4higkeit der Zellen, Stress zu bew\u00e4ltigen, indem Entz\u00fcndung kontrolliert werden, welche die Synthese von Kollagen, Elastin und Hyalurons\u00e4ure verz\u00f6gern.<\/span><\/p>\n<p class=\"p1\"><span class=\"s1\"><b>Anwendung:<br \/><\/b>Mindestens 20 Minuten vor der Sonnenexposition gleichm\u00e4\u00dfig auftragen. Nach Bedarf erneuern.<\/span><\/p>\n<p>[\/et_pb_accordion_item][\/et_pb_accordion][et_pb_wc_price _builder_version=&#8220;4.13.1&#8243; body_text_color=&#8220;#666666&#8243; global_colors_info=&#8220;{}&#8220;][\/et_pb_wc_price][et_pb_wc_add_to_cart _builder_version=&#8220;3.0.47&#8243; global_colors_info=&#8220;{}&#8220;][\/et_pb_wc_add_to_cart][et_pb_text _builder_version=&#8220;4.13.1&#8243; _module_preset=&#8220;default&#8220; global_colors_info=&#8220;{}&#8220;]<\/p>\n<p class=\"p1\"><span class=\"s1\">Dieses Produkt ist frei von Parabenen, Wachstumsfaktoren, Seifen, Nanopartikeln, Konservierungs- und Duftstoffen. Es wurde ohne Tierversuche entwickelt, ist vegan und pH-hautneutral.<\/span><\/p>\n<p>[\/et_pb_text][\/et_pb_column][\/et_pb_row][et_pb_row _builder_version=&#8220;4.13.1&#8243; background_size=&#8220;initial&#8220; background_position=&#8220;top_left&#8220; background_repeat=&#8220;repeat&#8220; global_colors_info=&#8220;{}&#8220;][et_pb_column type=&#8220;4_4&#8243; _builder_version=&#8220;3.25&#8243; custom_padding=&#8220;|||&#8220; global_colors_info=&#8220;{}&#8220; custom_padding__hover=&#8220;|||&#8220;][et_pb_wc_tabs _builder_version=&#8220;3.0.47&#8243; global_colors_info=&#8220;{}&#8220;] [\/et_pb_wc_tabs][et_pb_wc_upsells _builder_version=&#8220;3.0.47&#8243; global_colors_info=&#8220;{}&#8220;][\/et_pb_wc_upsells][et_pb_wc_related_products _builder_version=&#8220;3.0.47&#8243; global_colors_info=&#8220;{}&#8220;][\/et_pb_wc_related_products][et_pb_wc_rating _builder_version=&#8220;3.0.47&#8243; global_colors_info=&#8220;{}&#8220;][\/et_pb_wc_rating][\/et_pb_column][\/et_pb_row][\/et_pb_section]<\/p>\n","protected":false},"excerpt":{"rendered":"<p class=\"p1\"><span class=\"s1\">Leichter, schnell absorbierender breiter UV-Filter, formuliert f\u00fcr einen aktiven Lebensstil .Zur einfachen und schnellen Anwendung.<\/span><\/p>\n<p>Inhalt: 150 ml<\/p>\n","protected":false},"featured_media":197,"comment_status":"open","ping_status":"closed","template":"","meta":{"_et_pb_use_builder":"on","_et_pb_old_content":"<p class=\"p1\"><span class=\"s1\">D\u00e4mpft die Auswirkungen von UV-Strahlen, wie z.B. R\u00f6tung und Fotoalterung.<\/span><\/p>\r\n\r\n<ul>\r\n \t<li class=\"p1\"><span class=\"s1\">Sch\u00fctzt vor oxidativem Stress\r\n<\/span><\/li>\r\n \t<li class=\"p1\"><span class=\"s1\">F\u00e4ngt freie Radikale\r\n<\/span><\/li>\r\n \t<li class=\"p1\"><span class=\"s1\">Hinterl\u00e4sst keine wei\u00dfen R\u00fcckst\u00e4nde wie bei der Verwendung von herk\u00f6mmlichen Sonnenschutz.\r\n<\/span><\/li>\r\n \t<li class=\"p1\"><span class=\"s1\">Breit wirkender UV-Filter sch\u00fctzt vor UVA- und UVB-Strahlen\r\n<\/span><\/li>\r\n \t<li class=\"p1\"><span class=\"s1\">Hinterl\u00e4sst kein fettiges Gef\u00fchl auf der Haut<\/span><\/li>\r\n<\/ul>\r\n&nbsp;\r\n<p class=\"p1\"><span class=\"s1\"><b>Produktvorteil:<\/b><\/span><\/p>\r\n\r\n<ul>\r\n \t<li>\r\n<p class=\"p1\"><span class=\"s1\">Leichte Spr\u00fchformulierung, idealer Schutz f\u00fcr den Outdoor-Sport<\/span><\/p>\r\n<\/li>\r\n \t<li>\r\n<p class=\"p1\"><span class=\"s1\">Besonders f\u00fcr M\u00e4nner, die \u00f6lfreie Texturen bevorzugen<\/span><\/p>\r\n<\/li>\r\n \t<li>\r\n<p class=\"p1\"><span class=\"s1\">Nicht fettend und unsichtbar auf der Haut<\/span><\/p>\r\n<\/li>\r\n \t<li>\r\n<p class=\"p1\"><span class=\"s1\">Zellschutz durch starke Antioxidantien<\/span><\/p>\r\n<\/li>\r\n<\/ul>\r\n&nbsp;\r\n<p class=\"p1\"><strong>Anwendung:\r\n<\/strong><span class=\"s1\">Mindestens 20 Minuten vor der Sonnenexposition gleichm\u00e4\u00dfig auftragen. Nach Bedarf erneuern.<\/span><\/p>\r\n<p class=\"p1\"><span class=\"s1\"><b>Geeignet <\/b><\/span><strong><span class=\"s1\">f\u00fcr alle Hauttypen und Bedingungen. <\/span><\/strong><span class=\"s1\"><strong>Hilft beim Schutz vor UVA- und UVB-Strahlen.<\/strong><\/span><\/p>\r\n<p class=\"p1\"><span class=\"s1\"><b>Ideale Produktkombinationen:\r\n<\/b><\/span><span class=\"s1\">Kann mit jedem Produkt aus der optiphi\u00ae Body Reihe kombiniert werden.<\/span><\/p>","_et_gb_content_width":"","inline_featured_image":false},"product_cat":[27],"product_tag":[],"class_list":{"0":"post-195","1":"product","2":"type-product","3":"status-publish","4":"has-post-thumbnail","6":"product_cat-sonnenschutz","8":"first","9":"instock","10":"shipping-taxable","11":"purchasable","12":"product-type-simple"},"_links":{"self":[{"href":"https:\/\/dev.optiphi.at\/index.php?rest_route=\/wp\/v2\/product\/195","targetHints":{"allow":["GET"]}}],"collection":[{"href":"https:\/\/dev.optiphi.at\/index.php?rest_route=\/wp\/v2\/product"}],"about":[{"href":"https:\/\/dev.optiphi.at\/index.php?rest_route=\/wp\/v2\/types\/product"}],"replies":[{"embeddable":true,"href":"https:\/\/dev.optiphi.at\/index.php?rest_route=%2Fwp%2Fv2%2Fcomments&post=195"}],"wp:featuredmedia":[{"embeddable":true,"href":"https:\/\/dev.optiphi.at\/index.php?rest_route=\/wp\/v2\/media\/197"}],"wp:attachment":[{"href":"https:\/\/dev.optiphi.at\/index.php?rest_route=%2Fwp%2Fv2%2Fmedia&parent=195"}],"wp:term":[{"taxonomy":"product_cat","embeddable":true,"href":"https:\/\/dev.optiphi.at\/index.php?rest_route=%2Fwp%2Fv2%2Fproduct_cat&post=195"},{"taxonomy":"product_tag","embeddable":true,"href":"https:\/\/dev.optiphi.at\/index.php?rest_route=%2Fwp%2Fv2%2Fproduct_tag&post=195"}],"curies":[{"name":"wp","href":"https:\/\/api.w.org\/{rel}","templated":true}]}}