{"id":212,"date":"2022-07-12T12:59:14","date_gmt":"2022-07-12T12:59:14","guid":{"rendered":"https:\/\/dev.optiphi.at\/?post_type=product&#038;p=212"},"modified":"2022-09-09T19:49:44","modified_gmt":"2022-09-09T19:49:44","slug":"hydration-therapy","status":"publish","type":"product","link":"https:\/\/dev.optiphi.at\/?product=hydration-therapy","title":{"rendered":"Hydration Therapy"},"content":{"rendered":"<p>[et_pb_section fb_built=&#8220;1&#8243; _builder_version=&#8220;3.22&#8243; custom_padding=&#8220;0px||||false|false&#8220; global_colors_info=&#8220;{}&#8220;][et_pb_row _builder_version=&#8220;4.13.1&#8243; background_size=&#8220;initial&#8220; background_position=&#8220;top_left&#8220; background_repeat=&#8220;repeat&#8220; custom_padding=&#8220;0px||0px||false|false&#8220; global_colors_info=&#8220;{}&#8220;][et_pb_column type=&#8220;4_4&#8243; _builder_version=&#8220;3.25&#8243; custom_padding=&#8220;|||&#8220; global_colors_info=&#8220;{}&#8220; custom_padding__hover=&#8220;|||&#8220;][et_pb_wc_breadcrumb _builder_version=&#8220;3.0.47&#8243; global_colors_info=&#8220;{}&#8220;][\/et_pb_wc_breadcrumb][et_pb_wc_cart_notice _builder_version=&#8220;3.0.47&#8243; global_colors_info=&#8220;{}&#8220;][\/et_pb_wc_cart_notice][\/et_pb_column][\/et_pb_row][et_pb_row column_structure=&#8220;1_2,1_2&#8243; _builder_version=&#8220;4.13.1&#8243; background_size=&#8220;initial&#8220; background_position=&#8220;top_left&#8220; background_repeat=&#8220;repeat&#8220; custom_padding=&#8220;0px||||false|false&#8220; global_colors_info=&#8220;{}&#8220;][et_pb_column type=&#8220;1_2&#8243; _builder_version=&#8220;3.25&#8243; custom_padding=&#8220;|||&#8220; global_colors_info=&#8220;{}&#8220; custom_padding__hover=&#8220;|||&#8220;][et_pb_wc_images _builder_version=&#8220;3.0.47&#8243; global_colors_info=&#8220;{}&#8220;][\/et_pb_wc_images][\/et_pb_column][et_pb_column type=&#8220;1_2&#8243; _builder_version=&#8220;3.25&#8243; custom_padding=&#8220;|||&#8220; global_colors_info=&#8220;{}&#8220; custom_padding__hover=&#8220;|||&#8220;][et_pb_wc_title _builder_version=&#8220;4.13.1&#8243; header_font=&#8220;||||||||&#8220; global_colors_info=&#8220;{}&#8220;][\/et_pb_wc_title][et_pb_wc_description _builder_version=&#8220;4.13.1&#8243; global_colors_info=&#8220;{}&#8220;][\/et_pb_wc_description][et_pb_accordion admin_label=&#8220;Akkordeon&#8220; module_class=&#8220;pulchris_accordion&#8220; _builder_version=&#8220;4.13.1&#8243; _module_preset=&#8220;default&#8220; custom_margin=&#8220;|||20px|false|false&#8220; custom_css_toggle_icon=&#8220;content: &#8218;3&#8216;;&#8220; global_colors_info=&#8220;{}&#8220;][et_pb_accordion_item title=&#8220;Wissenswertes zur Produktwirkung &#8220; open=&#8220;on&#8220; _builder_version=&#8220;4.13.1&#8243; _module_preset=&#8220;default&#8220; global_colors_info=&#8220;{}&#8220;][\/et_pb_accordion_item][et_pb_accordion_item title=&#8220;Welche Aggressoren sind f\u00fcr Entz\u00fcndungen verantwortlich?&#8220; _builder_version=&#8220;4.13.1&#8243; _module_preset=&#8220;default&#8220; global_colors_info=&#8220;{}&#8220; open=&#8220;off&#8220;]Freie Radikale oxidieren mit anderen zytopasmatischen Komponenten und verursachen Zellsch\u00e4den<\/p>\n<p>Arachidons\u00e4ure bildet sich in der Zellmembran<\/p>\n<p>Prostalglandine bilden sich im Hautgewebe z.b. durch lange UV Bestrahlung. Es entstehen R\u00f6tungen und Schwellungen<\/p>\n<p>Proteolytische Enzyme werden w\u00e4hrend der Wundheilung produziert. Eine \u00dcberaktivit\u00e4t kann zum Abbau von Kollagen, Elastin und Hyalurons\u00e4ure f\u00fchren. Eine vorzeitige Hautalterung setzt ein.<\/p>\n<p>Prostalglandine und Leukotrine sind f\u00fcr die Induktion einer postinflamatorischen Hyperpigmentierung der Haut verantwortlich.<br \/>\n[\/et_pb_accordion_item][et_pb_accordion_item title=&#8220;Warum ist Hyaluron so wichtig f\u00fcr eine straffe, gesunde Haut?&#8220; _builder_version=&#8220;4.13.1&#8243; _module_preset=&#8220;default&#8220; global_colors_info=&#8220;{}&#8220; open=&#8220;off&#8220;]<\/p>\n<p class=\"p1\"><span class=\"s1\">Hyalurons\u00e4ure wird in unserem K\u00f6rper selbst hergestellt. Hyalurons\u00e4ure findet sich in, Gelenksfl\u00fcssigkeit, Knorpeln und im Bindegewebe. Im Alter nimmt die Hyalurons\u00e4ure ab. Aus F\u00e4ltchen werden Falten. Die Haut wird empfindlicher und trockener. 3 unterschiedliche Hyalurons\u00e4uren in verschiedenen molekularen Gr\u00f6\u00dfen, entfalten die Wirkung in jeder Ebene der Haut und das funktioniert deshalb so gut weil Hyalurons\u00e4ure bis zu 6 Liter Wasser pro Gramm Eigengewicht binden kann. <\/span><\/p>\n<p>[\/et_pb_accordion_item][et_pb_accordion_item title=&#8220;Wichtige Wirkstoffe:&#8220; _builder_version=&#8220;4.13.1&#8243; _module_preset=&#8220;default&#8220; global_colors_info=&#8220;{}&#8220; open=&#8220;off&#8220;]<\/p>\n<p class=\"p1\"><span class=\"s1\"><b>Oligopeptid+Peptid-7\u00a0<br \/><\/b><\/span><span class=\"s1\">f\u00fcr sichtbare Anti-Falten-Wirksamkeit<\/span><\/p>\n<p class=\"p1\"><span class=\"s1\"><b>Imperata Cylindrica-Extrakt\u00a0<br \/><\/b><\/span><span class=\"s1\">erh\u00f6ht die F\u00e4higkeit der Haut Feuchtigkeit mit lang anhaltender Wirkung zu versorgen und zu speichern<\/span><\/p>\n<p class=\"p1\"><span class=\"s1\"><b>Zucker-Isomerat (Saccharide Isomerat)\u00a0<br \/><\/b><\/span><span class=\"s1\">bindet sich an Keratin in der Haut, um das Feuchtigkeitsgleichgewicht der Haut zu erhalten und zu bewahren<\/span><\/p>\n<p class=\"p1\"><span class=\"s1\"><b>Seidenproteine\u00a0<br \/><\/b><\/span><span class=\"s1\">bilden einen feuchtigkeitsspendenden, faltenverhindernden Film auf der Haut, der ein sofortiges, glattes und dauerhaftes, seidiges Gef\u00fchl vermittelt<\/span><\/p>\n<p class=\"p1\"><span class=\"s1\"><b>Algenextrakt+Gereinigte Meersalze<\/b>\u00a0<br \/><\/span><span class=\"s1\">stellen die Hom\u00f6ostase der Haut wieder her und ersetzen verlorene Vitamine, Mineralien und Spurenelemente<\/span><\/p>\n<p>[\/et_pb_accordion_item][\/et_pb_accordion][et_pb_wc_price _builder_version=&#8220;4.13.1&#8243; body_text_color=&#8220;#666666&#8243; global_colors_info=&#8220;{}&#8220;][\/et_pb_wc_price][et_pb_wc_add_to_cart _builder_version=&#8220;3.0.47&#8243; global_colors_info=&#8220;{}&#8220;][\/et_pb_wc_add_to_cart][et_pb_text _builder_version=&#8220;4.13.1&#8243; _module_preset=&#8220;default&#8220; global_colors_info=&#8220;{}&#8220;]<\/p>\n<p class=\"p1\"><span class=\"s1\">Dieses Produkt ist frei von Parabenen, Wachstumsfaktoren, Seifen, Nanopartikeln, Konservierungs- und Duftstoffen. Es wurde ohne Tierversuche entwickelt, ist vegan und pH-hautneutral.<\/span><\/p>\n<p>[\/et_pb_text][\/et_pb_column][\/et_pb_row][et_pb_row _builder_version=&#8220;4.13.1&#8243; background_size=&#8220;initial&#8220; background_position=&#8220;top_left&#8220; background_repeat=&#8220;repeat&#8220; global_colors_info=&#8220;{}&#8220;][et_pb_column type=&#8220;4_4&#8243; _builder_version=&#8220;3.25&#8243; custom_padding=&#8220;|||&#8220; global_colors_info=&#8220;{}&#8220; custom_padding__hover=&#8220;|||&#8220;][et_pb_wc_tabs _builder_version=&#8220;3.0.47&#8243; global_colors_info=&#8220;{}&#8220;] [\/et_pb_wc_tabs][et_pb_wc_upsells _builder_version=&#8220;3.0.47&#8243; global_colors_info=&#8220;{}&#8220;][\/et_pb_wc_upsells][et_pb_wc_related_products _builder_version=&#8220;3.0.47&#8243; global_colors_info=&#8220;{}&#8220;][\/et_pb_wc_related_products][et_pb_wc_rating _builder_version=&#8220;3.0.47&#8243; global_colors_info=&#8220;{}&#8220;][\/et_pb_wc_rating][\/et_pb_column][\/et_pb_row][\/et_pb_section]<\/p>\n","protected":false},"excerpt":{"rendered":"<p class=\"p1\"><span class=\"s1\">F\u00f6rdert die Vitalit\u00e4t der Haut, indem es die Feuchtigkeit der Haut und <\/span><span class=\"s1\">Architektur mit essentiellen Vitaminen und Mineralien versorgt wird.<\/span><\/p>\n<p><strong>Hautanalysecode DWSP<\/strong><\/p>\n<p>Inhalt: 50 ml<\/p>\n","protected":false},"featured_media":214,"comment_status":"open","ping_status":"closed","template":"","meta":{"_et_pb_use_builder":"on","_et_pb_old_content":"<strong>Produktvorteile:<\/strong>\r\n<ul>\r\n \t<li class=\"p1\"><span class=\"s1\">St\u00e4rkt, repariert und verbessert die Barrierefunktion der Haut<\/span><\/li>\r\n \t<li class=\"p1\"><span class=\"s1\">Verbessert die Hautdichte und -struktur\r\n<\/span><\/li>\r\n \t<li class=\"p1\"><span class=\"s1\">Regeneriert den Vitamin- und Mineralstoffgehalt der Haut und verbessert die Kollagenproduktion\r\n<\/span><\/li>\r\n \t<li class=\"p1\"><span class=\"s1\">Verringert die Zeichen der Hautalterung.\r\n<\/span><\/li>\r\n \t<li class=\"p1\"><span class=\"s1\">Verbessert die F\u00e4higkeit der Haut, Feuchtigkeit zu speichern und sorgt f\u00fcr ein langfristige zellul\u00e4re Befeuchtung\r\n<\/span><\/li>\r\n \t<li class=\"p1\"><span class=\"s1\">Beruhigt und belebt matte und trockene Haut\r\n<\/span><\/li>\r\n \t<li class=\"p1\"><span class=\"s1\">F\u00f6rdert die entz\u00fcndungshemmende und antioxidative Aktivit\u00e4t<\/span><\/li>\r\n<\/ul>\r\n<p class=\"p1\"><strong>Anwendung:\r\n<\/strong><span class=\"s1\">Tragen Sie 1-2 Pumps auf Gesicht und Hals auf. Kann morgens und abends verwendet werden.<\/span><\/p>\r\n<p class=\"p1\"><strong><span class=\"s1\">F\u00fcr alle Hauttypen und Hautbedingungen geeignet.<\/span><\/strong><\/p>\r\n<p class=\"p1\"><span class=\"s1\"><b>Ideale Produktkombinationen:\r\n<\/b><\/span><span class=\"s1\">Kann mit jedem Produkt aus der optiphi\u00ae Skincare Reihe kombiniert werden.\r\n<\/span><span class=\"s1\">Wir empfehlen: Pure Cleansing Wash, Eye Effect, Refi ne-Foliant, Hydra-Derm HA-Masque, Hydration Therapy und Complete Therapy SPF20, Restore\u00a0Therapy<\/span><\/p>\r\n<p class=\"p1\"><span class=\"s1\">\u00a0<\/span><\/p>","_et_gb_content_width":"","inline_featured_image":false},"product_cat":[24],"product_tag":[],"class_list":{"0":"post-212","1":"product","2":"type-product","3":"status-publish","4":"has-post-thumbnail","6":"product_cat-feuchtigkeitsversorgung","8":"first","9":"instock","10":"shipping-taxable","11":"product-type-simple"},"_links":{"self":[{"href":"https:\/\/dev.optiphi.at\/index.php?rest_route=\/wp\/v2\/product\/212","targetHints":{"allow":["GET"]}}],"collection":[{"href":"https:\/\/dev.optiphi.at\/index.php?rest_route=\/wp\/v2\/product"}],"about":[{"href":"https:\/\/dev.optiphi.at\/index.php?rest_route=\/wp\/v2\/types\/product"}],"replies":[{"embeddable":true,"href":"https:\/\/dev.optiphi.at\/index.php?rest_route=%2Fwp%2Fv2%2Fcomments&post=212"}],"wp:featuredmedia":[{"embeddable":true,"href":"https:\/\/dev.optiphi.at\/index.php?rest_route=\/wp\/v2\/media\/214"}],"wp:attachment":[{"href":"https:\/\/dev.optiphi.at\/index.php?rest_route=%2Fwp%2Fv2%2Fmedia&parent=212"}],"wp:term":[{"taxonomy":"product_cat","embeddable":true,"href":"https:\/\/dev.optiphi.at\/index.php?rest_route=%2Fwp%2Fv2%2Fproduct_cat&post=212"},{"taxonomy":"product_tag","embeddable":true,"href":"https:\/\/dev.optiphi.at\/index.php?rest_route=%2Fwp%2Fv2%2Fproduct_tag&post=212"}],"curies":[{"name":"wp","href":"https:\/\/api.w.org\/{rel}","templated":true}]}}