{"id":227,"date":"2022-07-15T08:52:44","date_gmt":"2022-07-15T08:52:44","guid":{"rendered":"https:\/\/dev.optiphi.at\/?post_type=product&#038;p=227"},"modified":"2022-09-09T19:39:43","modified_gmt":"2022-09-09T19:39:43","slug":"slumber-massage-oil","status":"publish","type":"product","link":"https:\/\/dev.optiphi.at\/?product=slumber-massage-oil","title":{"rendered":"Slumber Massage Oil"},"content":{"rendered":"<p>[et_pb_section fb_built=&#8220;1&#8243; _builder_version=&#8220;3.22&#8243; custom_padding=&#8220;0px||||false|false&#8220; global_colors_info=&#8220;{}&#8220;][et_pb_row _builder_version=&#8220;4.13.1&#8243; background_size=&#8220;initial&#8220; background_position=&#8220;top_left&#8220; background_repeat=&#8220;repeat&#8220; custom_padding=&#8220;0px||0px||false|false&#8220; global_colors_info=&#8220;{}&#8220;][et_pb_column type=&#8220;4_4&#8243; _builder_version=&#8220;3.25&#8243; custom_padding=&#8220;|||&#8220; global_colors_info=&#8220;{}&#8220; custom_padding__hover=&#8220;|||&#8220;][et_pb_wc_breadcrumb _builder_version=&#8220;3.0.47&#8243; global_colors_info=&#8220;{}&#8220;][\/et_pb_wc_breadcrumb][et_pb_wc_cart_notice _builder_version=&#8220;3.0.47&#8243; global_colors_info=&#8220;{}&#8220;][\/et_pb_wc_cart_notice][\/et_pb_column][\/et_pb_row][et_pb_row column_structure=&#8220;1_2,1_2&#8243; _builder_version=&#8220;4.13.1&#8243; background_size=&#8220;initial&#8220; background_position=&#8220;top_left&#8220; background_repeat=&#8220;repeat&#8220; custom_padding=&#8220;0px||||false|false&#8220; global_colors_info=&#8220;{}&#8220;][et_pb_column type=&#8220;1_2&#8243; _builder_version=&#8220;3.25&#8243; custom_padding=&#8220;|||&#8220; global_colors_info=&#8220;{}&#8220; custom_padding__hover=&#8220;|||&#8220;][et_pb_wc_images _builder_version=&#8220;3.0.47&#8243; global_colors_info=&#8220;{}&#8220;][\/et_pb_wc_images][\/et_pb_column][et_pb_column type=&#8220;1_2&#8243; _builder_version=&#8220;3.25&#8243; custom_padding=&#8220;|||&#8220; global_colors_info=&#8220;{}&#8220; custom_padding__hover=&#8220;|||&#8220;][et_pb_wc_title _builder_version=&#8220;4.13.1&#8243; header_font=&#8220;||||||||&#8220; global_colors_info=&#8220;{}&#8220;][\/et_pb_wc_title][et_pb_wc_description _builder_version=&#8220;4.13.1&#8243; global_colors_info=&#8220;{}&#8220;][\/et_pb_wc_description][et_pb_accordion module_class=&#8220;pulchris_accordion&#8220; _builder_version=&#8220;4.13.1&#8243; _module_preset=&#8220;default&#8220; custom_margin=&#8220;|||20px|false|false&#8220; custom_css_toggle_icon=&#8220;content: &#8218;3&#8216;;&#8220; global_colors_info=&#8220;{}&#8220;][et_pb_accordion_item title=&#8220;Wissenswertes zur Produktwirkung &#8220; open=&#8220;on&#8220; _builder_version=&#8220;4.13.1&#8243; _module_preset=&#8220;default&#8220; global_colors_info=&#8220;{}&#8220;][\/et_pb_accordion_item][et_pb_accordion_item title=&#8220;Was bewirkt diese Bio-Massage-\u00d6l?&#8220; _builder_version=&#8220;4.13.1&#8243; _module_preset=&#8220;default&#8220; global_colors_info=&#8220;{}&#8220; open=&#8220;off&#8220;]<\/p>\n<p class=\"p1\"><span class=\"s1\">S\u00e4uglingsmassagen bauen eine starke emotionale Bindung zwischen Baby und Eltern auf. Sie schaffen ein beruhigendes sensorisches Erlebnis und setzen das Wohlf\u00fchlhormon Oxytocin frei. Weitere physiologische Vorteile sind Stressabbau, verbesserter Schlaf und eine verbesserte Verdauung.<\/span><\/p>\n<p>[\/et_pb_accordion_item][et_pb_accordion_item title=&#8220;Wichtige Wirkstoffe:&#8220; _builder_version=&#8220;4.13.1&#8243; _module_preset=&#8220;default&#8220; global_colors_info=&#8220;{}&#8220; open=&#8220;off&#8220;]<\/p>\n<ul>\n<li class=\"li1\">\n<p class=\"p1\"><span class=\"s1\">Biologische \u00d6le aus Sonnenblumen, Sesam, Oliven und Jojoba<\/span><\/p>\n<\/li>\n<li>\n<p class=\"p1\"><span class=\"s1\">Omega 3-, 6-, 7- und 9-Fetts\u00e4uren<\/span><\/p>\n<\/li>\n<li>\n<p class=\"p1\"><span class=\"s1\">Shea- und Kokosnussbutter aus biologisch vertretbarem Anbau<\/span><\/p>\n<\/li>\n<\/ul>\n<p>[\/et_pb_accordion_item][\/et_pb_accordion][et_pb_wc_price _builder_version=&#8220;4.13.1&#8243; body_text_color=&#8220;#666666&#8243; global_colors_info=&#8220;{}&#8220;][\/et_pb_wc_price][et_pb_wc_add_to_cart _builder_version=&#8220;3.0.47&#8243; global_colors_info=&#8220;{}&#8220;][\/et_pb_wc_add_to_cart][et_pb_text _builder_version=&#8220;4.13.1&#8243; _module_preset=&#8220;default&#8220; global_colors_info=&#8220;{}&#8220;]<\/p>\n<p class=\"p1\"><span class=\"s1\">Dieses Produkt ist frei von Parabenen, Wachstumsfaktoren, Seifen, Nanopartikeln, Konservierungs- und Duftstoffen. Es wurde ohne Tierversuche entwickelt, ist vegan und pH-hautneutral.<\/span><\/p>\n<p>[\/et_pb_text][\/et_pb_column][\/et_pb_row][et_pb_row _builder_version=&#8220;4.13.1&#8243; background_size=&#8220;initial&#8220; background_position=&#8220;top_left&#8220; background_repeat=&#8220;repeat&#8220; global_colors_info=&#8220;{}&#8220;][et_pb_column type=&#8220;4_4&#8243; _builder_version=&#8220;3.25&#8243; custom_padding=&#8220;|||&#8220; global_colors_info=&#8220;{}&#8220; custom_padding__hover=&#8220;|||&#8220;][et_pb_wc_tabs _builder_version=&#8220;3.0.47&#8243; global_colors_info=&#8220;{}&#8220;] [\/et_pb_wc_tabs][et_pb_wc_upsells _builder_version=&#8220;3.0.47&#8243; global_colors_info=&#8220;{}&#8220;][\/et_pb_wc_upsells][et_pb_wc_related_products _builder_version=&#8220;3.0.47&#8243; global_colors_info=&#8220;{}&#8220;][\/et_pb_wc_related_products][et_pb_wc_rating _builder_version=&#8220;3.0.47&#8243; global_colors_info=&#8220;{}&#8220;][\/et_pb_wc_rating][\/et_pb_column][\/et_pb_row][\/et_pb_section]<\/p>\n","protected":false},"excerpt":{"rendered":"<p class=\"p1\"><span class=\"s1\">Das n\u00e4hrende Bio-Massage-\u00d6l f\u00fcr zarte Baby- und Kinderhaut<\/span><\/p>\n<p>Inhalt: 50 ml<\/p>\n","protected":false},"featured_media":229,"comment_status":"open","ping_status":"closed","template":"","meta":{"_et_pb_use_builder":"on","_et_pb_old_content":"<strong>Produktvorteile:<\/strong>\r\n<ul>\r\n \t<li>f\u00fcr Baby- und Kinderhaut entwickelt<\/li>\r\n \t<li>\r\n<p class=\"p1\"><span class=\"s1\">reich an Vitaminen<\/span><\/p>\r\n<\/li>\r\n \t<li>\r\n<p class=\"p1\"><span class=\"s1\">mit Omega 3-, 6-, 7- und 9-Fetts\u00e4uren zum Aufbau der nat\u00fcrlichen<\/span><\/p>\r\n<\/li>\r\n \t<li>\r\n<p class=\"p1\"><span class=\"s1\">Shea- und Kokosnussbutter aus biologisch vertretbarem Anbau<\/span><\/p>\r\n<\/li>\r\n \t<li>\r\n<p class=\"p1\"><span class=\"s1\">Schutzbarriere der Haut<\/span><\/p>\r\n<\/li>\r\n \t<li style=\"list-style-type: none\"><\/li>\r\n<\/ul>\r\n<p class=\"p1\"><span class=\"s1\">Dieses Mehrzweck-Bio-Massage\u00f6l ist reich an Vitaminen. Die beruhigende Mischung aus biologischen Sonnenblumen-, Sesam-, Oliven- und Jojoba-\u00d6l , sowie S\u00fc\u00dfmandel pflegen die Haut intensiv. Eine Kombination aus Omega 3-, 6-, 7- und 9-Fetts\u00e4uren baut die die nat\u00fcrliche Schutzbarriere der Haut wieder auf und reduziert Wasserverlust. Die Haut bleibt weich und geschmeidig und wird durch die Kombination von Shea- und Kokosnussbutter aus biologisch vertretbarem Anbau intensiv gepflegt. <\/span><\/p>","_et_gb_content_width":"","inline_featured_image":false},"product_cat":[28],"product_tag":[],"class_list":{"0":"post-227","1":"product","2":"type-product","3":"status-publish","4":"has-post-thumbnail","6":"product_cat-elements","8":"first","9":"instock","10":"shipping-taxable","11":"purchasable","12":"product-type-simple"},"_links":{"self":[{"href":"https:\/\/dev.optiphi.at\/index.php?rest_route=\/wp\/v2\/product\/227","targetHints":{"allow":["GET"]}}],"collection":[{"href":"https:\/\/dev.optiphi.at\/index.php?rest_route=\/wp\/v2\/product"}],"about":[{"href":"https:\/\/dev.optiphi.at\/index.php?rest_route=\/wp\/v2\/types\/product"}],"replies":[{"embeddable":true,"href":"https:\/\/dev.optiphi.at\/index.php?rest_route=%2Fwp%2Fv2%2Fcomments&post=227"}],"wp:featuredmedia":[{"embeddable":true,"href":"https:\/\/dev.optiphi.at\/index.php?rest_route=\/wp\/v2\/media\/229"}],"wp:attachment":[{"href":"https:\/\/dev.optiphi.at\/index.php?rest_route=%2Fwp%2Fv2%2Fmedia&parent=227"}],"wp:term":[{"taxonomy":"product_cat","embeddable":true,"href":"https:\/\/dev.optiphi.at\/index.php?rest_route=%2Fwp%2Fv2%2Fproduct_cat&post=227"},{"taxonomy":"product_tag","embeddable":true,"href":"https:\/\/dev.optiphi.at\/index.php?rest_route=%2Fwp%2Fv2%2Fproduct_tag&post=227"}],"curies":[{"name":"wp","href":"https:\/\/api.w.org\/{rel}","templated":true}]}}