{"id":94,"date":"2022-07-06T14:09:45","date_gmt":"2022-07-06T14:09:45","guid":{"rendered":"https:\/\/dev.optiphi.at\/?post_type=product&#038;p=94"},"modified":"2022-09-09T20:25:35","modified_gmt":"2022-09-09T20:25:35","slug":"clarity-serum","status":"publish","type":"product","link":"https:\/\/dev.optiphi.at\/?product=clarity-serum","title":{"rendered":"Clarity Serum"},"content":{"rendered":"<p>[et_pb_section fb_built=&#8220;1&#8243; _builder_version=&#8220;3.22&#8243; custom_padding=&#8220;0px||||false|false&#8220; global_colors_info=&#8220;{}&#8220;][et_pb_row _builder_version=&#8220;4.13.1&#8243; background_size=&#8220;initial&#8220; background_position=&#8220;top_left&#8220; background_repeat=&#8220;repeat&#8220; custom_padding=&#8220;0px||0px||false|false&#8220; global_colors_info=&#8220;{}&#8220;][et_pb_column type=&#8220;4_4&#8243; _builder_version=&#8220;3.25&#8243; custom_padding=&#8220;|||&#8220; global_colors_info=&#8220;{}&#8220; custom_padding__hover=&#8220;|||&#8220;][et_pb_wc_breadcrumb _builder_version=&#8220;3.0.47&#8243; global_colors_info=&#8220;{}&#8220;][\/et_pb_wc_breadcrumb][et_pb_wc_cart_notice _builder_version=&#8220;3.0.47&#8243; global_colors_info=&#8220;{}&#8220;][\/et_pb_wc_cart_notice][\/et_pb_column][\/et_pb_row][et_pb_row column_structure=&#8220;1_2,1_2&#8243; _builder_version=&#8220;4.13.1&#8243; background_size=&#8220;initial&#8220; background_position=&#8220;top_left&#8220; background_repeat=&#8220;repeat&#8220; custom_padding=&#8220;0px||||false|false&#8220; global_colors_info=&#8220;{}&#8220;][et_pb_column type=&#8220;1_2&#8243; _builder_version=&#8220;3.25&#8243; custom_padding=&#8220;|||&#8220; global_colors_info=&#8220;{}&#8220; custom_padding__hover=&#8220;|||&#8220;][et_pb_wc_images _builder_version=&#8220;3.0.47&#8243; global_colors_info=&#8220;{}&#8220;][\/et_pb_wc_images][\/et_pb_column][et_pb_column type=&#8220;1_2&#8243; _builder_version=&#8220;3.25&#8243; custom_padding=&#8220;|||&#8220; global_colors_info=&#8220;{}&#8220; custom_padding__hover=&#8220;|||&#8220;][et_pb_wc_title _builder_version=&#8220;4.13.1&#8243; header_font=&#8220;||||||||&#8220; global_colors_info=&#8220;{}&#8220;][\/et_pb_wc_title][et_pb_wc_description _builder_version=&#8220;4.13.1&#8243; global_colors_info=&#8220;{}&#8220;][\/et_pb_wc_description][et_pb_accordion admin_label=&#8220;Akkordeon&#8220; module_class=&#8220;pulchris_accordion&#8220; _builder_version=&#8220;4.13.1&#8243; _module_preset=&#8220;default&#8220; custom_margin=&#8220;|||20px|false|false&#8220; custom_css_toggle_icon=&#8220;content: &#8218;3&#8216;;&#8220; global_colors_info=&#8220;{}&#8220;][et_pb_accordion_item title=&#8220;Wissenswertes zum Produkt: &#8220; open=&#8220;on&#8220; _builder_version=&#8220;4.13.1&#8243; _module_preset=&#8220;default&#8220; global_colors_info=&#8220;{}&#8220;][\/et_pb_accordion_item][et_pb_accordion_item title=&#8220;Produktvorteile&#8220; _builder_version=&#8220;4.13.1&#8243; _module_preset=&#8220;default&#8220; global_colors_info=&#8220;{}&#8220; open=&#8220;off&#8220;]<\/p>\n<p><b>\u2013 <\/b>Beruhigend und lindernd<br \/>\u2013 Minimiert R\u00f6tungen und begrenzt Hautirritationen<br \/>\u2013 Sebum regulierend und antimikrobiell<br \/>\u2013 Normalisiert den Talgspiegel, f\u00f6rdert eine makellose Haut<br \/>\u2013 Starke antioxidative Wirkung<br \/>\u2013 F\u00e4ngt freie Radikale und hemmt deren hautsch\u00e4digende Wirkung<br \/>\u2013 Verbessert Unebenheiten<br \/>\u2013 Unterst\u00fctzt die Hautheilung<br \/>\u2013 Normalisiert die Hautbarrierefunktion und verbessert dadurch die epidermale\u00a0Barrierefunktion<\/p>\n<p>[\/et_pb_accordion_item][et_pb_accordion_item title=&#8220;Was bewirkt dieses beruhigende Serum?&#8220; _builder_version=&#8220;4.13.1&#8243; _module_preset=&#8220;default&#8220; global_colors_info=&#8220;{}&#8220; open=&#8220;off&#8220;]<\/p>\n<p>Beruhigendes, entz\u00fcndungshemmendes und Sebum regulierende Pigmentbehandlung. Ideal zur Linderung der post-entz\u00fcndlichen Hyperpigmentierung bei gleichzeitiger Kontrolle antimikrobieller Aktion.<\/p>\n<p>[\/et_pb_accordion_item][et_pb_accordion_item title=&#8220;Wichtige Wirkstoffe:&#8220; _builder_version=&#8220;4.13.1&#8243; _module_preset=&#8220;default&#8220; global_colors_info=&#8220;{}&#8220; open=&#8220;off&#8220;]<\/p>\n<p><strong>\u2013 Syringa Vulgaris Extrakt (gemeiner Flieder)<\/strong><br \/>Reduziert die Talgproduktion. Entz\u00fcndungshemmend und antimikrobiell. Verhindert Hyperkeratinisierung und Hyperpigmentierung<\/p>\n<p><strong>\u2013 Salicyls\u00e4ure (zeitgesteuert Diffusionstechnologie)<\/strong><br \/>H\u00e4lt einen konstanten Haut-pHWertes von 5,5 aufrecht. Macht die Haut unempfi ndlich gegen Reizungen<\/p>\n<p><strong>\u2013 Isosorbide<\/strong><br \/>Desunflowerseedate (Sonnenblumen\u00f6l) \u2013 Entz\u00fcndungshemmend. Stimuliert Filaggrin Proteine (strukturbildene Funktion f\u00fcr die Epidermis). Baut die Hautbarriere auf und bek\u00e4mpft die Zeichen der Hautalterung.<\/p>\n<p><strong>\u2013 Vitamin E (Tocopherol)<\/strong><br \/>Antioxidant<\/p>\n<p><strong>\u2013 Malachit Extrakt<\/strong><br \/>Starkes Antioxidant. Sch\u00fctzt vor Umweltstressoren und Umweltbelastung<\/p>\n<p><strong>\u2013 Lipohydroxy S\u00e4ure<\/strong><br \/>Individuelles Cell-to-Cell-Peeling mit komedolytischer Wirkung (l\u00f6st Komedonen).<\/p>\n<p><strong>\u2013 Vitamin B3 (Niacinamid)<\/strong><br \/>Entz\u00fcndungshemmend und anregend f\u00fcr die Mikrozirkulation in der Dermis. Erh\u00f6ht den Ceramidgehalt in der Haut. Verz\u00f6gert die vorzeitige Hautalterung die durch Sonnenexposition und freie Radikale ausgel\u00f6st wird.<\/p>\n<p><strong>\u2013 Vitamin C (Ascorbins\u00e4ure)<br \/><\/strong>Stimuliert die Kollagensynthese. Hemmt die Tyrosinase- Aktivit\u00e4t &amp; f\u00f6rdert einen strahlenden Hautton.<\/p>\n<p>[\/et_pb_accordion_item][\/et_pb_accordion][et_pb_wc_price _builder_version=&#8220;4.13.1&#8243; body_text_color=&#8220;#666666&#8243; global_colors_info=&#8220;{}&#8220;][\/et_pb_wc_price][et_pb_wc_add_to_cart _builder_version=&#8220;3.0.47&#8243; global_colors_info=&#8220;{}&#8220;][\/et_pb_wc_add_to_cart][et_pb_text _builder_version=&#8220;4.13.1&#8243; _module_preset=&#8220;default&#8220; global_colors_info=&#8220;{}&#8220;]<\/p>\n<p class=\"p1\"><span class=\"s1\">Dieses Produkt ist frei von Parabenen, Wachstumsfaktoren, Seifen, Nanopartikeln, Konservierungs- und Duftstoffen. Es wurde ohne Tierversuche entwickelt, ist vegan und pH-hautneutral.<\/span><\/p>\n<p>[\/et_pb_text][\/et_pb_column][\/et_pb_row][et_pb_row _builder_version=&#8220;4.13.1&#8243; background_size=&#8220;initial&#8220; background_position=&#8220;top_left&#8220; background_repeat=&#8220;repeat&#8220; global_colors_info=&#8220;{}&#8220;][et_pb_column type=&#8220;4_4&#8243; _builder_version=&#8220;3.25&#8243; custom_padding=&#8220;|||&#8220; global_colors_info=&#8220;{}&#8220; custom_padding__hover=&#8220;|||&#8220;][et_pb_wc_tabs _builder_version=&#8220;4.13.1&#8243; global_colors_info=&#8220;{}&#8220;] [\/et_pb_wc_tabs][et_pb_wc_upsells _builder_version=&#8220;3.0.47&#8243; global_colors_info=&#8220;{}&#8220;][\/et_pb_wc_upsells][et_pb_wc_related_products _builder_version=&#8220;3.0.47&#8243; global_colors_info=&#8220;{}&#8220;][\/et_pb_wc_related_products][et_pb_wc_rating _builder_version=&#8220;3.0.47&#8243; global_colors_info=&#8220;{}&#8220;][\/et_pb_wc_rating][\/et_pb_column][\/et_pb_row][\/et_pb_section]<\/p>\n","protected":false},"excerpt":{"rendered":"<p>Beruhigendes, entz\u00fcndungshemmendes und Sebum regulierende Pigmentbehandlung. Ideal zur Linderung der post-entz\u00fcndlichen Hyperpigmentierung bei gleichzeitiger Kontrolle antimikrobieller Aktion.<\/p>\n<p><strong>Hautanalysecode PSDW<\/strong><\/p>\n<p>Inhalt: 15 ml<\/p>\n","protected":false},"featured_media":98,"comment_status":"open","ping_status":"closed","template":"","meta":{"_et_pb_use_builder":"on","_et_pb_old_content":"<strong>Anwendung:\r\n<\/strong>Tragen Sie das Clarity Serum mit einem sauberen Wattest\u00e4bchen auf die zu Pickel und unreiner Haut neigenden Bereiche auf. Kann Tag und Nacht angewendet werden.","_et_gb_content_width":"","inline_featured_image":false},"product_cat":[22],"product_tag":[],"class_list":{"0":"post-94","1":"product","2":"type-product","3":"status-publish","4":"has-post-thumbnail","6":"product_cat-anti-aging","8":"first","9":"instock","10":"shipping-taxable","11":"purchasable","12":"product-type-simple"},"_links":{"self":[{"href":"https:\/\/dev.optiphi.at\/index.php?rest_route=\/wp\/v2\/product\/94","targetHints":{"allow":["GET"]}}],"collection":[{"href":"https:\/\/dev.optiphi.at\/index.php?rest_route=\/wp\/v2\/product"}],"about":[{"href":"https:\/\/dev.optiphi.at\/index.php?rest_route=\/wp\/v2\/types\/product"}],"replies":[{"embeddable":true,"href":"https:\/\/dev.optiphi.at\/index.php?rest_route=%2Fwp%2Fv2%2Fcomments&post=94"}],"wp:featuredmedia":[{"embeddable":true,"href":"https:\/\/dev.optiphi.at\/index.php?rest_route=\/wp\/v2\/media\/98"}],"wp:attachment":[{"href":"https:\/\/dev.optiphi.at\/index.php?rest_route=%2Fwp%2Fv2%2Fmedia&parent=94"}],"wp:term":[{"taxonomy":"product_cat","embeddable":true,"href":"https:\/\/dev.optiphi.at\/index.php?rest_route=%2Fwp%2Fv2%2Fproduct_cat&post=94"},{"taxonomy":"product_tag","embeddable":true,"href":"https:\/\/dev.optiphi.at\/index.php?rest_route=%2Fwp%2Fv2%2Fproduct_tag&post=94"}],"curies":[{"name":"wp","href":"https:\/\/api.w.org\/{rel}","templated":true}]}}