{"id":99,"date":"2022-07-06T14:54:30","date_gmt":"2022-07-06T14:54:30","guid":{"rendered":"https:\/\/dev.optiphi.at\/?post_type=product&#038;p=99"},"modified":"2022-09-09T20:24:34","modified_gmt":"2022-09-09T20:24:34","slug":"complexion-control","status":"publish","type":"product","link":"https:\/\/dev.optiphi.at\/?product=complexion-control","title":{"rendered":"Complexion Control"},"content":{"rendered":"<p>[et_pb_section fb_built=&#8220;1&#8243; _builder_version=&#8220;3.22&#8243; custom_padding=&#8220;0px||||false|false&#8220; global_colors_info=&#8220;{}&#8220;][et_pb_row _builder_version=&#8220;4.13.1&#8243; background_size=&#8220;initial&#8220; background_position=&#8220;top_left&#8220; background_repeat=&#8220;repeat&#8220; custom_padding=&#8220;0px||0px||false|false&#8220; global_colors_info=&#8220;{}&#8220;][et_pb_column type=&#8220;4_4&#8243; _builder_version=&#8220;3.25&#8243; custom_padding=&#8220;|||&#8220; global_colors_info=&#8220;{}&#8220; custom_padding__hover=&#8220;|||&#8220;][et_pb_wc_breadcrumb _builder_version=&#8220;3.0.47&#8243; global_colors_info=&#8220;{}&#8220;][\/et_pb_wc_breadcrumb][et_pb_wc_cart_notice _builder_version=&#8220;3.0.47&#8243; global_colors_info=&#8220;{}&#8220;][\/et_pb_wc_cart_notice][\/et_pb_column][\/et_pb_row][et_pb_row column_structure=&#8220;1_2,1_2&#8243; _builder_version=&#8220;4.13.1&#8243; background_size=&#8220;initial&#8220; background_position=&#8220;top_left&#8220; background_repeat=&#8220;repeat&#8220; custom_padding=&#8220;0px||||false|false&#8220; global_colors_info=&#8220;{}&#8220;][et_pb_column type=&#8220;1_2&#8243; _builder_version=&#8220;3.25&#8243; custom_padding=&#8220;|||&#8220; global_colors_info=&#8220;{}&#8220; custom_padding__hover=&#8220;|||&#8220;][et_pb_wc_images _builder_version=&#8220;3.0.47&#8243; global_colors_info=&#8220;{}&#8220;][\/et_pb_wc_images][\/et_pb_column][et_pb_column type=&#8220;1_2&#8243; _builder_version=&#8220;3.25&#8243; custom_padding=&#8220;|||&#8220; global_colors_info=&#8220;{}&#8220; custom_padding__hover=&#8220;|||&#8220;][et_pb_wc_title _builder_version=&#8220;4.13.1&#8243; header_font=&#8220;||||||||&#8220; global_colors_info=&#8220;{}&#8220;][\/et_pb_wc_title][et_pb_wc_description _builder_version=&#8220;4.13.1&#8243; global_colors_info=&#8220;{}&#8220;][\/et_pb_wc_description][et_pb_accordion admin_label=&#8220;Akkordeon&#8220; module_class=&#8220;pulchris_accordion&#8220; _builder_version=&#8220;4.13.1&#8243; _module_preset=&#8220;default&#8220; custom_margin=&#8220;|||20px|false|false&#8220; hover_enabled=&#8220;0&#8243; custom_css_toggle_icon=&#8220;content: &#8218;3&#8216;;&#8220; global_colors_info=&#8220;{}&#8220; sticky_enabled=&#8220;0&#8243;][et_pb_accordion_item title=&#8220;Wissenswertes zum Produkt: &#8220; open=&#8220;on&#8220; _builder_version=&#8220;4.13.1&#8243; _module_preset=&#8220;default&#8220; global_colors_info=&#8220;{}&#8220;][\/et_pb_accordion_item][et_pb_accordion_item title=&#8220;Was ist Tyrosinase? &#8220; open=&#8220;on&#8220; _builder_version=&#8220;4.13.1&#8243; _module_preset=&#8220;default&#8220; hover_enabled=&#8220;0&#8243; global_colors_info=&#8220;{}&#8220; sticky_enabled=&#8220;0&#8243;]<\/p>\n<p class=\"p1\"><span class=\"s1\"><strong>Tyrosinase<\/strong> ist ein Enzym. Bei der Tyrosinase &#8211; Synthese wird Melanin an der Membran von Melanozyten gebildet &#8211;<span class=\"Apple-converted-space\">\u00a0 <\/span>ein wichtiger Schutz vor UV Strahlung, aber auch die Ursache von unsch\u00f6nen Pigmentflecken. <\/span><\/p>\n<p>[\/et_pb_accordion_item][et_pb_accordion_item title=&#8220;Was ist Retinol und wie wirkt es? &#8220; _builder_version=&#8220;4.13.1&#8243; _module_preset=&#8220;default&#8220; global_colors_info=&#8220;{}&#8220; open=&#8220;off&#8220;]<\/p>\n<p class=\"p1\"><span class=\"s1\"><strong>Retinol &#8211; Vitamin A <\/strong>ist ein fettl\u00f6sliches Vitamin und geh\u00f6rt chemisch gesehen zu den Retinoiden, die in unterschiedlichen Formen mehr oder weniger intensiv ihre Wirkung und Nebenwirkungen zeigen.<span class=\"Apple-converted-space\">\u00a0 <\/span>Neueste Studien zeigen, dass Retinaldehyd,<span class=\"Apple-converted-space\">\u00a0 <\/span>die Vorstufe von Retins\u00e4ure die beste Wirkung bei bester Vertr\u00e4glichkeit zeigt. Optiphi verf\u00fcgt zus\u00e4tzlich \u00fcber ein einzigartiges Abgabesystem und versorgt so die Haut \u00fcber 12 Stunden kontinuierlich mit Retinol.<\/span><\/p>\n<p class=\"p1\"><span class=\"s1\">Retinol f\u00f6rdert die Kollagen und Elastinproduktion &#8211; minderst so die Faltentiefe. Bek\u00e4mpft alle Anzeichen des Alterns. Reguliert die Talgproduktion. <b><br \/><\/b>Stimuliert die Proteinsynthese, verbessert die Barrierefunktion, wirkt entz\u00fcndungshemmend.<\/span><\/p>\n<p>[\/et_pb_accordion_item][et_pb_accordion_item title=&#8220;Wichtige Wirkstoffe:&#8220; _builder_version=&#8220;4.13.1&#8243; _module_preset=&#8220;default&#8220; hover_enabled=&#8220;0&#8243; global_colors_info=&#8220;{}&#8220; open=&#8220;off&#8220; sticky_enabled=&#8220;0&#8243;]<\/p>\n<p><strong>Vitamin A (Retinol)<\/strong><br \/>\u2013 F\u00f6rdert die Fibroblasten-Aktivit\u00e4t, stimuliert die Zellerneuerung, \u2013 Wirkt aufhellend<\/p>\n<p><strong>Resorcin<\/strong><br \/>\u2013 Hilft bei der Regulierung der Melaninproduktion w\u00e4hrend der Melanogenese. Zielt darauf ab, sowohl die Tyrosinase-Aktivit\u00e4t als auch die Tyrosinase-Synthese zu hemmen<\/p>\n<p><strong>Vitamin B3 (Niacinamid)<\/strong><br \/>\u2013 F\u00f6rdert die zellul\u00e4re Lebensdauer und erh\u00f6ht die Hautproteinsynthese. Hilft bei der Hemmung der Tyrosinase-Aktivit\u00e4t. Behindert die \u00dcbertragung von Melanin<\/p>\n<p><strong>Vitamin C (Ascorbins\u00e4ure)<\/strong><br \/>Hilfsmittel bei der Regulierung der Tyrosinase-Aktivit\u00e4t<\/p>\n<p><strong>Ellags\u00e4ure<\/strong><br \/>\u2013 Unterdr\u00fcckt die Melaninbildung, die Bildung neuer Pigmentierungen wird verz\u00f6gert.<\/p>\n<p><strong>Spanish needle Extrakt Bidens Pilosa extrakt (behaarter Zweizahn)<\/strong><br \/>\u2013 Unterst\u00fctzt den Kampf gegen die Alterung und verst\u00e4rkt die Wirkung von Retinol<\/p>\n<p><strong>Resveratrol<\/strong><br \/>\u2013 F\u00f6rdert die antioxidative Aktivit\u00e4t und bek\u00e4mpft die Hyperpigmentierung. Schnell wirkend. Verbessert den ungleichm\u00e4\u00dfigen Hautton und die Textur der Haut &amp; pH 5,5 unterst\u00fctzen die Aufrechterhaltung der Barrierefunktion.<\/p>\n<p>[\/et_pb_accordion_item][\/et_pb_accordion][et_pb_wc_price _builder_version=&#8220;4.13.1&#8243; body_text_color=&#8220;#666666&#8243; global_colors_info=&#8220;{}&#8220;][\/et_pb_wc_price][et_pb_wc_add_to_cart _builder_version=&#8220;3.0.47&#8243; global_colors_info=&#8220;{}&#8220;][\/et_pb_wc_add_to_cart][et_pb_text _builder_version=&#8220;4.13.1&#8243; _module_preset=&#8220;default&#8220; global_colors_info=&#8220;{}&#8220;]<\/p>\n<p class=\"p1\"><span class=\"s1\">Dieses Produkt ist frei von Parabenen, Wachstumsfaktoren, Seifen, Nanopartikeln, Konservierungs- und Duftstoffen. Es wurde ohne Tierversuche entwickelt, ist vegan und pH-hautneutral.<\/span><\/p>\n<p>[\/et_pb_text][\/et_pb_column][\/et_pb_row][et_pb_row _builder_version=&#8220;4.13.1&#8243; background_size=&#8220;initial&#8220; background_position=&#8220;top_left&#8220; background_repeat=&#8220;repeat&#8220; global_colors_info=&#8220;{}&#8220;][et_pb_column type=&#8220;4_4&#8243; _builder_version=&#8220;3.25&#8243; custom_padding=&#8220;|||&#8220; global_colors_info=&#8220;{}&#8220; custom_padding__hover=&#8220;|||&#8220;][et_pb_wc_tabs _builder_version=&#8220;4.13.1&#8243; global_colors_info=&#8220;{}&#8220;] [\/et_pb_wc_tabs][et_pb_wc_upsells _builder_version=&#8220;3.0.47&#8243; global_colors_info=&#8220;{}&#8220;][\/et_pb_wc_upsells][et_pb_wc_related_products _builder_version=&#8220;3.0.47&#8243; global_colors_info=&#8220;{}&#8220;][\/et_pb_wc_related_products][et_pb_wc_rating _builder_version=&#8220;3.0.47&#8243; global_colors_info=&#8220;{}&#8220;][\/et_pb_wc_rating][\/et_pb_column][\/et_pb_row][\/et_pb_section]<\/p>\n","protected":false},"excerpt":{"rendered":"<p><strong>Gleichm\u00e4ssige Teint &amp; Aufhellungstherapie.<\/strong> Eine aufhellende Creme zur Behandlung von dunklen Flecken und ungleichm\u00e4\u00dfigem Hautton.<\/p>\n<p><strong>Hautanalysecode\u00a0<\/strong><b>PWDS<\/b><\/p>\n<p>Inhalt: 30 ml<\/p>\n","protected":false},"featured_media":142,"comment_status":"open","ping_status":"closed","template":"","meta":{"_et_pb_use_builder":"on","_et_pb_old_content":"Resveratrol &amp; Ellags\u00e4ure hellen matte Haut auf und bek\u00e4mpfen freie Radikale. Retinol, ein starker Aufheller, wirkt gegen Altersflecken und Pigmentierung, bek\u00e4mpft UV-Sch\u00e4den und kontrolliert die Fettproduktion, wodurch die Haut mattiert wird. Die leistungsstarke Mischung aus Vitamin C &amp; B3 verbessert die nat\u00fcrliche Ausstrahlung, bek\u00e4mpft freie Radikale und baut die Hautstruktur wieder auf.\r\n\r\n<strong>Anwendung:<\/strong><span class=\"s1\">\r\n1-2 Pump auf Gesicht, Hals und Dekollet\u00e9 oder kleine Mengen auf gezielt pigmentierte Bereiche auftragen.\r\n<\/span><span class=\"s1\">Die beste Wirkung erzielen wir bei der Anwendung nach der Reinigung am Abend, da die Regeneration und die Verwertung von Retinol in der Nacht am effektivsten ist.<\/span>\r\n<p class=\"p1\"><span class=\"s1\">Da dieses Produkt Retinol enth\u00e4lt, sollte es nach und nach in die Pflegeroutine eingef\u00fchrt werden. Am Beginn zweimal pro Woche, langsam erh\u00f6hen, w\u00e4hrend sich die Haut an das Retinol gew\u00f6hnen kann.\u00a0<\/span><\/p>\r\n\r\n<ul class=\"ul1\">\r\n \t<li class=\"li1\"><span class=\"s1\">Patienten die eine Behandlung mit Ciscutan oder Cortison erhalten, sollten Produkte mit Retinol nicht verwenden.<\/span><\/li>\r\n \t<li class=\"li1\"><span class=\"s1\">Complexion Control sollte nicht in Verbindung mit anderen Produkten verwendet werden, die Retinol enthalten. Die Retinolkonzentration k\u00f6nnte zu hoch werden.<\/span><\/li>\r\n<\/ul>\r\n&nbsp;\r\n\r\n<strong>Ideale<\/strong><b> Produktkombinationen:\r\n<\/b><span class=\"s1\">Facial Cleanser\/ Eyesigns Active Gel\/ Ageless Active Gel, Dermintense Active Gel.\r\n<\/span><span class=\"s1\">Kann mit jedem Produkt aus der optiphi\u00ae Skincare Reihe ohne Retinol kombiniert werden. <\/span>","_et_gb_content_width":"","inline_featured_image":false},"product_cat":[22],"product_tag":[],"class_list":{"0":"post-99","1":"product","2":"type-product","3":"status-publish","4":"has-post-thumbnail","6":"product_cat-anti-aging","8":"first","9":"instock","10":"shipping-taxable","11":"purchasable","12":"product-type-simple"},"_links":{"self":[{"href":"https:\/\/dev.optiphi.at\/index.php?rest_route=\/wp\/v2\/product\/99","targetHints":{"allow":["GET"]}}],"collection":[{"href":"https:\/\/dev.optiphi.at\/index.php?rest_route=\/wp\/v2\/product"}],"about":[{"href":"https:\/\/dev.optiphi.at\/index.php?rest_route=\/wp\/v2\/types\/product"}],"replies":[{"embeddable":true,"href":"https:\/\/dev.optiphi.at\/index.php?rest_route=%2Fwp%2Fv2%2Fcomments&post=99"}],"wp:featuredmedia":[{"embeddable":true,"href":"https:\/\/dev.optiphi.at\/index.php?rest_route=\/wp\/v2\/media\/142"}],"wp:attachment":[{"href":"https:\/\/dev.optiphi.at\/index.php?rest_route=%2Fwp%2Fv2%2Fmedia&parent=99"}],"wp:term":[{"taxonomy":"product_cat","embeddable":true,"href":"https:\/\/dev.optiphi.at\/index.php?rest_route=%2Fwp%2Fv2%2Fproduct_cat&post=99"},{"taxonomy":"product_tag","embeddable":true,"href":"https:\/\/dev.optiphi.at\/index.php?rest_route=%2Fwp%2Fv2%2Fproduct_tag&post=99"}],"curies":[{"name":"wp","href":"https:\/\/api.w.org\/{rel}","templated":true}]}}